{"id":155,"date":"2025-04-14T15:35:37","date_gmt":"2025-04-14T15:35:37","guid":{"rendered":"https:\/\/armazemon.com.br\/?page_id=155"},"modified":"2025-04-14T15:37:50","modified_gmt":"2025-04-14T15:37:50","slug":"politica-de-envio","status":"publish","type":"page","link":"https:\/\/armazemon.com.br\/en\/politica-de-envio\/","title":{"rendered":"Pol\u00edtica de Envio"},"content":{"rendered":"<div data-elementor-type=\"wp-page\" data-elementor-id=\"155\" class=\"elementor elementor-155\" data-elementor-post-type=\"page\">\n\t\t\t\t<div class=\"elementor-element elementor-element-40c6f89 e-flex e-con-boxed e-con e-parent\" data-id=\"40c6f89\" data-element_type=\"container\" data-e-type=\"container\">\n\t\t\t\t\t<div class=\"e-con-inner\">\n\t\t\t\t<div class=\"elementor-element elementor-element-70a7538 elementor-widget elementor-widget-text-editor\" data-id=\"70a7538\" data-element_type=\"widget\" data-e-type=\"widget\" data-widget_type=\"text-editor.default\">\n\t\t\t\t<div class=\"elementor-widget-container\">\n\t\t\t\t\t\t\t\t\t<h3 data-start=\"173\" data-end=\"205\">Pol\u00edtica de Envio \u2013 Armaz\u00e9m ON<\/h3><p class=\"\" data-start=\"207\" data-end=\"470\">A equipe do Armaz\u00e9m ON trabalha para garantir que seus produtos cheguem com seguran\u00e7a, no menor tempo poss\u00edvel e em perfeitas condi\u00e7\u00f5es. Esta Pol\u00edtica de Envio esclarece os prazos, formas de entrega e demais informa\u00e7\u00f5es importantes sobre o envio dos seus pedidos.<\/p><h4 data-start=\"472\" data-end=\"493\">1. Formas de Envio<\/h4><p class=\"\" data-start=\"495\" data-end=\"543\">Realizamos envios para todo o Brasil atrav\u00e9s de:<\/p><ul data-start=\"545\" data-end=\"605\"><li class=\"\" data-start=\"545\" data-end=\"576\"><p class=\"\" data-start=\"547\" data-end=\"576\"><strong data-start=\"547\" data-end=\"576\">Transportadoras parceiras<\/strong><\/p><\/li><li class=\"\" data-start=\"577\" data-end=\"605\"><p class=\"\" data-start=\"579\" data-end=\"605\"><strong data-start=\"579\" data-end=\"605\">Correios (PAC e Sedex)<\/strong><\/p><\/li><\/ul><p class=\"\" data-start=\"607\" data-end=\"760\">A escolha da forma de envio pode variar de acordo com a localidade, o tipo de produto, o valor do pedido e a prefer\u00eancia do cliente no momento da compra.<\/p><h4 data-start=\"762\" data-end=\"784\">2. Prazo de Entrega<\/h4><p class=\"\" data-start=\"786\" data-end=\"923\">O prazo de entrega \u00e9 estimado no momento da finaliza\u00e7\u00e3o da compra, com base na localidade de destino e na modalidade de frete escolhida.<\/p><blockquote data-start=\"925\" data-end=\"1079\"><p class=\"\" data-start=\"927\" data-end=\"1079\">\u26a0\ufe0f <strong data-start=\"930\" data-end=\"945\">Importante:<\/strong> O prazo pode variar conforme a regi\u00e3o e condi\u00e7\u00f5es log\u00edsticas, podendo levar at\u00e9 <strong data-start=\"1026\" data-end=\"1046\">30 dias corridos<\/strong> ap\u00f3s a confirma\u00e7\u00e3o do pagamento.<\/p><\/blockquote><p class=\"\" data-start=\"1081\" data-end=\"1182\">O prazo come\u00e7a a contar a partir da <strong data-start=\"1117\" data-end=\"1145\">confirma\u00e7\u00e3o do pagamento<\/strong> e <strong data-start=\"1148\" data-end=\"1181\">valida\u00e7\u00e3o dos dados do pedido<\/strong>.<\/p><h4 data-start=\"1184\" data-end=\"1214\">3. Processamento e Postagem<\/h4><ul data-start=\"1216\" data-end=\"1434\"><li class=\"\" data-start=\"1216\" data-end=\"1301\"><p class=\"\" data-start=\"1218\" data-end=\"1301\">Os pedidos s\u00e3o processados em at\u00e9 <strong data-start=\"1252\" data-end=\"1268\">2 dias \u00fateis<\/strong> ap\u00f3s a confirma\u00e7\u00e3o do pagamento.<\/p><\/li><li class=\"\" data-start=\"1302\" data-end=\"1434\"><p class=\"\" data-start=\"1304\" data-end=\"1434\">Ap\u00f3s esse prazo, o pedido \u00e9 despachado e voc\u00ea receber\u00e1 um c\u00f3digo de rastreamento por e-mail ou WhatsApp para acompanhar a entrega.<\/p><\/li><\/ul><h4 data-start=\"1436\" data-end=\"1467\">4. Acompanhamento da Entrega<\/h4><p class=\"\" data-start=\"1469\" data-end=\"1632\">Voc\u00ea poder\u00e1 acompanhar a entrega pelo nosso site ou diretamente pelo site dos Correios ou da transportadora informada, utilizando o c\u00f3digo de rastreamento enviado.<\/p><h4 data-start=\"1634\" data-end=\"1673\">5. Tentativas de Entrega e Reentrega<\/h4><ul data-start=\"1675\" data-end=\"1969\"><li class=\"\" data-start=\"1675\" data-end=\"1749\"><p class=\"\" data-start=\"1677\" data-end=\"1749\">S\u00e3o realizadas at\u00e9 <strong data-start=\"1696\" data-end=\"1726\">tr\u00eas tentativas de entrega<\/strong> no endere\u00e7o informado.<\/p><\/li><li class=\"\" data-start=\"1750\" data-end=\"1837\"><p class=\"\" data-start=\"1752\" data-end=\"1837\">Caso n\u00e3o haja sucesso, o pacote poder\u00e1 ser devolvido ao nosso centro de distribui\u00e7\u00e3o.<\/p><\/li><li class=\"\" data-start=\"1838\" data-end=\"1969\"><p class=\"\" data-start=\"1840\" data-end=\"1969\">Nesses casos, entraremos em contato para confirmar o endere\u00e7o e efetuar uma nova tentativa, podendo haver cobran\u00e7a de novo frete.<\/p><\/li><\/ul><h4 data-start=\"1971\" data-end=\"2009\">6. Endere\u00e7o Incorreto ou Incompleto<\/h4><p class=\"\" data-start=\"2011\" data-end=\"2130\">\u00c9 responsabilidade do cliente fornecer o endere\u00e7o correto e completo. Endere\u00e7os errados ou incompletos podem acarretar:<\/p><ul data-start=\"2132\" data-end=\"2216\"><li class=\"\" data-start=\"2132\" data-end=\"2154\"><p class=\"\" data-start=\"2134\" data-end=\"2154\">Atrasos na entrega<\/p><\/li><li class=\"\" data-start=\"2155\" data-end=\"2178\"><p class=\"\" data-start=\"2157\" data-end=\"2178\">Devolu\u00e7\u00e3o do pedido<\/p><\/li><li class=\"\" data-start=\"2179\" data-end=\"2216\"><p class=\"\" data-start=\"2181\" data-end=\"2216\">Cobran\u00e7a de novo frete para reenvio<\/p><\/li><\/ul><h4 data-start=\"2218\" data-end=\"2247\">7. Problemas com a Entrega<\/h4><p class=\"\" data-start=\"2249\" data-end=\"2458\">Se notar qualquer irregularidade com o pacote (ex: embalagem violada, produto danificado, item faltando), <strong data-start=\"2355\" data-end=\"2375\">recuse a entrega<\/strong> e entre em contato conosco imediatamente atrav\u00e9s dos nossos canais de atendimento.<\/p><h4 data-start=\"2460\" data-end=\"2487\">8. D\u00favidas e Atendimento<\/h4><p class=\"\" data-start=\"2489\" data-end=\"2572\">Para d\u00favidas ou informa\u00e7\u00f5es adicionais sobre sua entrega, entre em contato conosco:<\/p><p class=\"\" data-start=\"2574\" data-end=\"2703\"><strong data-start=\"2574\" data-end=\"2585\">E-mail:<\/strong> <a rel=\"noopener\" data-start=\"2586\" data-end=\"2610\">contato@armazemon.com.br<\/a><\/p>\t\t\t\t\t\t\t\t<\/div>\n\t\t\t\t<\/div>\n\t\t\t\t\t<\/div>\n\t\t\t\t<\/div>\n\t\t\t\t<\/div>","protected":false},"excerpt":{"rendered":"<p>Pol\u00edtica de Envio \u2013 Armaz\u00e9m ON A equipe do Armaz\u00e9m ON trabalha para garantir que seus produtos cheguem com seguran\u00e7a, no menor tempo poss\u00edvel e em perfeitas condi\u00e7\u00f5es. Esta Pol\u00edtica<\/p>","protected":false},"author":2,"featured_media":0,"parent":0,"menu_order":0,"comment_status":"closed","ping_status":"closed","template":"","meta":{"_acf_changed":false,"footnotes":""},"class_list":["post-155","page","type-page","status-publish","hentry"],"acf":[],"_links":{"self":[{"href":"https:\/\/armazemon.com.br\/en\/wp-json\/wp\/v2\/pages\/155","targetHints":{"allow":["GET"]}}],"collection":[{"href":"https:\/\/armazemon.com.br\/en\/wp-json\/wp\/v2\/pages"}],"about":[{"href":"https:\/\/armazemon.com.br\/en\/wp-json\/wp\/v2\/types\/page"}],"author":[{"embeddable":true,"href":"https:\/\/armazemon.com.br\/en\/wp-json\/wp\/v2\/users\/2"}],"replies":[{"embeddable":true,"href":"https:\/\/armazemon.com.br\/en\/wp-json\/wp\/v2\/comments?post=155"}],"version-history":[{"count":5,"href":"https:\/\/armazemon.com.br\/en\/wp-json\/wp\/v2\/pages\/155\/revisions"}],"predecessor-version":[{"id":5546,"href":"https:\/\/armazemon.com.br\/en\/wp-json\/wp\/v2\/pages\/155\/revisions\/5546"}],"wp:attachment":[{"href":"https:\/\/armazemon.com.br\/en\/wp-json\/wp\/v2\/media?parent=155"}],"curies":[{"name":"wp","href":"https:\/\/api.w.org\/{rel}","templated":true}]}}