{"id":170,"date":"2025-04-14T16:05:25","date_gmt":"2025-04-14T16:05:25","guid":{"rendered":"https:\/\/armazemon.com.br\/?page_id=170"},"modified":"2025-04-14T16:08:24","modified_gmt":"2025-04-14T16:08:24","slug":"politica-de-pagamento","status":"publish","type":"page","link":"https:\/\/armazemon.com.br\/en\/politica-de-pagamento\/","title":{"rendered":"Pol\u00edtica de Pagamento"},"content":{"rendered":"<div data-elementor-type=\"wp-page\" data-elementor-id=\"170\" class=\"elementor elementor-170\" data-elementor-post-type=\"page\">\n\t\t\t\t<div class=\"elementor-element elementor-element-a72e215 e-flex e-con-boxed e-con e-parent\" data-id=\"a72e215\" data-element_type=\"container\" data-e-type=\"container\">\n\t\t\t\t\t<div class=\"e-con-inner\">\n\t\t\t\t<div class=\"elementor-element elementor-element-5436c80 elementor-widget elementor-widget-text-editor\" data-id=\"5436c80\" data-element_type=\"widget\" data-e-type=\"widget\" data-widget_type=\"text-editor.default\">\n\t\t\t\t<div class=\"elementor-widget-container\">\n\t\t\t\t\t\t\t\t\t<h4 data-start=\"212\" data-end=\"248\">Pol\u00edtica de Pagamento \u2013 Armaz\u00e9m ON<\/h4>\n<p class=\"\" data-start=\"250\" data-end=\"535\">Para oferecer seguran\u00e7a, praticidade e diversas op\u00e7\u00f5es na hora da compra, o <strong data-start=\"326\" data-end=\"340\">Armaz\u00e9m ON<\/strong> utiliza o <strong data-start=\"351\" data-end=\"367\">Mercado Pago<\/strong> como intermediador oficial de pagamentos. Abaixo voc\u00ea encontra todos os m\u00e9todos aceitos, prazos de confirma\u00e7\u00e3o e informa\u00e7\u00f5es importantes sobre o processo de pagamento.<\/p>\n<h4 data-start=\"537\" data-end=\"569\">1. Meios de Pagamento Aceitos<\/h4>\n<p class=\"\" data-start=\"571\" data-end=\"640\">Por meio do Mercado Pago, aceitamos as seguintes formas de pagamento:<\/p>\n<h4 data-start=\"642\" data-end=\"666\"><img decoding=\"async\" draggable=\"false\" role=\"img\" class=\"emoji\" alt=\"\ud83d\udcb3\" src=\"https:\/\/s.w.org\/images\/core\/emoji\/15.0.3\/svg\/1f4b3.svg\"> Cart\u00e3o de Cr\u00e9dito<\/h4>\n<ul data-start=\"667\" data-end=\"958\">\n<li class=\"\" data-start=\"667\" data-end=\"767\">\n<p class=\"\" data-start=\"669\" data-end=\"767\">Parcelamento em at\u00e9 <strong data-start=\"689\" data-end=\"696\">12x<\/strong>, com ou sem juros (conforme valor do pedido e condi\u00e7\u00f5es promocionais).<\/p>\n<\/li>\n<li class=\"\" data-start=\"768\" data-end=\"869\">\n<p class=\"\" data-start=\"770\" data-end=\"869\">Cart\u00f5es aceitos: <strong data-start=\"787\" data-end=\"854\">Visa, MasterCard, American Express, Elo, Hipercard, Diners Club<\/strong>, entre outros.<\/p>\n<\/li>\n<li class=\"\" data-start=\"870\" data-end=\"958\">\n<p class=\"\" data-start=\"872\" data-end=\"958\">Confirma\u00e7\u00e3o do pagamento: <strong data-start=\"898\" data-end=\"924\">imediata ou em at\u00e9 48h<\/strong> (em casos de an\u00e1lise antifraude).<\/p>\n<\/li>\n<\/ul>\n<h4 data-start=\"960\" data-end=\"982\"><img decoding=\"async\" draggable=\"false\" role=\"img\" class=\"emoji\" alt=\"\ud83e\uddfe\" src=\"https:\/\/s.w.org\/images\/core\/emoji\/15.0.3\/svg\/1f9fe.svg\"> Boleto Banc\u00e1rio<\/h4>\n<ul data-start=\"983\" data-end=\"1170\">\n<li class=\"\" data-start=\"983\" data-end=\"1065\">\n<p class=\"\" data-start=\"985\" data-end=\"1065\">O boleto pode ser pago em qualquer banco, casa lot\u00e9rica ou via internet banking.<\/p>\n<\/li>\n<li class=\"\" data-start=\"1066\" data-end=\"1132\">\n<p class=\"\" data-start=\"1068\" data-end=\"1132\"><strong data-start=\"1068\" data-end=\"1093\">Prazo de compensa\u00e7\u00e3o:<\/strong> at\u00e9 <strong data-start=\"1098\" data-end=\"1114\">3 dias \u00fateis<\/strong> ap\u00f3s o pagamento.<\/p>\n<\/li>\n<li class=\"\" data-start=\"1133\" data-end=\"1170\">\n<p class=\"\" data-start=\"1135\" data-end=\"1170\">N\u00e3o \u00e9 poss\u00edvel parcelar por boleto.<\/p>\n<\/li>\n<\/ul>\n<h4 data-start=\"1172\" data-end=\"1182\"><img decoding=\"async\" draggable=\"false\" role=\"img\" class=\"emoji\" alt=\"\ud83d\udcb5\" src=\"https:\/\/s.w.org\/images\/core\/emoji\/15.0.3\/svg\/1f4b5.svg\"> Pix a vista ou Parcelado<\/h4>\n<ul data-start=\"1183\" data-end=\"1292\">\n<li class=\"\" data-start=\"1183\" data-end=\"1232\">\n<p class=\"\" data-start=\"1185\" data-end=\"1232\">Pagamento instant\u00e2neo via chave Pix ou QR Code.<\/p>\n<\/li>\n<li class=\"\" data-start=\"1233\" data-end=\"1292\">\n<p class=\"\" data-start=\"1235\" data-end=\"1292\"><strong data-start=\"1235\" data-end=\"1259\">Confirma\u00e7\u00e3o imediata<\/strong>, 24h por dia, 7 dias por semana.<\/p>\n<\/li>\n<\/ul>\n<h4 data-start=\"1294\" data-end=\"1337\"><img decoding=\"async\" draggable=\"false\" role=\"img\" class=\"emoji\" alt=\"\ud83c\udfe6\" src=\"https:\/\/s.w.org\/images\/core\/emoji\/15.0.3\/svg\/1f3e6.svg\"> D\u00e9bito em Conta (para alguns bancos)<\/h4>\n<ul data-start=\"1338\" data-end=\"1484\">\n<li class=\"\" data-start=\"1338\" data-end=\"1410\">\n<p class=\"\" data-start=\"1340\" data-end=\"1410\">Dispon\u00edvel de acordo com a integra\u00e7\u00e3o do seu banco com o Mercado Pago.<\/p>\n<\/li>\n<li class=\"\" data-start=\"1411\" data-end=\"1484\">\n<p class=\"\" data-start=\"1413\" data-end=\"1484\">Pagamento direto da sua conta corrente, com confirma\u00e7\u00e3o quase imediata.<\/p>\n<\/li>\n<\/ul>\n<h4 data-start=\"1486\" data-end=\"1511\"><img decoding=\"async\" draggable=\"false\" role=\"img\" class=\"emoji\" alt=\"\ud83d\udcbc\" src=\"https:\/\/s.w.org\/images\/core\/emoji\/15.0.3\/svg\/1f4bc.svg\"> Saldo Mercado Pago<\/h4>\n<ul data-start=\"1512\" data-end=\"1597\">\n<li class=\"\" data-start=\"1512\" data-end=\"1573\">\n<p class=\"\" data-start=\"1514\" data-end=\"1573\">Para clientes com conta no Mercado Pago e saldo dispon\u00edvel.<\/p>\n<\/li>\n<li class=\"\" data-start=\"1574\" data-end=\"1597\">\n<p class=\"\" data-start=\"1576\" data-end=\"1597\">Confirma\u00e7\u00e3o imediata.<\/p>\n<\/li>\n<\/ul>\n<h4 data-start=\"1599\" data-end=\"1629\">2. Seguran\u00e7a nas Transa\u00e7\u00f5es<\/h4>\n<p class=\"\" data-start=\"1631\" data-end=\"1882\">Todas as transa\u00e7\u00f5es s\u00e3o processadas com tecnologia de criptografia e sistemas de seguran\u00e7a do <strong data-start=\"1725\" data-end=\"1741\">Mercado Pago<\/strong>, garantindo a prote\u00e7\u00e3o dos seus dados financeiros. Nenhuma informa\u00e7\u00e3o banc\u00e1ria ou de cart\u00e3o de cr\u00e9dito fica armazenada em nossos servidores.<\/p>\n<h4 data-start=\"1884\" data-end=\"1911\">3. An\u00e1lise e Confirma\u00e7\u00e3o<\/h4>\n<p class=\"\" data-start=\"1913\" data-end=\"2107\">Em alguns casos, o Mercado Pago poder\u00e1 realizar uma <strong data-start=\"1965\" data-end=\"1989\">an\u00e1lise de seguran\u00e7a<\/strong> para evitar fraudes. Isso pode levar at\u00e9 <strong data-start=\"2031\" data-end=\"2038\">48h<\/strong>, especialmente em compras de alto valor ou com dados inconsistentes.<\/p>\n<h4 data-start=\"2109\" data-end=\"2139\">4. Cancelamentos e Estornos<\/h4>\n<ul data-start=\"2141\" data-end=\"2528\">\n<li class=\"\" data-start=\"2141\" data-end=\"2261\">\n<p class=\"\" data-start=\"2143\" data-end=\"2261\"><strong data-start=\"2143\" data-end=\"2199\">Pedidos pagos por Pix, boleto ou saldo Mercado Pago:<\/strong> o valor ser\u00e1 devolvido na conta do Mercado Pago do comprador.<\/p>\n<\/li>\n<li class=\"\" data-start=\"2262\" data-end=\"2407\">\n<p class=\"\" data-start=\"2264\" data-end=\"2407\"><strong data-start=\"2264\" data-end=\"2298\">Pedidos com cart\u00e3o de cr\u00e9dito:<\/strong> o estorno ser\u00e1 solicitado \u00e0 operadora do cart\u00e3o e poder\u00e1 levar at\u00e9 <strong data-start=\"2366\" data-end=\"2379\">2 faturas<\/strong> para aparecer como cr\u00e9dito.<\/p>\n<\/li>\n<li class=\"\" data-start=\"2408\" data-end=\"2528\">\n<p class=\"\" data-start=\"2410\" data-end=\"2528\">Cancelamentos e reembolsos seguem nossa <strong data-start=\"2450\" data-end=\"2485\">Pol\u00edtica de Trocas e Devolu\u00e7\u00f5es<\/strong> e s\u00e3o realizados ap\u00f3s an\u00e1lise e aprova\u00e7\u00e3o.<\/p>\n<\/li>\n<\/ul>\n<h4 data-start=\"2530\" data-end=\"2560\">5. D\u00favidas sobre Pagamento?<\/h4>\n<p class=\"\" data-start=\"2562\" data-end=\"2660\">Se voc\u00ea tiver qualquer d\u00favida ou problema com seu pagamento, nossa equipe est\u00e1 pronta para ajudar:<\/p>\n<p class=\"\" data-start=\"2662\" data-end=\"2794\"><strong data-start=\"2662\" data-end=\"2673\">E-mail:<\/strong> <a rel=\"noopener\" data-start=\"2674\" data-end=\"2701\">contato@armazemon.com.br<\/a><\/p>\t\t\t\t\t\t\t\t<\/div>\n\t\t\t\t<\/div>\n\t\t\t\t\t<\/div>\n\t\t\t\t<\/div>\n\t\t\t\t<\/div>","protected":false},"excerpt":{"rendered":"<p>Pol\u00edtica de Pagamento \u2013 Armaz\u00e9m ON Para oferecer seguran\u00e7a, praticidade e diversas op\u00e7\u00f5es na hora da compra, o Armaz\u00e9m ON utiliza o Mercado Pago como intermediador oficial de pagamentos. Abaixo<\/p>","protected":false},"author":2,"featured_media":0,"parent":0,"menu_order":0,"comment_status":"closed","ping_status":"closed","template":"","meta":{"_acf_changed":false,"footnotes":""},"class_list":["post-170","page","type-page","status-publish","hentry"],"acf":[],"_links":{"self":[{"href":"https:\/\/armazemon.com.br\/en\/wp-json\/wp\/v2\/pages\/170","targetHints":{"allow":["GET"]}}],"collection":[{"href":"https:\/\/armazemon.com.br\/en\/wp-json\/wp\/v2\/pages"}],"about":[{"href":"https:\/\/armazemon.com.br\/en\/wp-json\/wp\/v2\/types\/page"}],"author":[{"embeddable":true,"href":"https:\/\/armazemon.com.br\/en\/wp-json\/wp\/v2\/users\/2"}],"replies":[{"embeddable":true,"href":"https:\/\/armazemon.com.br\/en\/wp-json\/wp\/v2\/comments?post=170"}],"version-history":[{"count":4,"href":"https:\/\/armazemon.com.br\/en\/wp-json\/wp\/v2\/pages\/170\/revisions"}],"predecessor-version":[{"id":174,"href":"https:\/\/armazemon.com.br\/en\/wp-json\/wp\/v2\/pages\/170\/revisions\/174"}],"wp:attachment":[{"href":"https:\/\/armazemon.com.br\/en\/wp-json\/wp\/v2\/media?parent=170"}],"curies":[{"name":"wp","href":"https:\/\/api.w.org\/{rel}","templated":true}]}}