{"id":5427,"date":"2025-08-22T17:40:46","date_gmt":"2025-08-22T17:40:46","guid":{"rendered":"https:\/\/armazemon.com.br\/produto\/cuba-de-embutir-lavinia-56-bl-em-aco-inox-acetinado-56x34-cm-tramontina\/"},"modified":"2025-12-24T17:36:59","modified_gmt":"2025-12-24T17:36:59","slug":"cuba-de-embutir-lavinia-56-bl-em-aco-inox-acetinado-56x34-cm-tramontina","status":"publish","type":"product","link":"https:\/\/armazemon.com.br\/en\/product\/cuba-de-embutir-lavinia-56-bl-em-aco-inox-acetinado-56x34-cm-tramontina\/","title":{"rendered":"Cuba de embutir Lav\u00ednia 56 BL A\u00e7o Inox Acetinado 56&#215;34 cm"},"content":{"rendered":"<p>\u00a0<\/p>\n<p>Instala\u00e7\u00e3o: Embutir<\/p>\n<p>Material: A\u00e7o Inox AISI 304 com 0,6 mm de espessura e acabamento acetinado<\/p>\n<p>Acompanha v\u00e1lvula de \u00d8 4 1\/2&#8243;<\/p>\n<p>Profundidade da cuba: 170 mm<\/p>\n<p>Capacidade: 29 L<\/p>\n<p>Manta adesiva anti-ru\u00eddo: sim<\/p>\n<p>Todas as imagens s\u00e3o meramente ilustrativas<\/p>\n<p>ITENS INCLUSOS:<\/p>\n<p>1 Cuba<\/p>\n<p>1 V\u00e1lvula de \u00d8 4 1\/2&#8243;<\/p>","protected":false},"excerpt":{"rendered":"<p>DESCRI\u00c7\u00c3O:<\/p>\n<p>Fabricada em A\u00e7o Inox 304, com 0,6 mm de espessura e acabamento acetinado, garante durabilidade e resist\u00eancia. A Cuba possui borda lisa para instala\u00e7\u00e3o por baixo da bancada e 17 cm de profundidade. <br \/>A Tramontina oferece \u00e0 voc\u00ea produtos pr\u00e1ticos e de qualidade para deixar seus momentos na cozinha espetaculares! <\/p>\n<p>DADOS T\u00c9CNICOS:<\/p>\n<p>Instala\u00e7\u00e3o: Embutir <br \/>Material: A\u00e7o Inox AISI 304 com 0,6 mm de espessura e acabamento acetinado <br \/>Acompanha v\u00e1lvula de \u00d8 4 1\/2&#8243; <br \/>Profundidade da cuba: 170 mm <br \/>Capacidade: 29 L <br \/>Manta adesiva anti-ru\u00eddo: sim <br \/>Todas as imagens s\u00e3o meramente ilustrativas <\/p>\n<p>ITENS INCLUSOS:<\/p>\n<p>1 Cuba <br \/>1 V\u00e1lvula de \u00d8 4 1\/2&#8243;<\/p>","protected":false},"featured_media":5507,"comment_status":"open","ping_status":"closed","template":"","meta":{"_acf_changed":false},"product_brand":[188],"product_cat":[57],"product_tag":[],"class_list":{"0":"post-5427","1":"product","2":"type-product","3":"status-publish","4":"has-post-thumbnail","6":"product_brand-tramontina","7":"product_cat-casa-e-decoracao","9":"first","10":"outofstock","11":"featured","12":"shipping-taxable","13":"purchasable","14":"product-type-simple"},"acf":[],"_links":{"self":[{"href":"https:\/\/armazemon.com.br\/en\/wp-json\/wp\/v2\/product\/5427","targetHints":{"allow":["GET"]}}],"collection":[{"href":"https:\/\/armazemon.com.br\/en\/wp-json\/wp\/v2\/product"}],"about":[{"href":"https:\/\/armazemon.com.br\/en\/wp-json\/wp\/v2\/types\/product"}],"replies":[{"embeddable":true,"href":"https:\/\/armazemon.com.br\/en\/wp-json\/wp\/v2\/comments?post=5427"}],"wp:featuredmedia":[{"embeddable":true,"href":"https:\/\/armazemon.com.br\/en\/wp-json\/wp\/v2\/media\/5507"}],"wp:attachment":[{"href":"https:\/\/armazemon.com.br\/en\/wp-json\/wp\/v2\/media?parent=5427"}],"wp:term":[{"taxonomy":"product_brand","embeddable":true,"href":"https:\/\/armazemon.com.br\/en\/wp-json\/wp\/v2\/product_brand?post=5427"},{"taxonomy":"product_cat","embeddable":true,"href":"https:\/\/armazemon.com.br\/en\/wp-json\/wp\/v2\/product_cat?post=5427"},{"taxonomy":"product_tag","embeddable":true,"href":"https:\/\/armazemon.com.br\/en\/wp-json\/wp\/v2\/product_tag?post=5427"}],"curies":[{"name":"wp","href":"https:\/\/api.w.org\/{rel}","templated":true}]}}