{"id":5431,"date":"2025-08-22T17:40:55","date_gmt":"2025-08-22T17:40:55","guid":{"rendered":"https:\/\/armazemon.com.br\/produto\/kit-cuba-tramontina-dora-50-em-aco-inox\/"},"modified":"2025-12-24T17:36:57","modified_gmt":"2025-12-24T17:36:57","slug":"kit-cuba-tramontina-dora-50-em-aco-inox","status":"publish","type":"product","link":"https:\/\/armazemon.com.br\/en\/product\/kit-cuba-tramontina-dora-50-em-aco-inox\/","title":{"rendered":"Kit Cuba Tramontina Dora 50 em A\u00e7o Inox"},"content":{"rendered":"<p>DESCRI\u00c7\u00c3O:<\/p>\n<p>\u00c9 produzida em a\u00e7o inox com acabamento acetinado, tem profundidade de 20 cm e raio de 6 cm, atributos que facilitam sua limpeza e a tornam muito funcional.<\/p>\n<p>Acompanha v\u00e1lvula, uma t\u00e1bua de madeira, um cesto coador e um dosador de a\u00e7o inox, todos eles, acess\u00f3rios que agregam praticidade nas suas tarefas e deixam seu espa\u00e7o muito mais organizado!<\/p>\n<p>DADOS T\u00c9CNICOS:<\/p>\n<p>Material: A\u00e7o Inox AISI 304<\/p>\n<p>Instala\u00e7\u00e3o: Embutir<\/p>\n<p>Acabamento acetinado 0,8 mm de espessura<\/p>\n<p>Acompanha: &#8211; V\u00e1lvula de \u00d8 4 1\/2&#8243; &#8211; Cesto Coador em a\u00e7o inox &#8211; Dosador de sab\u00e3o 500 ml &#8211; T\u00e1bua em madeira Profundidade da cuba 200 mm<\/p>\n<p>Capacidade: 37 L<\/p>\n<p>Manta adesiva anti-ru\u00eddo: sim<\/p>\n<p>Todas as imagens s\u00e3o meramente ilustrativas.<\/p>\n<p>Profundidade da cuba 200 mm<\/p>\n<p>ITENS INCLUSOS:<\/p>\n<p>1 Cuba<\/p>\n<p>1 V\u00e1lvula de \u00d8 4 1\/2&#8243;<\/p>\n<p>1 Cesto Coador em a\u00e7o inox<\/p>\n<p>1 Dosador de sab\u00e3o 500 ml<\/p>\n<p>1 T\u00e1bua em madeira<\/p>","protected":false},"excerpt":{"rendered":"<p>DESCRI\u00c7\u00c3O:<\/p>\n<p>\u00c9 produzida em a\u00e7o inox com acabamento acetinado, tem profundidade de 20 cm e raio de 6 cm, atributos que facilitam sua limpeza e a tornam muito funcional.<\/p>\n<p>Acompanha v\u00e1lvula, uma t\u00e1bua de madeira, um cesto coador e um dosador de a\u00e7o inox, todos eles, acess\u00f3rios que agregam praticidade nas suas tarefas e deixam seu espa\u00e7o muito mais organizado!<\/p>\n<p>DADOS T\u00c9CNICOS:<\/p>\n<p>Material: A\u00e7o Inox AISI 304<\/p>\n<p>Instala\u00e7\u00e3o: Embutir<\/p>\n<p>Acabamento acetinado 0,8 mm de espessura<\/p>\n<p>Acompanha: &#8211; V\u00e1lvula de \u00d8 4 1\/2&#8243; &#8211; Cesto Coador em a\u00e7o inox &#8211; Dosador de sab\u00e3o 500 ml &#8211; T\u00e1bua em madeira Profundidade da cuba 200 mm<\/p>\n<p>Capacidade: 37 L<\/p>\n<p>Manta adesiva anti-ru\u00eddo: sim<\/p>\n<p>Todas as imagens s\u00e3o meramente ilustrativas.<\/p>\n<p>Profundidade da cuba 200 mm<\/p>\n<p>ITENS INCLUSOS:<\/p>\n<p>1 Cuba<\/p>\n<p>1 V\u00e1lvula de \u00d8 4 1\/2&#8243;<\/p>\n<p>1 Cesto Coador em a\u00e7o inox<\/p>\n<p>1 Dosador de sab\u00e3o 500 ml<\/p>\n<p>1 T\u00e1bua em madeira<\/p>","protected":false},"featured_media":5428,"comment_status":"open","ping_status":"closed","template":"","meta":{"_acf_changed":false},"product_brand":[188],"product_cat":[187],"product_tag":[],"class_list":{"0":"post-5431","1":"product","2":"type-product","3":"status-publish","4":"has-post-thumbnail","6":"product_brand-tramontina","7":"product_cat-cubas-de-inox-moveis-para-cozinha","9":"first","10":"instock","11":"featured","12":"shipping-taxable","13":"purchasable","14":"product-type-simple"},"acf":[],"_links":{"self":[{"href":"https:\/\/armazemon.com.br\/en\/wp-json\/wp\/v2\/product\/5431","targetHints":{"allow":["GET"]}}],"collection":[{"href":"https:\/\/armazemon.com.br\/en\/wp-json\/wp\/v2\/product"}],"about":[{"href":"https:\/\/armazemon.com.br\/en\/wp-json\/wp\/v2\/types\/product"}],"replies":[{"embeddable":true,"href":"https:\/\/armazemon.com.br\/en\/wp-json\/wp\/v2\/comments?post=5431"}],"wp:featuredmedia":[{"embeddable":true,"href":"https:\/\/armazemon.com.br\/en\/wp-json\/wp\/v2\/media\/5428"}],"wp:attachment":[{"href":"https:\/\/armazemon.com.br\/en\/wp-json\/wp\/v2\/media?parent=5431"}],"wp:term":[{"taxonomy":"product_brand","embeddable":true,"href":"https:\/\/armazemon.com.br\/en\/wp-json\/wp\/v2\/product_brand?post=5431"},{"taxonomy":"product_cat","embeddable":true,"href":"https:\/\/armazemon.com.br\/en\/wp-json\/wp\/v2\/product_cat?post=5431"},{"taxonomy":"product_tag","embeddable":true,"href":"https:\/\/armazemon.com.br\/en\/wp-json\/wp\/v2\/product_tag?post=5431"}],"curies":[{"name":"wp","href":"https:\/\/api.w.org\/{rel}","templated":true}]}}