{"id":5435,"date":"2025-08-22T17:41:03","date_gmt":"2025-08-22T17:41:03","guid":{"rendered":"https:\/\/armazemon.com.br\/produto\/cuba-de-embutir-sobrepor-tramontina-isis-2c-34-28-bs-em-aco-inox-acetinado-69x40-com-2-cubas\/"},"modified":"2025-12-06T00:11:17","modified_gmt":"2025-12-06T00:11:17","slug":"cuba-de-embutir-sobrepor-tramontina-isis-2c-34-28-bs-em-aco-inox-acetinado-69x40-com-2-cubas","status":"publish","type":"product","link":"https:\/\/armazemon.com.br\/en\/product\/cuba-de-embutir-sobrepor-tramontina-isis-2c-34-28-bs-em-aco-inox-acetinado-69x40-com-2-cubas\/","title":{"rendered":"Tramontina Perfecta Isis 2c 34-28 Bs Em A\u00e7o Inox 69.2&#215;40.7cm"},"content":{"rendered":"<p>\u00a0<\/p>\n<p>Material: A\u00e7o Inox AISI 304<\/p>\n<p>Instala\u00e7\u00e3o: Embutir ou sobrepor<\/p>\n<p>Acabamento: Acetinado<\/p>\n<p>Espessura: 0,7 mm<\/p>\n<p>Profundidade da cuba: 140 mm<\/p>\n<p>Capacidade: 16 + 12,5 L<\/p>\n<p>Acompanham 2 v\u00e1lvulas de \u00d8 4 1\/2&#8243;<\/p>\n<p>ITENS INCLUSOS:<\/p>\n<p>1 Cuba<\/p>\n<p>2 V\u00e1lvulas de \u00d8 4 1\/2&#8243;<\/p>","protected":false},"excerpt":{"rendered":"<p>A Cuba Dupla Isis foi projetada para oferecer funcionalidade e praticidade para uso di\u00e1rio.<\/p>\n<p>Ideal para todos os tipos de cozinha por oferecer uma boa otimiza\u00e7\u00e3o dos espa\u00e7os sem renunciar \u00e0s vantagens de uma cuba dupla.<\/p>\n<p>Conta com 14cm de profundidade por cuba, tamanho suficiente para manusear as lou\u00e7as confortavelmente.<\/p>\n<p>E a instala\u00e7\u00e3o pode ser realizada por cima ou por baixo da bancada escolha o modo que mais se adapta com o projeto da sua cozinha<\/p>\n<p>Fabricada em a\u00e7o inox, espessura de 0,7 mm e acabamento acetinado garantindo durabilidade e resist\u00eancia.<\/p>\n<p>Gostou? Clique e garanta agora mesmo a sua!!!!<\/p>\n<p>Caracter\u00edsticas do Produto:<\/p>\n<p>Material da Estrutura: A\u00e7o Inox AISI 304<\/p>\n<p>Acabamento do Produto: Acetinado<\/p>\n<p>Espessura do Produto: 0,7 mm<\/p>\n<p>Profundidade da Cuba: 14 cm<\/p>\n<p>Capacidade da Cuba: 16 L e 12,50 L<\/p>\n<p>Tipo de Instala\u00e7\u00e3o: Embutir\/Sobrepor<\/p>\n<p>Acompanham 2 v\u00e1lvulas de: \u00d8 4 1\/2&#8243;<\/p>\n<p>N\u00e3o Acompanha Sif\u00e3o<\/p>\n<p>Dimens\u00f5es do Produto (CxL): 69&#215;40 cm<\/p>\n<p>Peso: 2,75 kg<\/p>\n<p>* Todas as imagens s\u00e3o meramente ilustrativas.<\/p>\n<p>* Verifique as medidas, o local onde pretende instalar.<\/p>\n<p>* \u00c9 necess\u00e1rio contratar o servi\u00e7o de um profissional qualificado.<\/p>\n<p>* Montagem, desmontagem e outras instala\u00e7\u00f5es ser\u00e3o de responsabilidades do cliente.<\/p>\n<p>Recomenda\u00e7\u00f5es de Uso: Para um perfeito funcionamento da cuba, montar inicialmente a v\u00e1lvula.<\/p>\n<p>Remover a etiqueta colada na pia.<\/p>\n<p>Limpar a cuba com detergentes normais neutros.<\/p>\n<p>Usar somente esponja macia ou pano para lavar a pia.<\/p>\n<p>Esta pe\u00e7a cont\u00e9m bordas cortantes. Manusear com cuidado.<\/p>\n<p>N\u00e3o usar \u00e1cido muri\u00e1tico, \u00e1gua sanit\u00e1ria ou qualquer outro solvente para lavar objetos na pia.<\/p>\n<p>Na reforma ou constru\u00e7\u00e3o, proteger a cuba para n\u00e3o deixar sobre a mesma poeira de cimento ou gesso.<\/p>\n<p>Enxaguar e secar bem a pe\u00e7a ap\u00f3s o uso.<\/p>\n<p>Nunca deixar objetos met\u00e1licos sobre a pe\u00e7a por per\u00edodos muito longos, para evitar a corros\u00e3o.<\/p>","protected":false},"featured_media":5509,"comment_status":"open","ping_status":"closed","template":"","meta":{"_acf_changed":false},"product_brand":[188],"product_cat":[57],"product_tag":[],"class_list":{"0":"post-5435","1":"product","2":"type-product","3":"status-publish","4":"has-post-thumbnail","6":"product_brand-tramontina","7":"product_cat-casa-e-decoracao","9":"first","10":"outofstock","11":"featured","12":"shipping-taxable","13":"purchasable","14":"product-type-simple"},"acf":[],"_links":{"self":[{"href":"https:\/\/armazemon.com.br\/en\/wp-json\/wp\/v2\/product\/5435","targetHints":{"allow":["GET"]}}],"collection":[{"href":"https:\/\/armazemon.com.br\/en\/wp-json\/wp\/v2\/product"}],"about":[{"href":"https:\/\/armazemon.com.br\/en\/wp-json\/wp\/v2\/types\/product"}],"replies":[{"embeddable":true,"href":"https:\/\/armazemon.com.br\/en\/wp-json\/wp\/v2\/comments?post=5435"}],"wp:featuredmedia":[{"embeddable":true,"href":"https:\/\/armazemon.com.br\/en\/wp-json\/wp\/v2\/media\/5509"}],"wp:attachment":[{"href":"https:\/\/armazemon.com.br\/en\/wp-json\/wp\/v2\/media?parent=5435"}],"wp:term":[{"taxonomy":"product_brand","embeddable":true,"href":"https:\/\/armazemon.com.br\/en\/wp-json\/wp\/v2\/product_brand?post=5435"},{"taxonomy":"product_cat","embeddable":true,"href":"https:\/\/armazemon.com.br\/en\/wp-json\/wp\/v2\/product_cat?post=5435"},{"taxonomy":"product_tag","embeddable":true,"href":"https:\/\/armazemon.com.br\/en\/wp-json\/wp\/v2\/product_tag?post=5435"}],"curies":[{"name":"wp","href":"https:\/\/api.w.org\/{rel}","templated":true}]}}