{"id":5439,"date":"2025-08-22T17:41:09","date_gmt":"2025-08-22T17:41:09","guid":{"rendered":"https:\/\/armazemon.com.br\/produto\/cuba-de-embutir-tramontina-dora-50-bl-r6-em-aco-inox-acetinado-com-valvula-50x40-cm\/"},"modified":"2025-12-24T17:36:55","modified_gmt":"2025-12-24T17:36:55","slug":"cuba-de-embutir-tramontina-dora-50-bl-r6-em-aco-inox-acetinado-com-valvula-50x40-cm","status":"publish","type":"product","link":"https:\/\/armazemon.com.br\/en\/product\/cuba-de-embutir-tramontina-dora-50-bl-r6-em-aco-inox-acetinado-com-valvula-50x40-cm\/","title":{"rendered":"Cuba de Embutir Tramontina Dora 50 BL R6 em A\u00e7o Inox Acetinado com V\u00e1lvula 50&#215;40 cm"},"content":{"rendered":"<p>DESCRI\u00c7\u00c3O:<\/p>\n<p>Ela \u00e9 produzida em a\u00e7o inox com acabamento acetinado, tem profundidade de 200 mil\u00edmetros e raio de 60 mm, atributos que facilitam sua limpeza e a tornam muito funcional.<\/p>\n<p>Vem acompanhada de v\u00e1lvula de 4 1\/2&#8221; de di\u00e2metro e possui bordas lisas, perfeitas para instala\u00e7\u00e3o por baixo de bancadas.<\/p>\n<p>Com a Tramontina, voc\u00ea tem os melhores itens para facilitar e otimizar sua rotina!<\/p>\n<p>DADOS T\u00c9CNICOS:<\/p>\n<p>Material: A\u00e7o Inox AISI 304<\/p>\n<p>Instala\u00e7\u00e3o: Embutir<\/p>\n<p>Acabamento: acetinado<\/p>\n<p>Espessura: 0,8 mm<\/p>\n<p>Acompanha v\u00e1lvula de \u00d8 4 1\/2&#8243;<\/p>\n<p>Profundidade da cuba: 200 mm<\/p>\n<p>Capacidade: 37 L<\/p>\n<p>Manta adesiva anti-ru\u00eddo: sim<\/p>\n<p>Todas as imagens s\u00e3o meramente ilustrativas.<\/p>\n<p>ITENS INCLUSOS:<\/p>\n<p>1 Cuba<\/p>\n<p>1 V\u00e1lvula de \u00d8 4 1\/2&#8243;<\/p>","protected":false},"excerpt":{"rendered":"<p>DESCRI\u00c7\u00c3O:<\/p>\n<p>Ela \u00e9 produzida em a\u00e7o inox com acabamento acetinado, tem profundidade de 200 mil\u00edmetros e raio de 60 mm, atributos que facilitam sua limpeza e a tornam muito funcional.<\/p>\n<p>Vem acompanhada de v\u00e1lvula de 4 1\/2&#8221; de di\u00e2metro e possui bordas lisas, perfeitas para instala\u00e7\u00e3o por baixo de bancadas.<\/p>\n<p>Com a Tramontina, voc\u00ea tem os melhores itens para facilitar e otimizar sua rotina!<\/p>\n<p>DADOS T\u00c9CNICOS:<\/p>\n<p>Material: A\u00e7o Inox AISI 304<\/p>\n<p>Instala\u00e7\u00e3o: Embutir<\/p>\n<p>Acabamento: acetinado<\/p>\n<p>Espessura: 0,8 mm<\/p>\n<p>Acompanha v\u00e1lvula de \u00d8 4 1\/2&#8243;<\/p>\n<p>Profundidade da cuba: 200 mm<\/p>\n<p>Capacidade: 37 L<\/p>\n<p>Manta adesiva anti-ru\u00eddo: sim<\/p>\n<p>Todas as imagens s\u00e3o meramente ilustrativas.<\/p>\n<p>ITENS INCLUSOS:<\/p>\n<p>1 Cuba<\/p>\n<p>1 V\u00e1lvula de \u00d8 4 1\/2&#8243;<\/p>","protected":false},"featured_media":5436,"comment_status":"open","ping_status":"closed","template":"","meta":{"_acf_changed":false},"product_brand":[188],"product_cat":[187],"product_tag":[],"class_list":{"0":"post-5439","1":"product","2":"type-product","3":"status-publish","4":"has-post-thumbnail","6":"product_brand-tramontina","7":"product_cat-cubas-de-inox-moveis-para-cozinha","9":"first","10":"instock","11":"sale","12":"featured","13":"shipping-taxable","14":"purchasable","15":"product-type-simple"},"acf":[],"_links":{"self":[{"href":"https:\/\/armazemon.com.br\/en\/wp-json\/wp\/v2\/product\/5439","targetHints":{"allow":["GET"]}}],"collection":[{"href":"https:\/\/armazemon.com.br\/en\/wp-json\/wp\/v2\/product"}],"about":[{"href":"https:\/\/armazemon.com.br\/en\/wp-json\/wp\/v2\/types\/product"}],"replies":[{"embeddable":true,"href":"https:\/\/armazemon.com.br\/en\/wp-json\/wp\/v2\/comments?post=5439"}],"wp:featuredmedia":[{"embeddable":true,"href":"https:\/\/armazemon.com.br\/en\/wp-json\/wp\/v2\/media\/5436"}],"wp:attachment":[{"href":"https:\/\/armazemon.com.br\/en\/wp-json\/wp\/v2\/media?parent=5439"}],"wp:term":[{"taxonomy":"product_brand","embeddable":true,"href":"https:\/\/armazemon.com.br\/en\/wp-json\/wp\/v2\/product_brand?post=5439"},{"taxonomy":"product_cat","embeddable":true,"href":"https:\/\/armazemon.com.br\/en\/wp-json\/wp\/v2\/product_cat?post=5439"},{"taxonomy":"product_tag","embeddable":true,"href":"https:\/\/armazemon.com.br\/en\/wp-json\/wp\/v2\/product_tag?post=5439"}],"curies":[{"name":"wp","href":"https:\/\/api.w.org\/{rel}","templated":true}]}}