{"id":5447,"date":"2025-08-22T17:41:23","date_gmt":"2025-08-22T17:41:23","guid":{"rendered":"https:\/\/armazemon.com.br\/produto\/cuba-de-embutir-ou-sobrepor-tramontina-aria-maxi-40-bs-em-aco-inox-acetinado-40x40-cm\/"},"modified":"2025-12-24T17:36:51","modified_gmt":"2025-12-24T17:36:51","slug":"cuba-de-embutir-ou-sobrepor-tramontina-aria-maxi-40-bs-em-aco-inox-acetinado-40x40-cm","status":"publish","type":"product","link":"https:\/\/armazemon.com.br\/en\/product\/cuba-de-embutir-ou-sobrepor-tramontina-aria-maxi-40-bs-em-aco-inox-acetinado-40x40-cm\/","title":{"rendered":"Cuba de Embutir ou Sobrepor Tramontina Aria Maxi 40 BS em A\u00e7o Inox Acetinado 40&#215;40 cm"},"content":{"rendered":"<p>DESCRI\u00c7\u00c3O:<\/p>\n<p>Produzida em a\u00e7o inox com acabamento acetinado, ela pode ser instalada de maneira embutida ou como sobreposi\u00e7\u00e3o, pois a cuba j\u00e1 possui borda de sobrepor para instala\u00e7\u00e3o por cima da bancada.<\/p>\n<p>Ela possui espessura de 0,8 mil\u00edmetros e 20 cent\u00edmetros de profundidade, caracter\u00edsticas que garantem alta resist\u00eancia, durabilidade e praticidade na hora de executar suas tarefas na cozinha!<\/p>\n<p>DADOS T\u00c9CNICOS:<\/p>\n<p>Instala\u00e7\u00e3o: Embutir ou sobrepor<\/p>\n<p>A\u00e7o Inox AISI 304 com 0,8 mm de espessura e acabamento acetinado.<\/p>\n<p>Acompanha v\u00e1lvula de \u00d8 4 1\/2&#8243;.<\/p>\n<p>Profundidade da cuba: 200 mm.<\/p>\n<p>Capacidade 28 L.<\/p>\n<p>Manta adesiva anti-ru\u00eddo: sim<\/p>\n<p>Todas as imagens s\u00e3o meramente ilustrativas.<\/p>\n<p>ITENS INCLUSOS:<\/p>\n<p>1 Cuba<\/p>\n<p>1 V\u00e1lvula de \u00d8 4 1\/2&#8243;.<\/p>","protected":false},"excerpt":{"rendered":"<p>DESCRI\u00c7\u00c3O:<\/p>\n<p>Produzida em a\u00e7o inox com acabamento acetinado, ela pode ser instalada de maneira embutida ou como sobreposi\u00e7\u00e3o, pois a cuba j\u00e1 possui borda de sobrepor para instala\u00e7\u00e3o por cima da bancada.<\/p>\n<p>Ela possui espessura de 0,8 mil\u00edmetros e 20 cent\u00edmetros de profundidade, caracter\u00edsticas que garantem alta resist\u00eancia, durabilidade e praticidade na hora de executar suas tarefas na cozinha!<\/p>\n<p>DADOS T\u00c9CNICOS:<\/p>\n<p>Instala\u00e7\u00e3o: Embutir ou sobrepor<\/p>\n<p>A\u00e7o Inox AISI 304 com 0,8 mm de espessura e acabamento acetinado.<\/p>\n<p>Acompanha v\u00e1lvula de \u00d8 4 1\/2&#8243;.<\/p>\n<p>Profundidade da cuba: 200 mm.<\/p>\n<p>Capacidade 28 L.<\/p>\n<p>Manta adesiva anti-ru\u00eddo: sim<\/p>\n<p>Todas as imagens s\u00e3o meramente ilustrativas.<\/p>\n<p>ITENS INCLUSOS:<\/p>\n<p>1 Cuba<\/p>\n<p>1 V\u00e1lvula de \u00d8 4 1\/2&#8243;.<\/p>","protected":false},"featured_media":5444,"comment_status":"open","ping_status":"closed","template":"","meta":{"_acf_changed":false},"product_brand":[188],"product_cat":[187],"product_tag":[],"class_list":{"0":"post-5447","1":"product","2":"type-product","3":"status-publish","4":"has-post-thumbnail","6":"product_brand-tramontina","7":"product_cat-cubas-de-inox-moveis-para-cozinha","9":"first","10":"outofstock","11":"featured","12":"shipping-taxable","13":"purchasable","14":"product-type-simple"},"acf":[],"_links":{"self":[{"href":"https:\/\/armazemon.com.br\/en\/wp-json\/wp\/v2\/product\/5447","targetHints":{"allow":["GET"]}}],"collection":[{"href":"https:\/\/armazemon.com.br\/en\/wp-json\/wp\/v2\/product"}],"about":[{"href":"https:\/\/armazemon.com.br\/en\/wp-json\/wp\/v2\/types\/product"}],"replies":[{"embeddable":true,"href":"https:\/\/armazemon.com.br\/en\/wp-json\/wp\/v2\/comments?post=5447"}],"wp:featuredmedia":[{"embeddable":true,"href":"https:\/\/armazemon.com.br\/en\/wp-json\/wp\/v2\/media\/5444"}],"wp:attachment":[{"href":"https:\/\/armazemon.com.br\/en\/wp-json\/wp\/v2\/media?parent=5447"}],"wp:term":[{"taxonomy":"product_brand","embeddable":true,"href":"https:\/\/armazemon.com.br\/en\/wp-json\/wp\/v2\/product_brand?post=5447"},{"taxonomy":"product_cat","embeddable":true,"href":"https:\/\/armazemon.com.br\/en\/wp-json\/wp\/v2\/product_cat?post=5447"},{"taxonomy":"product_tag","embeddable":true,"href":"https:\/\/armazemon.com.br\/en\/wp-json\/wp\/v2\/product_tag?post=5447"}],"curies":[{"name":"wp","href":"https:\/\/api.w.org\/{rel}","templated":true}]}}