{"id":5450,"date":"2025-08-22T17:41:28","date_gmt":"2025-08-22T17:41:28","guid":{"rendered":"https:\/\/armazemon.com.br\/produto\/tanque-de-encaixe-tramontina-hera-25-l-em-aco-inox-acetinado-40x40-cm\/"},"modified":"2025-12-06T00:11:11","modified_gmt":"2025-12-06T00:11:11","slug":"tanque-de-encaixe-tramontina-hera-25-l-em-aco-inox-acetinado-40x40-cm","status":"publish","type":"product","link":"https:\/\/armazemon.com.br\/en\/product\/tanque-de-encaixe-tramontina-hera-25-l-em-aco-inox-acetinado-40x40-cm\/","title":{"rendered":"Tanque de Encaixe Tramontina 25L A\u00e7o Inox Acetinado 40&#215;40 cm"},"content":{"rendered":"<\/p>\n<p>Material:\u00a0A\u00e7o Inox AISI 304. 0,8 mm de espessura.<\/p>\n<p>Acabamento acetinado.<\/p>\n<p>Acompanha v\u00e1lvula de \u00d8 3 1\/2&#8243;.<\/p>\n<p>Profundidade da cuba: 215 mm.<\/p>\n<p>Capacidade: 25 L.<\/p>\n<p>ITENS INCLUSOS:<\/p>\n<p>1 Cuba<\/p>\n<p>1 V\u00e1lvula de \u00d8 3 1\/2&#8243;.<\/p>","protected":false},"excerpt":{"rendered":"<p>DESCRI\u00c7\u00c3O:<\/p>\n<p>Com alta resist\u00eancia e baixo custo de manuten\u00e7\u00e3o, o a\u00e7o inoxid\u00e1vel \u00e9 um dos materiais mais valiosos do mercado. O Tanque de Encaixe Tramontina Hera 25 L em A\u00e7o Inox Acetinado 40&#215;40 cm \u00e9 produzido em A\u00e7o Inox 304, o produto \u00e9 mais higi\u00eanico e dur\u00e1vel. <br \/>Fabricado no sistema monobloco, ou seja, sem solda, o tanque tamb\u00e9m apresenta borda de sobrepor e esfregador inclinado, com frisos arredondados, que auxiliam na lavagem de roupas. <br \/>A pe\u00e7a acompanha v\u00e1lvula de alta qualidade, possui excelente veda\u00e7\u00e3o e \u00e9 de f\u00e1cil montagem. <br \/>Somente a Tramontina oferece produtos funcionais, com design moderno e qualidade comprovada. <\/p>\n<p>DADOS T\u00c9CNICOS:<\/p>\n<p>Material:\u00a0A\u00e7o Inox AISI 304. 0,8 mm de espessura. <br \/>Acabamento acetinado. <br \/>Acompanha v\u00e1lvula de \u00d8 3 1\/2&#8243;. <br \/>Profundidade da cuba: 215 mm. <br \/>Capacidade: 25 L. <\/p>\n<p>ITENS INCLUSOS:<\/p>\n<p>1 Cuba <br \/>1 V\u00e1lvula de \u00d8 3 1\/2&#8243;.<\/p>","protected":false},"featured_media":5524,"comment_status":"open","ping_status":"closed","template":"","meta":{"_acf_changed":false},"product_brand":[188],"product_cat":[57],"product_tag":[],"class_list":{"0":"post-5450","1":"product","2":"type-product","3":"status-publish","4":"has-post-thumbnail","6":"product_brand-tramontina","7":"product_cat-casa-e-decoracao","9":"first","10":"outofstock","11":"featured","12":"shipping-taxable","13":"purchasable","14":"product-type-simple"},"acf":[],"_links":{"self":[{"href":"https:\/\/armazemon.com.br\/en\/wp-json\/wp\/v2\/product\/5450","targetHints":{"allow":["GET"]}}],"collection":[{"href":"https:\/\/armazemon.com.br\/en\/wp-json\/wp\/v2\/product"}],"about":[{"href":"https:\/\/armazemon.com.br\/en\/wp-json\/wp\/v2\/types\/product"}],"replies":[{"embeddable":true,"href":"https:\/\/armazemon.com.br\/en\/wp-json\/wp\/v2\/comments?post=5450"}],"wp:featuredmedia":[{"embeddable":true,"href":"https:\/\/armazemon.com.br\/en\/wp-json\/wp\/v2\/media\/5524"}],"wp:attachment":[{"href":"https:\/\/armazemon.com.br\/en\/wp-json\/wp\/v2\/media?parent=5450"}],"wp:term":[{"taxonomy":"product_brand","embeddable":true,"href":"https:\/\/armazemon.com.br\/en\/wp-json\/wp\/v2\/product_brand?post=5450"},{"taxonomy":"product_cat","embeddable":true,"href":"https:\/\/armazemon.com.br\/en\/wp-json\/wp\/v2\/product_cat?post=5450"},{"taxonomy":"product_tag","embeddable":true,"href":"https:\/\/armazemon.com.br\/en\/wp-json\/wp\/v2\/product_tag?post=5450"}],"curies":[{"name":"wp","href":"https:\/\/api.w.org\/{rel}","templated":true}]}}