{"id":5453,"date":"2025-08-22T17:41:33","date_gmt":"2025-08-22T17:41:33","guid":{"rendered":"https:\/\/armazemon.com.br\/produto\/tanque-de-encaixe-tramontina-hera-34-l-em-aco-inox-acetinado-50x40-cm\/"},"modified":"2025-12-06T00:11:06","modified_gmt":"2025-12-06T00:11:06","slug":"tanque-de-encaixe-tramontina-hera-34-l-em-aco-inox-acetinado-50x40-cm","status":"publish","type":"product","link":"https:\/\/armazemon.com.br\/en\/product\/tanque-de-encaixe-tramontina-hera-34-l-em-aco-inox-acetinado-50x40-cm\/","title":{"rendered":"Tanque Inox Encaixe 34l Acetinado 50cm X 40cm Tramontina Cor Inox Acetinado"},"content":{"rendered":"<p>DADOS T\u00c9CNICOS:<\/p>\n<p>Material: A\u00e7o Inox AISI 304 com 0,8 mm de espessura e acabamento acetinado.<\/p>\n<p>Acompanha v\u00e1lvula de \u00d8 3 1\/2&#8243;.<\/p>\n<p>Profundidade da cuba 225 mm.<\/p>\n<p>Capacidade 34L.<\/p>\n<p>ITENS INCLUSOS:<\/p>\n<p>1 Cuba<\/p>\n<p>1 V\u00e1lvula de \u00d8 3 1\/2&#8243;.<\/p>","protected":false},"excerpt":{"rendered":"<p>O Tanque de Encaixe Tramontina Hera 34 L em A\u00e7o Inox Escovado 50&#215;40 cm \u00e9 essencial para a hora de lavar, enxaguar e deixar roupas e sapatos de molho.<br \/>Voc\u00ea pode escolher o modelo de tanque ideal para a sua casa de acordo com a sua necessidade e o espa\u00e7o que tiver dispon\u00edvel. O Tanque de Encaixe Tramontina em A\u00e7o Inox Escovado 50&#215;40 cm \u00e9 produzido em a\u00e7o inox AISI 304, o que torna o produto mais higi\u00eanico e dur\u00e1vel. Fabricado no sistema monobloco, ou seja, sem solda, o tanque tamb\u00e9m apresenta borda de sobrepor e esfregador inclinado, com frisos arredondados, que auxiliam na lavagem de roupas. A pe\u00e7a acompanha v\u00e1lvula de alta qualidade, possui excelente veda\u00e7\u00e3o e \u00e9 de f\u00e1cil montagem. Tramontina e voc\u00ea aliando beleza e praticidade na sua casa!<\/p>\n<p>Informa\u00e7\u00f5es t\u00e9cnicas<br \/>Produto comercializado no Brasil e exporta\u00e7\u00e3o.<br \/>A\u00e7o Inox AISI 304 com 0,7 mm de espessura e acabamento escovado.<br \/>Acompanha v\u00e1lvula de \u00d8 3 1\/2&#8243;.<br \/>Profundidade da cuba 225 mm.<br \/>Capacidade 34L.<\/p>\n<p>Garantia<br \/>10 anos (90 dias de garantia legal acrescidos de 117 meses de garantia contratual) para v\u00edcios ou defeitos de fabrica\u00e7\u00e3o. Termo de garantia dispon\u00edvel em Certifica\u00e7\u00f5es\/Normas.<\/p>","protected":false},"featured_media":5521,"comment_status":"open","ping_status":"closed","template":"","meta":{"_acf_changed":false},"product_brand":[188],"product_cat":[57],"product_tag":[],"class_list":{"0":"post-5453","1":"product","2":"type-product","3":"status-publish","4":"has-post-thumbnail","6":"product_brand-tramontina","7":"product_cat-casa-e-decoracao","9":"first","10":"outofstock","11":"featured","12":"shipping-taxable","13":"purchasable","14":"product-type-simple"},"acf":[],"_links":{"self":[{"href":"https:\/\/armazemon.com.br\/en\/wp-json\/wp\/v2\/product\/5453","targetHints":{"allow":["GET"]}}],"collection":[{"href":"https:\/\/armazemon.com.br\/en\/wp-json\/wp\/v2\/product"}],"about":[{"href":"https:\/\/armazemon.com.br\/en\/wp-json\/wp\/v2\/types\/product"}],"replies":[{"embeddable":true,"href":"https:\/\/armazemon.com.br\/en\/wp-json\/wp\/v2\/comments?post=5453"}],"wp:featuredmedia":[{"embeddable":true,"href":"https:\/\/armazemon.com.br\/en\/wp-json\/wp\/v2\/media\/5521"}],"wp:attachment":[{"href":"https:\/\/armazemon.com.br\/en\/wp-json\/wp\/v2\/media?parent=5453"}],"wp:term":[{"taxonomy":"product_brand","embeddable":true,"href":"https:\/\/armazemon.com.br\/en\/wp-json\/wp\/v2\/product_brand?post=5453"},{"taxonomy":"product_cat","embeddable":true,"href":"https:\/\/armazemon.com.br\/en\/wp-json\/wp\/v2\/product_cat?post=5453"},{"taxonomy":"product_tag","embeddable":true,"href":"https:\/\/armazemon.com.br\/en\/wp-json\/wp\/v2\/product_tag?post=5453"}],"curies":[{"name":"wp","href":"https:\/\/api.w.org\/{rel}","templated":true}]}}