{"id":5476,"date":"2025-09-22T14:02:17","date_gmt":"2025-09-22T14:02:17","guid":{"rendered":"https:\/\/armazemon.com.br\/produto\/cuba-morgana-sobrepor-69x49-aco-inox-acetinado-tramontina\/"},"modified":"2025-12-24T17:36:49","modified_gmt":"2025-12-24T17:36:49","slug":"cuba-morgana-sobrepor-69x49-aco-inox-acetinado-tramontina","status":"publish","type":"product","link":"https:\/\/armazemon.com.br\/en\/product\/cuba-morgana-sobrepor-69x49-aco-inox-acetinado-tramontina\/","title":{"rendered":"Cuba Morgana Sobrepor 69&#215;49 A\u00e7o Inox Acetinado Tramontina"},"content":{"rendered":"<p>Obtenha o m\u00e1ximo beneficio com esta cuba simple da Tramontina Morgana Morgana 60 FX. Feita de a\u00e7o inoxid\u00e1vel 304 portanto, o produto permanece em perfeitas condi\u00e7\u00f5es por anos.<\/p>\n<p>\u00a0<\/p>\n<p>Feita com a\u00e7o inoxid\u00e1vel 304 que proporciona rigidez e a qualidade necess\u00e1ria para uma cozinha de luxo com um acabamento acetinado.<\/p>\n<p>\u00a0<\/p>\n<p>Sendo simple vai ocupar pouco espa\u00e7o e voc\u00ea poder\u00e1 lidar com praticidade ao cozinhar e lavar.<\/p>\n<p>\u00a0<\/p>\n<p>Se adapta a qualquer lugar, adiciona eleg\u00e2ncia e conforto.<\/p>\n<p>\u00a0<\/p>\n<p>\u00a0<\/p>","protected":false},"excerpt":{"rendered":"<p>Obtenha o m\u00e1ximo beneficio com esta cuba simple da Tramontina Morgana Morgana 60 FX. Feita de a\u00e7o inoxid\u00e1vel 304 portanto, o produto permanece em perfeitas condi\u00e7\u00f5es por anos. Feita com a\u00e7o inoxid\u00e1vel 304 que proporciona rigidez e a qualidade necess\u00e1ria para uma cozinha de luxo com um acabamento acetinado. Sendo simple vai ocupar pouco espa\u00e7o e voc\u00ea poder\u00e1 lidar com praticidade ao cozinhar e lavar. Se adapta a qualquer lugar, adiciona eleg\u00e2ncia e conforto.<\/p>\n<p>\u00a0<\/p>\n<p>\u00a0<\/p>","protected":false},"featured_media":5470,"comment_status":"open","ping_status":"closed","template":"","meta":{"_acf_changed":false},"product_brand":[],"product_cat":[57],"product_tag":[],"class_list":{"0":"post-5476","1":"product","2":"type-product","3":"status-publish","4":"has-post-thumbnail","6":"product_cat-casa-e-decoracao","8":"first","9":"instock","10":"sale","11":"shipping-taxable","12":"purchasable","13":"product-type-simple"},"acf":[],"_links":{"self":[{"href":"https:\/\/armazemon.com.br\/en\/wp-json\/wp\/v2\/product\/5476","targetHints":{"allow":["GET"]}}],"collection":[{"href":"https:\/\/armazemon.com.br\/en\/wp-json\/wp\/v2\/product"}],"about":[{"href":"https:\/\/armazemon.com.br\/en\/wp-json\/wp\/v2\/types\/product"}],"replies":[{"embeddable":true,"href":"https:\/\/armazemon.com.br\/en\/wp-json\/wp\/v2\/comments?post=5476"}],"wp:featuredmedia":[{"embeddable":true,"href":"https:\/\/armazemon.com.br\/en\/wp-json\/wp\/v2\/media\/5470"}],"wp:attachment":[{"href":"https:\/\/armazemon.com.br\/en\/wp-json\/wp\/v2\/media?parent=5476"}],"wp:term":[{"taxonomy":"product_brand","embeddable":true,"href":"https:\/\/armazemon.com.br\/en\/wp-json\/wp\/v2\/product_brand?post=5476"},{"taxonomy":"product_cat","embeddable":true,"href":"https:\/\/armazemon.com.br\/en\/wp-json\/wp\/v2\/product_cat?post=5476"},{"taxonomy":"product_tag","embeddable":true,"href":"https:\/\/armazemon.com.br\/en\/wp-json\/wp\/v2\/product_tag?post=5476"}],"curies":[{"name":"wp","href":"https:\/\/api.w.org\/{rel}","templated":true}]}}