{"id":5482,"date":"2025-09-22T14:02:22","date_gmt":"2025-09-22T14:02:22","guid":{"rendered":"https:\/\/armazemon.com.br\/produto\/cuba-gourmet-morgana-60fx-inox-c-kit-acetinada-tramontina\/"},"modified":"2025-12-24T17:36:45","modified_gmt":"2025-12-24T17:36:45","slug":"cuba-gourmet-morgana-60fx-inox-c-kit-acetinada-tramontina","status":"publish","type":"product","link":"https:\/\/armazemon.com.br\/en\/product\/cuba-gourmet-morgana-60fx-inox-c-kit-acetinada-tramontina\/","title":{"rendered":"Cuba Gourmet Morgana 60Fx Inox C\/ KIT Acetinada Tramontina"},"content":{"rendered":"<p>Com acabamento acetinado em a\u00e7o inox, essa cuba \u00e9 ideal para adicionar estilo e praticidade ao seu projeto. Com instala\u00e7\u00e3o do tipo Undermount, essa cuba possui design simples e capacidade de 40 litros.<\/p>\n<p>\u00a0<\/p>\n<p>A profundidade da cuba \u00e9 de 20,3 cm e possui dois furos para torneira. Al\u00e9m disso, essa cuba acompanha diversos acess\u00f3rios, como v\u00e1lvula de 4 1\/2 polegadas de di\u00e2metro, t\u00e1bua em madeira, cesto aramado em inox, dosador de sab\u00e3o e lixeira de embutir Clean Round de 5 litros. Esses acess\u00f3rios adicionam praticidade e funcionalidade ao seu dia a dia na cozinha.<\/p>\n<p>\u00a0<\/p>\n<p>\u00a0<\/p>\n<p>\u00a0<\/p>\n<p>\u00a0<\/p>","protected":false},"excerpt":{"rendered":"<p>Com acabamento acetinado em a\u00e7o inox, essa cuba \u00e9 ideal para adicionar estilo e praticidade ao seu projeto. Com instala\u00e7\u00e3o do tipo Undermount, essa cuba possui design simples e capacidade de 40 litros. Feita em a\u00e7o inox AISI 304 com espessura de 0,8 mm, ela \u00e9 resistente e f\u00e1cil de limpar.<\/p>\n<p>\u00a0<\/p>\n<p>A profundidade da cuba \u00e9 de 20,3 cm e possui dois furos para torneira. Al\u00e9m disso, essa cuba acompanha diversos acess\u00f3rios, como v\u00e1lvula de 4 1\/2 polegadas de di\u00e2metro, t\u00e1bua em madeira, cesto aramado em inox, dosador de sab\u00e3o e lixeira de embutir Clean Round de 5 litros.<\/p>\n<p>\u00a0<\/p>\n<p>Esses acess\u00f3rios adicionam praticidade e funcionalidade ao seu dia a dia na cozinha. As dimens\u00f5es dessa cuba s\u00e3o: altura de 20,3 cm, largura de 48,5 cm, comprimento de 68,5 cm e peso de 8,400 kg. Ela tamb\u00e9m possui manta adesiva anti-ru\u00eddo, que ajuda a reduzir o barulho durante o uso.<\/p>\n<p>\u00a0<\/p>\n<p>\u00a0<\/p>","protected":false},"featured_media":5477,"comment_status":"open","ping_status":"closed","template":"","meta":{"_acf_changed":false},"product_brand":[],"product_cat":[57],"product_tag":[],"class_list":{"0":"post-5482","1":"product","2":"type-product","3":"status-publish","4":"has-post-thumbnail","6":"product_cat-casa-e-decoracao","8":"first","9":"instock","10":"sale","11":"shipping-taxable","12":"purchasable","13":"product-type-simple"},"acf":[],"_links":{"self":[{"href":"https:\/\/armazemon.com.br\/en\/wp-json\/wp\/v2\/product\/5482","targetHints":{"allow":["GET"]}}],"collection":[{"href":"https:\/\/armazemon.com.br\/en\/wp-json\/wp\/v2\/product"}],"about":[{"href":"https:\/\/armazemon.com.br\/en\/wp-json\/wp\/v2\/types\/product"}],"replies":[{"embeddable":true,"href":"https:\/\/armazemon.com.br\/en\/wp-json\/wp\/v2\/comments?post=5482"}],"wp:featuredmedia":[{"embeddable":true,"href":"https:\/\/armazemon.com.br\/en\/wp-json\/wp\/v2\/media\/5477"}],"wp:attachment":[{"href":"https:\/\/armazemon.com.br\/en\/wp-json\/wp\/v2\/media?parent=5482"}],"wp:term":[{"taxonomy":"product_brand","embeddable":true,"href":"https:\/\/armazemon.com.br\/en\/wp-json\/wp\/v2\/product_brand?post=5482"},{"taxonomy":"product_cat","embeddable":true,"href":"https:\/\/armazemon.com.br\/en\/wp-json\/wp\/v2\/product_cat?post=5482"},{"taxonomy":"product_tag","embeddable":true,"href":"https:\/\/armazemon.com.br\/en\/wp-json\/wp\/v2\/product_tag?post=5482"}],"curies":[{"name":"wp","href":"https:\/\/api.w.org\/{rel}","templated":true}]}}