{"id":5489,"date":"2025-10-03T21:55:06","date_gmt":"2025-10-03T21:55:06","guid":{"rendered":"https:\/\/armazemon.com.br\/produto\/pia-tramontina-120x52cm-new-raggi-40-em-aco-inox\/"},"modified":"2025-12-06T00:15:33","modified_gmt":"2025-12-06T00:15:33","slug":"pia-tramontina-120x52cm-new-raggi-40-em-aco-inox","status":"publish","type":"product","link":"https:\/\/armazemon.com.br\/en\/product\/pia-tramontina-120x52cm-new-raggi-40-em-aco-inox\/","title":{"rendered":"Pia Tramontina 120x52cm New Raggi 40 Em A\u00e7o Inox"},"content":{"rendered":"<ul>\n<li data-start=\"136\" data-end=\"229\">\n<p data-start=\"138\" data-end=\"229\">Fabricada em a\u00e7o inox AISI 430 com espessura de 0,60 mm, oferecendo excelente resist\u00eancia<\/p>\n<\/li>\n<li data-start=\"230\" data-end=\"333\">\n<p data-start=\"232\" data-end=\"333\">Medidas externas: <strong data-start=\"250\" data-end=\"265\">120 \u00d7 52 cm<\/strong>, ideal para bancadas amplas<\/p>\n<\/li>\n<li data-start=\"334\" data-end=\"458\">\n<p data-start=\"336\" data-end=\"458\">Profundidade da cuba: <strong data-start=\"358\" data-end=\"367\">13 cm<\/strong> \u2014 permitindo lavagem pr\u00e1tica de utens\u00edlios maiores<\/p>\n<\/li>\n<li data-start=\"459\" data-end=\"587\">\n<p data-start=\"461\" data-end=\"587\">Possui cuba centralizada com dimens\u00f5es de 34 \u00d7 40 cm, com escorredor lateral integrado<\/p>\n<\/li>\n<li data-start=\"588\" data-end=\"711\">\n<p data-start=\"590\" data-end=\"711\">Estrutura inteiri\u00e7a (sem solda), evitando pontos de ac\u00famulo de sujeira e oxida\u00e7\u00e3o<\/p>\n<\/li>\n<li data-start=\"712\" data-end=\"786\">\n<p data-start=\"714\" data-end=\"786\">Acabamento pr\u00e9-polido que facilita a limpeza e mant\u00e9m o brilho natural<\/p>\n<\/li>\n<li data-start=\"787\" data-end=\"846\">\n<p data-start=\"789\" data-end=\"846\">V\u00e1lvula padr\u00e3o de 3 1\/2\u201d inclusa para instala\u00e7\u00e3o r\u00e1pida<\/p>\n<\/li>\n<\/ul>\n<ul>\n<li data-start=\"847\" data-end=\"951\">\n<p data-start=\"849\" data-end=\"951\">Produto da linha Standard Tramontina, com garantia de 12 meses<\/p>\n<\/li>\n<\/ul>","protected":false},"excerpt":{"rendered":"<p><span style=\"color: #666666; font-family: system-ui, -apple-system, BlinkMacSystemFont, 'Segoe UI', Roboto, 'Helvetica Neue', sans-serif; font-size: 16px; letter-spacing: 0.16px;\">Para um dia a dia mais pr\u00e1tico, a Tramontina oferece a Pia de Apoio Tramontina New Raggi 40 em A\u00e7o Inox 120&#215;52 cm. Trata-se da solu\u00e7\u00e3o completa para a sua resid\u00eancia ou empresa. Com 120&#215;52 cm de tamanho e uma pia com 13 cm de profundidade e escorredor para lou\u00e7as, esta pe\u00e7a se adapta a todos os tipos de bancadas e se destaca pelo alto grau de acabamento, beleza e qualidade. Fabricada em A\u00e7o Inox 430 com acabamento pr\u00e9-polido e 0,6 mm de espessura, a pe\u00e7a \u00e9 inteiri\u00e7a (sem solda), evitando pontos de corros\u00e3o e ac\u00famulos de detritos.<\/span><\/p>","protected":false},"featured_media":6971,"comment_status":"open","ping_status":"closed","template":"","meta":{"_acf_changed":false},"product_brand":[188],"product_cat":[57],"product_tag":[],"class_list":{"0":"post-5489","1":"product","2":"type-product","3":"status-publish","4":"has-post-thumbnail","6":"product_brand-tramontina","7":"product_cat-casa-e-decoracao","9":"first","10":"outofstock","11":"shipping-taxable","12":"purchasable","13":"product-type-simple"},"acf":[],"_links":{"self":[{"href":"https:\/\/armazemon.com.br\/en\/wp-json\/wp\/v2\/product\/5489","targetHints":{"allow":["GET"]}}],"collection":[{"href":"https:\/\/armazemon.com.br\/en\/wp-json\/wp\/v2\/product"}],"about":[{"href":"https:\/\/armazemon.com.br\/en\/wp-json\/wp\/v2\/types\/product"}],"replies":[{"embeddable":true,"href":"https:\/\/armazemon.com.br\/en\/wp-json\/wp\/v2\/comments?post=5489"}],"wp:featuredmedia":[{"embeddable":true,"href":"https:\/\/armazemon.com.br\/en\/wp-json\/wp\/v2\/media\/6971"}],"wp:attachment":[{"href":"https:\/\/armazemon.com.br\/en\/wp-json\/wp\/v2\/media?parent=5489"}],"wp:term":[{"taxonomy":"product_brand","embeddable":true,"href":"https:\/\/armazemon.com.br\/en\/wp-json\/wp\/v2\/product_brand?post=5489"},{"taxonomy":"product_cat","embeddable":true,"href":"https:\/\/armazemon.com.br\/en\/wp-json\/wp\/v2\/product_cat?post=5489"},{"taxonomy":"product_tag","embeddable":true,"href":"https:\/\/armazemon.com.br\/en\/wp-json\/wp\/v2\/product_tag?post=5489"}],"curies":[{"name":"wp","href":"https:\/\/api.w.org\/{rel}","templated":true}]}}