{"id":5494,"date":"2025-10-03T21:55:10","date_gmt":"2025-10-03T21:55:10","guid":{"rendered":"https:\/\/armazemon.com.br\/produto\/pia-com-cuba-em-aco-inox-105-x-52cm-tramontina-93040527\/"},"modified":"2025-12-06T00:15:40","modified_gmt":"2025-12-06T00:15:40","slug":"pia-com-cuba-em-aco-inox-105-x-52cm-tramontina-93040527","status":"publish","type":"product","link":"https:\/\/armazemon.com.br\/en\/product\/pia-com-cuba-em-aco-inox-105-x-52cm-tramontina-93040527\/","title":{"rendered":"Pia Com Cuba Em A\u00e7o Inox 105 X 52cm Tramontina 93040527"},"content":{"rendered":"<ul>\n<li data-start=\"155\" data-end=\"268\">\n<p data-start=\"157\" data-end=\"268\">Constru\u00edda em a\u00e7o inox 430 com espessura de 0,60 mm \u2014 robusta e dur\u00e1vel<\/p>\n<\/li>\n<li data-start=\"269\" data-end=\"372\">\n<p data-start=\"271\" data-end=\"372\">Dimens\u00e3o total de <strong data-start=\"289\" data-end=\"304\">105 \u00d7 52 cm<\/strong>, ideal para bancadas padr\u00e3o<\/p>\n<\/li>\n<li data-start=\"373\" data-end=\"484\">\n<p data-start=\"375\" data-end=\"484\">Profundidade de 13 cm \u2014 boa capacidade para lava-lou\u00e7as sem respingos<\/p>\n<\/li>\n<li data-start=\"485\" data-end=\"609\">\n<p data-start=\"487\" data-end=\"609\">Estrutura inteiri\u00e7a (sem soldas) que evita pontos de ac\u00famulo de sujeira e corros\u00e3o<\/p>\n<\/li>\n<li data-start=\"610\" data-end=\"731\">\n<p data-start=\"612\" data-end=\"731\">Inclui escorredor lateral para ajudar no escoamento de \u00e1gua e facilitar secagem<\/p>\n<\/li>\n<li data-start=\"732\" data-end=\"855\">\n<p data-start=\"734\" data-end=\"855\">Acabamento pr\u00e9-polido, visual elegante e f\u00e1cil de limpar sem manchas percept\u00edveis<\/p>\n<\/li>\n<li data-start=\"856\" data-end=\"971\">\n<p data-start=\"858\" data-end=\"971\">Compat\u00edvel com instala\u00e7\u00e3o embutida em bancada de granito ou pedra natural<\/p>\n<\/li>\n<\/ul>\n<ul>\n<li data-start=\"972\" data-end=\"1092\">\n<p data-start=\"974\" data-end=\"1092\">Produto da marca Tramontina, com padr\u00e3o de qualidade reconhecido nacionalmente<\/p>\n<\/li>\n<\/ul>","protected":false},"excerpt":{"rendered":"<p style=\"border: 0px solid; --tw-border-spacing-x: 0; --tw-border-spacing-y: 0; --tw-translate-x: 0; --tw-translate-y: 0; --tw-rotate: 0; --tw-skew-x: 0; --tw-skew-y: 0; --tw-scale-x: 1; --tw-scale-y: 1; --tw-scroll-snap-strictness: proximity; --tw-ring-offset-width: 0px; --tw-ring-offset-color: #fff; --tw-ring-offset-shadow: 0 0 #0000; --tw-ring-shadow: 0 0 #0000; --tw-shadow: 0 0 #0000; --tw-shadow-colored: 0 0 #0000; margin-top: 0.75rem; margin-bottom: 0.75rem; font-size: medium; line-height: 1.5rem; font-family: __LeroyFont_cec3bc, __LeroyFont_Fallback_cec3bc;\"><span style=\"border: 0px solid; --tw-border-spacing-x: 0; --tw-border-spacing-y: 0; --tw-translate-x: 0; --tw-translate-y: 0; --tw-rotate: 0; --tw-skew-x: 0; --tw-skew-y: 0; --tw-scale-x: 1; --tw-scale-y: 1; --tw-scroll-snap-strictness: proximity; --tw-ring-offset-width: 0px; --tw-ring-offset-color: #fff; --tw-ring-offset-shadow: 0 0 #0000; --tw-ring-shadow: 0 0 #0000; --tw-shadow: 0 0 #0000; --tw-shadow-colored: 0 0 #0000; font-weight: bold;\">Bom acabamento:<\/span><\/p>\n<p style=\"border: 0px solid; --tw-border-spacing-x: 0; --tw-border-spacing-y: 0; --tw-translate-x: 0; --tw-translate-y: 0; --tw-rotate: 0; --tw-skew-x: 0; --tw-skew-y: 0; --tw-scale-x: 1; --tw-scale-y: 1; --tw-scroll-snap-strictness: proximity; --tw-ring-offset-width: 0px; --tw-ring-offset-color: #fff; --tw-ring-offset-shadow: 0 0 #0000; --tw-ring-shadow: 0 0 #0000; --tw-shadow: 0 0 #0000; --tw-shadow-colored: 0 0 #0000; margin-top: 0.75rem; margin-bottom: 0.75rem; font-size: medium; line-height: 1.5rem; font-family: __LeroyFont_cec3bc, __LeroyFont_Fallback_cec3bc;\">Um dos diferenciais desse produto \u00e9 o seu acabamento com\u00a0<span style=\"border: 0px solid; --tw-border-spacing-x: 0; --tw-border-spacing-y: 0; --tw-translate-x: 0; --tw-translate-y: 0; --tw-rotate: 0; --tw-skew-x: 0; --tw-skew-y: 0; --tw-scale-x: 1; --tw-scale-y: 1; --tw-scroll-snap-strictness: proximity; --tw-ring-offset-width: 0px; --tw-ring-offset-color: #fff; --tw-ring-offset-shadow: 0 0 #0000; --tw-ring-shadow: 0 0 #0000; --tw-shadow: 0 0 #0000; --tw-shadow-colored: 0 0 #0000; font-weight: bold;\">brilho acetinado<\/span>, que favorece a est\u00e9tica. Dessa forma, sua cozinha ganha mais destaque e voc\u00ea tem a oportunidade de criar\u00a0<span style=\"border: 0px solid; --tw-border-spacing-x: 0; --tw-border-spacing-y: 0; --tw-translate-x: 0; --tw-translate-y: 0; --tw-rotate: 0; --tw-skew-x: 0; --tw-skew-y: 0; --tw-scale-x: 1; --tw-scale-y: 1; --tw-scroll-snap-strictness: proximity; --tw-ring-offset-width: 0px; --tw-ring-offset-color: #fff; --tw-ring-offset-shadow: 0 0 #0000; --tw-ring-shadow: 0 0 #0000; --tw-shadow: 0 0 #0000; --tw-shadow-colored: 0 0 #0000; font-weight: bold;\">diversas combina\u00e7\u00f5es.<\/span><\/p>\n<p style=\"border: 0px solid; --tw-border-spacing-x: 0; --tw-border-spacing-y: 0; --tw-translate-x: 0; --tw-translate-y: 0; --tw-rotate: 0; --tw-skew-x: 0; --tw-skew-y: 0; --tw-scale-x: 1; --tw-scale-y: 1; --tw-scroll-snap-strictness: proximity; --tw-ring-offset-width: 0px; --tw-ring-offset-color: #fff; --tw-ring-offset-shadow: 0 0 #0000; --tw-ring-shadow: 0 0 #0000; --tw-shadow: 0 0 #0000; --tw-shadow-colored: 0 0 #0000; margin-top: 0.75rem; margin-bottom: 0.75rem; font-size: medium; line-height: 1.5rem; font-family: __LeroyFont_cec3bc, __LeroyFont_Fallback_cec3bc;\"><span style=\"border: 0px solid; --tw-border-spacing-x: 0; --tw-border-spacing-y: 0; --tw-translate-x: 0; --tw-translate-y: 0; --tw-rotate: 0; --tw-skew-x: 0; --tw-skew-y: 0; --tw-scale-x: 1; --tw-scale-y: 1; --tw-scroll-snap-strictness: proximity; --tw-ring-offset-width: 0px; --tw-ring-offset-color: #fff; --tw-ring-offset-shadow: 0 0 #0000; --tw-ring-shadow: 0 0 #0000; --tw-shadow: 0 0 #0000; --tw-shadow-colored: 0 0 #0000; font-weight: bold;\">Escorredor incluso:<\/span><\/p>\n<p style=\"border: 0px solid; --tw-border-spacing-x: 0; --tw-border-spacing-y: 0; --tw-translate-x: 0; --tw-translate-y: 0; --tw-rotate: 0; --tw-skew-x: 0; --tw-skew-y: 0; --tw-scale-x: 1; --tw-scale-y: 1; --tw-scroll-snap-strictness: proximity; --tw-ring-offset-width: 0px; --tw-ring-offset-color: #fff; --tw-ring-offset-shadow: 0 0 #0000; --tw-ring-shadow: 0 0 #0000; --tw-shadow: 0 0 #0000; --tw-shadow-colored: 0 0 #0000; margin-top: 0.75rem; margin-bottom: 0.75rem; font-size: medium; line-height: 1.5rem; font-family: __LeroyFont_cec3bc, __LeroyFont_Fallback_cec3bc;\">Al\u00e9m disso, o material vem com\u00a0<span style=\"border: 0px solid; --tw-border-spacing-x: 0; --tw-border-spacing-y: 0; --tw-translate-x: 0; --tw-translate-y: 0; --tw-rotate: 0; --tw-skew-x: 0; --tw-skew-y: 0; --tw-scale-x: 1; --tw-scale-y: 1; --tw-scroll-snap-strictness: proximity; --tw-ring-offset-width: 0px; --tw-ring-offset-color: #fff; --tw-ring-offset-shadow: 0 0 #0000; --tw-ring-shadow: 0 0 #0000; --tw-shadow: 0 0 #0000; --tw-shadow-colored: 0 0 #0000; font-weight: bold;\">dois escorredores planos<\/span>, presentes nas laterais da pia. \u00c9 um detalhe que contribui para a remo\u00e7\u00e3o da \u00e1gua acumulada e ainda\u00a0<span style=\"border: 0px solid; --tw-border-spacing-x: 0; --tw-border-spacing-y: 0; --tw-translate-x: 0; --tw-translate-y: 0; --tw-rotate: 0; --tw-skew-x: 0; --tw-skew-y: 0; --tw-scale-x: 1; --tw-scale-y: 1; --tw-scroll-snap-strictness: proximity; --tw-ring-offset-width: 0px; --tw-ring-offset-color: #fff; --tw-ring-offset-shadow: 0 0 #0000; --tw-ring-shadow: 0 0 #0000; --tw-shadow: 0 0 #0000; --tw-shadow-colored: 0 0 #0000; font-weight: bold;\">acelera a secagem<\/span>\u00a0dos utens\u00edlios.<\/p>\n<p style=\"border: 0px solid; --tw-border-spacing-x: 0; --tw-border-spacing-y: 0; --tw-translate-x: 0; --tw-translate-y: 0; --tw-rotate: 0; --tw-skew-x: 0; --tw-skew-y: 0; --tw-scale-x: 1; --tw-scale-y: 1; --tw-scroll-snap-strictness: proximity; --tw-ring-offset-width: 0px; --tw-ring-offset-color: #fff; --tw-ring-offset-shadow: 0 0 #0000; --tw-ring-shadow: 0 0 #0000; --tw-shadow: 0 0 #0000; --tw-shadow-colored: 0 0 #0000; margin-top: 0.75rem; margin-bottom: 0.75rem; font-size: medium; line-height: 1.5rem; font-family: __LeroyFont_cec3bc, __LeroyFont_Fallback_cec3bc;\"><span style=\"border: 0px solid; --tw-border-spacing-x: 0; --tw-border-spacing-y: 0; --tw-translate-x: 0; --tw-translate-y: 0; --tw-rotate: 0; --tw-skew-x: 0; --tw-skew-y: 0; --tw-scale-x: 1; --tw-scale-y: 1; --tw-scroll-snap-strictness: proximity; --tw-ring-offset-width: 0px; --tw-ring-offset-color: #fff; --tw-ring-offset-shadow: 0 0 #0000; --tw-ring-shadow: 0 0 #0000; --tw-shadow: 0 0 #0000; --tw-shadow-colored: 0 0 #0000; font-weight: bold;\">Cuba espa\u00e7osa:<\/span><\/p>\n<p style=\"border: 0px solid; --tw-border-spacing-x: 0; --tw-border-spacing-y: 0; --tw-translate-x: 0; --tw-translate-y: 0; --tw-rotate: 0; --tw-skew-x: 0; --tw-skew-y: 0; --tw-scale-x: 1; --tw-scale-y: 1; --tw-scroll-snap-strictness: proximity; --tw-ring-offset-width: 0px; --tw-ring-offset-color: #fff; --tw-ring-offset-shadow: 0 0 #0000; --tw-ring-shadow: 0 0 #0000; --tw-shadow: 0 0 #0000; --tw-shadow-colored: 0 0 #0000; margin-top: 0.75rem; margin-bottom: 0.75rem; font-size: medium; line-height: 1.5rem; font-family: __LeroyFont_cec3bc, __LeroyFont_Fallback_cec3bc;\">Voc\u00ea ainda pode contar com uma\u00a0<span style=\"border: 0px solid; --tw-border-spacing-x: 0; --tw-border-spacing-y: 0; --tw-translate-x: 0; --tw-translate-y: 0; --tw-rotate: 0; --tw-skew-x: 0; --tw-skew-y: 0; --tw-scale-x: 1; --tw-scale-y: 1; --tw-scroll-snap-strictness: proximity; --tw-ring-offset-width: 0px; --tw-ring-offset-color: #fff; --tw-ring-offset-shadow: 0 0 #0000; --tw-ring-shadow: 0 0 #0000; --tw-shadow: 0 0 #0000; --tw-shadow-colored: 0 0 #0000; font-weight: bold;\">cuba de excelente profundidade<\/span>\u00a0para abrigar mais lou\u00e7a. Assim, o processo tem mais praticidade<span style=\"border: 0px solid; --tw-border-spacing-x: 0; --tw-border-spacing-y: 0; --tw-translate-x: 0; --tw-translate-y: 0; --tw-rotate: 0; --tw-skew-x: 0; --tw-skew-y: 0; --tw-scale-x: 1; --tw-scale-y: 1; --tw-scroll-snap-strictness: proximity; --tw-ring-offset-width: 0px; --tw-ring-offset-color: #fff; --tw-ring-offset-shadow: 0 0 #0000; --tw-ring-shadow: 0 0 #0000; --tw-shadow: 0 0 #0000; --tw-shadow-colored: 0 0 #0000; font-weight: bold;\">\u00a0<\/span>e voc\u00ea n\u00e3o perde tempo demais da sua rotina.<\/p>\n<h3 style=\"border: 0px solid; --tw-border-spacing-x: 0; --tw-border-spacing-y: 0; --tw-translate-x: 0; --tw-translate-y: 0; --tw-rotate: 0; --tw-skew-x: 0; --tw-skew-y: 0; --tw-scale-x: 1; --tw-scale-y: 1; --tw-scroll-snap-strictness: proximity; --tw-ring-offset-width: 0px; --tw-ring-offset-color: #fff; --tw-ring-offset-shadow: 0 0 #0000; --tw-ring-shadow: 0 0 #0000; --tw-shadow: 0 0 #0000; --tw-shadow-colored: 0 0 #0000; font-size: 1.125rem; margin: 1.5rem 0px 0.5rem; line-height: 1.375rem; font-family: __LeroyFont_cec3bc, __LeroyFont_Fallback_cec3bc;\"><span style=\"border: 0px solid; --tw-border-spacing-x: 0; --tw-border-spacing-y: 0; --tw-translate-x: 0; --tw-translate-y: 0; --tw-rotate: 0; --tw-skew-x: 0; --tw-skew-y: 0; --tw-scale-x: 1; --tw-scale-y: 1; --tw-scroll-snap-strictness: proximity; --tw-ring-offset-width: 0px; --tw-ring-offset-color: #fff; --tw-ring-offset-shadow: 0 0 #0000; --tw-ring-shadow: 0 0 #0000; --tw-shadow: 0 0 #0000; --tw-shadow-colored: 0 0 #0000;\">Nunca foi t\u00e3o confort\u00e1vel lavar lou\u00e7a!<\/span><\/h3>\n<p style=\"border: 0px solid; --tw-border-spacing-x: 0; --tw-border-spacing-y: 0; --tw-translate-x: 0; --tw-translate-y: 0; --tw-rotate: 0; --tw-skew-x: 0; --tw-skew-y: 0; --tw-scale-x: 1; --tw-scale-y: 1; --tw-scroll-snap-strictness: proximity; --tw-ring-offset-width: 0px; --tw-ring-offset-color: #fff; --tw-ring-offset-shadow: 0 0 #0000; --tw-ring-shadow: 0 0 #0000; --tw-shadow: 0 0 #0000; --tw-shadow-colored: 0 0 #0000; margin-top: 0.75rem; margin-bottom: 0.75rem; font-size: medium; line-height: 1.5rem; font-family: __LeroyFont_cec3bc, __LeroyFont_Fallback_cec3bc;\">\n<p style=\"border: 0px solid; --tw-border-spacing-x: 0; --tw-border-spacing-y: 0; --tw-translate-x: 0; --tw-translate-y: 0; --tw-rotate: 0; --tw-skew-x: 0; --tw-skew-y: 0; --tw-scale-x: 1; --tw-scale-y: 1; --tw-scroll-snap-strictness: proximity; --tw-ring-offset-width: 0px; --tw-ring-offset-color: #fff; --tw-ring-offset-shadow: 0 0 #0000; --tw-ring-shadow: 0 0 #0000; --tw-shadow: 0 0 #0000; --tw-shadow-colored: 0 0 #0000; margin-top: 0.75rem; margin-bottom: 0.75rem; font-size: medium; line-height: 1.5rem; font-family: __LeroyFont_cec3bc, __LeroyFont_Fallback_cec3bc;\">Gostando ou n\u00e3o dessa tarefa, n\u00e3o h\u00e1 como fugir da lavagem de lou\u00e7a em casa. \u00c9 nessa hora que a Pia de Cozinha, da Tramontina, pode te ajudar a colocar\u00a0<span style=\"border: 0px solid; --tw-border-spacing-x: 0; --tw-border-spacing-y: 0; --tw-translate-x: 0; --tw-translate-y: 0; --tw-rotate: 0; --tw-skew-x: 0; --tw-skew-y: 0; --tw-scale-x: 1; --tw-scale-y: 1; --tw-scroll-snap-strictness: proximity; --tw-ring-offset-width: 0px; --tw-ring-offset-color: #fff; --tw-ring-offset-shadow: 0 0 #0000; --tw-ring-shadow: 0 0 #0000; --tw-shadow: 0 0 #0000; --tw-shadow-colored: 0 0 #0000; font-weight: bold;\">ordem na bagun\u00e7a<\/span>\u00a0rapidamente.<\/p>","protected":false},"featured_media":5490,"comment_status":"open","ping_status":"closed","template":"","meta":{"_acf_changed":false},"product_brand":[188],"product_cat":[57],"product_tag":[],"class_list":{"0":"post-5494","1":"product","2":"type-product","3":"status-publish","4":"has-post-thumbnail","6":"product_brand-tramontina","7":"product_cat-casa-e-decoracao","9":"first","10":"outofstock","11":"shipping-taxable","12":"purchasable","13":"product-type-simple"},"acf":[],"_links":{"self":[{"href":"https:\/\/armazemon.com.br\/en\/wp-json\/wp\/v2\/product\/5494","targetHints":{"allow":["GET"]}}],"collection":[{"href":"https:\/\/armazemon.com.br\/en\/wp-json\/wp\/v2\/product"}],"about":[{"href":"https:\/\/armazemon.com.br\/en\/wp-json\/wp\/v2\/types\/product"}],"replies":[{"embeddable":true,"href":"https:\/\/armazemon.com.br\/en\/wp-json\/wp\/v2\/comments?post=5494"}],"wp:featuredmedia":[{"embeddable":true,"href":"https:\/\/armazemon.com.br\/en\/wp-json\/wp\/v2\/media\/5490"}],"wp:attachment":[{"href":"https:\/\/armazemon.com.br\/en\/wp-json\/wp\/v2\/media?parent=5494"}],"wp:term":[{"taxonomy":"product_brand","embeddable":true,"href":"https:\/\/armazemon.com.br\/en\/wp-json\/wp\/v2\/product_brand?post=5494"},{"taxonomy":"product_cat","embeddable":true,"href":"https:\/\/armazemon.com.br\/en\/wp-json\/wp\/v2\/product_cat?post=5494"},{"taxonomy":"product_tag","embeddable":true,"href":"https:\/\/armazemon.com.br\/en\/wp-json\/wp\/v2\/product_tag?post=5494"}],"curies":[{"name":"wp","href":"https:\/\/api.w.org\/{rel}","templated":true}]}}