{"id":5497,"date":"2025-10-03T21:55:13","date_gmt":"2025-10-03T21:55:13","guid":{"rendered":"https:\/\/armazemon.com.br\/produto\/pia-cuba-para-cozinha-tramontina-aco-inox-40-x-34-x-14cm\/"},"modified":"2026-01-08T19:11:12","modified_gmt":"2026-01-08T19:11:12","slug":"pia-cuba-para-cozinha-tramontina-aco-inox-40-x-34-x-14cm","status":"publish","type":"product","link":"https:\/\/armazemon.com.br\/en\/product\/pia-cuba-para-cozinha-tramontina-aco-inox-40-x-34-x-14cm\/","title":{"rendered":"Pia Cuba Para Cozinha Tramontina A\u00e7o Inox 40 X 34 X 14cm"},"content":{"rendered":"<ul>\n<li data-start=\"124\" data-end=\"191\">\n<p data-start=\"126\" data-end=\"191\">A\u00e7o inox de alta resist\u00eancia, ideal para uso intenso na cozinha<\/p>\n<\/li>\n<li data-start=\"192\" data-end=\"247\">\n<p data-start=\"194\" data-end=\"247\">Acabamento polido, visual moderno e f\u00e1cil de limpar<\/p>\n<\/li>\n<li data-start=\"248\" data-end=\"324\">\n<p data-start=\"250\" data-end=\"324\">Dimens\u00f5es compactas: 40 \u00d7 34 \u00d7 14,5 cm \u2014 perfeita para espa\u00e7os reduzidos<\/p>\n<\/li>\n<li data-start=\"325\" data-end=\"387\">\n<p data-start=\"327\" data-end=\"387\">Design embutido que garante instala\u00e7\u00e3o discreta e elegante<\/p>\n<\/li>\n<li data-start=\"388\" data-end=\"439\">\n<p data-start=\"390\" data-end=\"439\">Borda rebaixada facilita o escorrimento da \u00e1gua<\/p>\n<\/li>\n<li data-start=\"440\" data-end=\"509\">\n<p data-start=\"442\" data-end=\"509\">Resistente \u00e0 corros\u00e3o e manchas, mantendo a apar\u00eancia com o tempo<\/p>\n<\/li>\n<li data-start=\"510\" data-end=\"568\">\n<p data-start=\"512\" data-end=\"568\">Compat\u00edvel com arm\u00e1rios padr\u00e3o e acess\u00f3rios de bancada<\/p>\n<\/li>\n<\/ul>\n<ul>\n<li data-start=\"569\" data-end=\"622\">\n<p data-start=\"571\" data-end=\"622\">Excelente custo-benef\u00edcio com garantia Tramontina<\/p>\n<\/li>\n<\/ul>","protected":false},"excerpt":{"rendered":"<p><span style=\"color: #666666; font-family: system-ui, -apple-system, BlinkMacSystemFont, 'Segoe UI', Roboto, 'Helvetica Neue', sans-serif; font-size: 16px; letter-spacing: 0.16px;\">Sua cozinha pode ter um design moderno e ser um ambiente sofisticado, basta escolher a Cuba certa! Sua escolha pode parecer simples e f\u00e1cil, mas \u00e9 preciso que voc\u00ea fique atento \u00e0s v\u00e1rios detalhes. Pensando em voc\u00ea a Tramontina desenvolveu a Cuba de Embutir Tramontina 40 x 34 x 14 cm Basic 40 BL Standard em A\u00e7o Inox Sem V\u00e1lvula que alia bom gosto e praticidade. Com formato retangular \u00e9 indicada para quem tem espa\u00e7o dispon\u00edvel na bancada. Fabricada em A\u00e7o Inox 430, com 0,5 mm de espessura, 14,5 cm de profundidade e acabamento pr\u00e9-polido, oferece durabilidade e resist\u00eancia. Possui bordas lisas para instala\u00e7\u00e3o por baixo da bancada. \u00c9 o melhor da Tramontina sendo oferecido a voc\u00ea!<\/span><\/p>","protected":false},"featured_media":5495,"comment_status":"open","ping_status":"closed","template":"","meta":{"_acf_changed":false},"product_brand":[188],"product_cat":[57],"product_tag":[],"class_list":{"0":"post-5497","1":"product","2":"type-product","3":"status-publish","4":"has-post-thumbnail","6":"product_brand-tramontina","7":"product_cat-casa-e-decoracao","9":"first","10":"outofstock","11":"shipping-taxable","12":"purchasable","13":"product-type-simple"},"acf":[],"_links":{"self":[{"href":"https:\/\/armazemon.com.br\/en\/wp-json\/wp\/v2\/product\/5497","targetHints":{"allow":["GET"]}}],"collection":[{"href":"https:\/\/armazemon.com.br\/en\/wp-json\/wp\/v2\/product"}],"about":[{"href":"https:\/\/armazemon.com.br\/en\/wp-json\/wp\/v2\/types\/product"}],"replies":[{"embeddable":true,"href":"https:\/\/armazemon.com.br\/en\/wp-json\/wp\/v2\/comments?post=5497"}],"wp:featuredmedia":[{"embeddable":true,"href":"https:\/\/armazemon.com.br\/en\/wp-json\/wp\/v2\/media\/5495"}],"wp:attachment":[{"href":"https:\/\/armazemon.com.br\/en\/wp-json\/wp\/v2\/media?parent=5497"}],"wp:term":[{"taxonomy":"product_brand","embeddable":true,"href":"https:\/\/armazemon.com.br\/en\/wp-json\/wp\/v2\/product_brand?post=5497"},{"taxonomy":"product_cat","embeddable":true,"href":"https:\/\/armazemon.com.br\/en\/wp-json\/wp\/v2\/product_cat?post=5497"},{"taxonomy":"product_tag","embeddable":true,"href":"https:\/\/armazemon.com.br\/en\/wp-json\/wp\/v2\/product_tag?post=5497"}],"curies":[{"name":"wp","href":"https:\/\/api.w.org\/{rel}","templated":true}]}}