{"id":5500,"date":"2025-10-03T21:55:16","date_gmt":"2025-10-03T21:55:16","guid":{"rendered":"https:\/\/armazemon.com.br\/produto\/cuba-tramontina-aco-inoxidavel-47cm-x-30-x-14cm-standard\/"},"modified":"2025-12-06T00:15:56","modified_gmt":"2025-12-06T00:15:56","slug":"cuba-tramontina-aco-inoxidavel-47cm-x-30-x-14cm-standard","status":"publish","type":"product","link":"https:\/\/armazemon.com.br\/en\/product\/cuba-tramontina-aco-inoxidavel-47cm-x-30-x-14cm-standard\/","title":{"rendered":"Cuba Tramontina A\u00e7o Inoxid\u00e1vel 47cm X 30 x 14cm Standard"},"content":{"rendered":"<ul>\n<li data-start=\"139\" data-end=\"204\">\n<p data-start=\"141\" data-end=\"204\">A\u00e7o inox AISI 430, 0,6 mm de espessura, durabilidade superior<\/p>\n<\/li>\n<li data-start=\"205\" data-end=\"279\">\n<p data-start=\"207\" data-end=\"279\">Medidas aproximadas: 47 \u00d7 30 \u00d7 14,5 cm \u2014 ideal para cozinhas compactas<\/p>\n<\/li>\n<li data-start=\"280\" data-end=\"343\">\n<p data-start=\"282\" data-end=\"343\">Acabamento pr\u00e9-polido que facilita a limpeza e evita marcas<\/p>\n<\/li>\n<li data-start=\"344\" data-end=\"403\">\n<p data-start=\"346\" data-end=\"403\">Formato retangular que amplia a \u00e1rea \u00fatil de utiliza\u00e7\u00e3o<\/p>\n<\/li>\n<li data-start=\"404\" data-end=\"457\">\n<p data-start=\"406\" data-end=\"457\">Borda com recuo para escoamento de \u00e1gua eficiente<\/p>\n<\/li>\n<li data-start=\"458\" data-end=\"514\">\n<p data-start=\"460\" data-end=\"514\">Compat\u00edvel com instala\u00e7\u00e3o embutida em bancada padr\u00e3o<\/p>\n<\/li>\n<li data-start=\"515\" data-end=\"574\">\n<p data-start=\"517\" data-end=\"574\">Excelente resist\u00eancia \u00e0 corros\u00e3o e manchas do dia a dia<\/p>\n<\/li>\n<\/ul>\n<ul>\n<li data-start=\"575\" data-end=\"640\">\n<p data-start=\"577\" data-end=\"640\">Produto da marca Tramontina, refer\u00eancia em qualidade nacional<\/p>\n<\/li>\n<\/ul>","protected":false},"excerpt":{"rendered":"<p><span style=\"color: #666666; font-family: system-ui, -apple-system, BlinkMacSystemFont, 'Segoe UI', Roboto, 'Helvetica Neue', sans-serif; font-size: 16px; letter-spacing: 0.16px;\">Sua cozinha pode ter um design moderno e ser um ambiente sofisticado, basta escolher a Cuba certa! Sua escolha pode parecer simples e f\u00e1cil, mas \u00e9 preciso que voc\u00ea fique atento \u00e0s v\u00e1rios detalhes. Pensando em voc\u00ea a Tramontina desenvolveu a Cuba de Embutir Tramontina 47 x 30 x 14 cm Basic 47 BL Standard em A\u00e7o Inox Sem V\u00e1lvula que alia bom gosto e praticidade. Com formato retangular \u00e9 indicada para quem tem espa\u00e7o dispon\u00edvel na bancada. Fabricada em A\u00e7o Inox 430, com 0,5 mm de espessura, 14,5 cm de profundidade e acabamento pr\u00e9-polido, oferece durabilidade e resist\u00eancia. Possui bordas lisas para instala\u00e7\u00e3o por baixo da bancada. \u00c9 o melhor da Tramontina sendo oferecido a voc\u00ea!<\/span><\/p>","protected":false},"featured_media":5498,"comment_status":"open","ping_status":"closed","template":"","meta":{"_acf_changed":false},"product_brand":[188],"product_cat":[57],"product_tag":[],"class_list":{"0":"post-5500","1":"product","2":"type-product","3":"status-publish","4":"has-post-thumbnail","6":"product_brand-tramontina","7":"product_cat-casa-e-decoracao","9":"first","10":"outofstock","11":"shipping-taxable","12":"purchasable","13":"product-type-simple"},"acf":[],"_links":{"self":[{"href":"https:\/\/armazemon.com.br\/en\/wp-json\/wp\/v2\/product\/5500","targetHints":{"allow":["GET"]}}],"collection":[{"href":"https:\/\/armazemon.com.br\/en\/wp-json\/wp\/v2\/product"}],"about":[{"href":"https:\/\/armazemon.com.br\/en\/wp-json\/wp\/v2\/types\/product"}],"replies":[{"embeddable":true,"href":"https:\/\/armazemon.com.br\/en\/wp-json\/wp\/v2\/comments?post=5500"}],"wp:featuredmedia":[{"embeddable":true,"href":"https:\/\/armazemon.com.br\/en\/wp-json\/wp\/v2\/media\/5498"}],"wp:attachment":[{"href":"https:\/\/armazemon.com.br\/en\/wp-json\/wp\/v2\/media?parent=5500"}],"wp:term":[{"taxonomy":"product_brand","embeddable":true,"href":"https:\/\/armazemon.com.br\/en\/wp-json\/wp\/v2\/product_brand?post=5500"},{"taxonomy":"product_cat","embeddable":true,"href":"https:\/\/armazemon.com.br\/en\/wp-json\/wp\/v2\/product_cat?post=5500"},{"taxonomy":"product_tag","embeddable":true,"href":"https:\/\/armazemon.com.br\/en\/wp-json\/wp\/v2\/product_tag?post=5500"}],"curies":[{"name":"wp","href":"https:\/\/api.w.org\/{rel}","templated":true}]}}