{"id":5505,"date":"2025-10-03T21:55:19","date_gmt":"2025-10-03T21:55:19","guid":{"rendered":"https:\/\/armazemon.com.br\/produto\/cuba-de-embutir-tramontina-56-x-34-x-14-cm-em-aco-inox\/"},"modified":"2025-12-06T00:16:08","modified_gmt":"2025-12-06T00:16:08","slug":"cuba-de-embutir-tramontina-56-x-34-x-14-cm-em-aco-inox","status":"publish","type":"product","link":"https:\/\/armazemon.com.br\/en\/product\/cuba-de-embutir-tramontina-56-x-34-x-14-cm-em-aco-inox\/","title":{"rendered":"Cuba de Embutir Tramontina 56 x 34 x 14 cm em A\u00e7o Inox"},"content":{"rendered":"<p><span style=\"color: #a16207; font-family: Arial, Roboto, Helvetica, 'sans-serif'; font-size: 16px; background-color: #fcf9eb;\">\u2022 Especifica\u00e7\u00f5es T\u00e9cnicas<\/span><\/p>\n<p><br style=\"color: #a16207; font-family: Arial, Roboto, Helvetica, 'sans-serif'; font-size: 16px; background-color: #fcf9eb;\" \/><br style=\"color: #a16207; font-family: Arial, Roboto, Helvetica, 'sans-serif'; font-size: 16px; background-color: #fcf9eb;\" \/><span style=\"color: #a16207; font-family: Arial, Roboto, Helvetica, 'sans-serif'; font-size: 16px; background-color: #fcf9eb;\">\u2022 Modelo<\/span><br style=\"color: #a16207; font-family: Arial, Roboto, Helvetica, 'sans-serif'; font-size: 16px; background-color: #fcf9eb;\" \/><span style=\"color: #a16207; font-family: Arial, Roboto, Helvetica, 'sans-serif'; font-size: 16px; background-color: #fcf9eb;\">\u2022 94085556<\/span><\/p>\n<p><br style=\"color: #a16207; font-family: Arial, Roboto, Helvetica, 'sans-serif'; font-size: 16px; background-color: #fcf9eb;\" \/><span style=\"color: #a16207; font-family: Arial, Roboto, Helvetica, 'sans-serif'; font-size: 16px; background-color: #fcf9eb;\">\u2022 Comprimento<\/span><br style=\"color: #a16207; font-family: Arial, Roboto, Helvetica, 'sans-serif'; font-size: 16px; background-color: #fcf9eb;\" \/><span style=\"color: #a16207; font-family: Arial, Roboto, Helvetica, 'sans-serif'; font-size: 16px; background-color: #fcf9eb;\">\u2022 56 cm<\/span><br style=\"color: #a16207; font-family: Arial, Roboto, Helvetica, 'sans-serif'; font-size: 16px; background-color: #fcf9eb;\" \/><span style=\"color: #a16207; font-family: Arial, Roboto, Helvetica, 'sans-serif'; font-size: 16px; background-color: #fcf9eb;\">\u2022 Largura<\/span><br style=\"color: #a16207; font-family: Arial, Roboto, Helvetica, 'sans-serif'; font-size: 16px; background-color: #fcf9eb;\" \/><span style=\"color: #a16207; font-family: Arial, Roboto, Helvetica, 'sans-serif'; font-size: 16px; background-color: #fcf9eb;\">\u2022 34 cm<\/span><br style=\"color: #a16207; font-family: Arial, Roboto, Helvetica, 'sans-serif'; font-size: 16px; background-color: #fcf9eb;\" \/><span style=\"color: #a16207; font-family: Arial, Roboto, Helvetica, 'sans-serif'; font-size: 16px; background-color: #fcf9eb;\">\u2022 Medidas Externas (Comp. x Larg.)<\/span><\/p>","protected":false},"excerpt":{"rendered":"<p><span style=\"font-family: __LeroyFont_cec3bc, __LeroyFont_Fallback_cec3bc; font-size: 16px;\">Sua cozinha pode ter um design moderno e ser um ambiente sofisticado basta escolher a cuba certa! Sua escolha pode parecer simples e f\u00e1cil mas \u00e9 preciso que voc\u00ea fique atento \u00e0s v\u00e1rios detalhes. Pensando em voc\u00ea a tramontina desenvolveu a cuba de embutir tramontina 56 x 34 x 14 cm basic 56 bl standard em a\u00e7o inox sem v\u00e1lvula que alia bom gosto e praticidade. com formato retangular \u00e9 indicada para quem tem espa\u00e7o dispon\u00edvel na bancada. Fabricada em a\u00e7o inox 430 com 0 5 mm de espessura 14 5 cm de profundidade e acabamento pr\u00e9-polido oferece durabilidade e resist\u00eancia. Possui bordas lisas para instala\u00e7\u00e3o por baixo da bancada. \u00c9 o melhor da tramontina sendo oferecido a voc\u00ea!<\/span><\/p>","protected":false},"featured_media":5501,"comment_status":"open","ping_status":"closed","template":"","meta":{"_acf_changed":false},"product_brand":[188],"product_cat":[57],"product_tag":[],"class_list":{"0":"post-5505","1":"product","2":"type-product","3":"status-publish","4":"has-post-thumbnail","6":"product_brand-tramontina","7":"product_cat-casa-e-decoracao","9":"first","10":"outofstock","11":"shipping-taxable","12":"purchasable","13":"product-type-simple"},"acf":[],"_links":{"self":[{"href":"https:\/\/armazemon.com.br\/en\/wp-json\/wp\/v2\/product\/5505","targetHints":{"allow":["GET"]}}],"collection":[{"href":"https:\/\/armazemon.com.br\/en\/wp-json\/wp\/v2\/product"}],"about":[{"href":"https:\/\/armazemon.com.br\/en\/wp-json\/wp\/v2\/types\/product"}],"replies":[{"embeddable":true,"href":"https:\/\/armazemon.com.br\/en\/wp-json\/wp\/v2\/comments?post=5505"}],"wp:featuredmedia":[{"embeddable":true,"href":"https:\/\/armazemon.com.br\/en\/wp-json\/wp\/v2\/media\/5501"}],"wp:attachment":[{"href":"https:\/\/armazemon.com.br\/en\/wp-json\/wp\/v2\/media?parent=5505"}],"wp:term":[{"taxonomy":"product_brand","embeddable":true,"href":"https:\/\/armazemon.com.br\/en\/wp-json\/wp\/v2\/product_brand?post=5505"},{"taxonomy":"product_cat","embeddable":true,"href":"https:\/\/armazemon.com.br\/en\/wp-json\/wp\/v2\/product_cat?post=5505"},{"taxonomy":"product_tag","embeddable":true,"href":"https:\/\/armazemon.com.br\/en\/wp-json\/wp\/v2\/product_tag?post=5505"}],"curies":[{"name":"wp","href":"https:\/\/api.w.org\/{rel}","templated":true}]}}