{"id":5530,"date":"2025-10-11T13:41:28","date_gmt":"2025-10-11T13:41:28","guid":{"rendered":"https:\/\/armazemon.com.br\/produto\/lixeira-com-pedal-tramontina-aco-inox-com-balde-interno-5-l\/"},"modified":"2025-12-24T17:36:43","modified_gmt":"2025-12-24T17:36:43","slug":"lixeira-com-pedal-tramontina-aco-inox-com-balde-interno-5-l","status":"publish","type":"product","link":"https:\/\/armazemon.com.br\/en\/product\/lixeira-com-pedal-tramontina-aco-inox-com-balde-interno-5-l\/","title":{"rendered":"Lixeira com Pedal Tramontina A\u00e7o Inox com Balde Interno 5 L"},"content":{"rendered":"<p><span style=\"color: #525252;font-family: 'Tramontina Textos', sans-serif\">Material: A\u00e7o Inox AISI 430<\/span><\/p>\n<p><br style=\"color: #525252;font-family: 'Tramontina Textos', sans-serif\" \/><span style=\"color: #525252;font-family: 'Tramontina Textos', sans-serif\">Espessura: 0,34 mm<\/span><br style=\"color: #525252;font-family: 'Tramontina Textos', sans-serif\" \/><span style=\"color: #525252;font-family: 'Tramontina Textos', sans-serif\"><\/span><\/p>\n<p>\u00a0<\/p>\n<p><span style=\"color: #525252;font-family: 'Tramontina Textos', sans-serif\">Acabamento: Polido<\/span><br style=\"color: #525252;font-family: 'Tramontina Textos', sans-serif\" \/><br style=\"color: #525252;font-family: 'Tramontina Textos', sans-serif\" \/><span style=\"color: #525252;font-family: 'Tramontina Textos', sans-serif\">Al\u00e7a para transporte: Sim<\/span><br style=\"color: #525252;font-family: 'Tramontina Textos', sans-serif\" \/><span style=\"color: #525252;font-family: 'Tramontina Textos', sans-serif\"><\/span><\/p>\n<p>\u00a0<\/p>\n<p><span style=\"color: #525252;font-family: 'Tramontina Textos', sans-serif\">Abertura: Pedal<\/span><br style=\"color: #525252;font-family: 'Tramontina Textos', sans-serif\" \/><span style=\"color: #525252;font-family: 'Tramontina Textos', sans-serif\"><\/span><\/p>\n<p>\u00a0<\/p>\n<p><span style=\"color: #525252;font-family: 'Tramontina Textos', sans-serif\">Tampa: Sim<\/span><br style=\"color: #525252;font-family: 'Tramontina Textos', sans-serif\" \/><span style=\"color: #525252;font-family: 'Tramontina Textos', sans-serif\"><\/span><\/p>\n<p><br style=\"color: #525252;font-family: 'Tramontina Textos', sans-serif\" \/><span style=\"color: #525252;font-family: 'Tramontina Textos', sans-serif\">Balde pl\u00e1stico remov\u00edvel: Sim<\/span><br style=\"color: #525252;font-family: 'Tramontina Textos', sans-serif\" \/><span style=\"color: #525252;font-family: 'Tramontina Textos', sans-serif\"><\/span><\/p>\n<p>\u00a0<\/p>\n<p><span style=\"color: #525252;font-family: 'Tramontina Textos', sans-serif\">Capacidade: 5 L<\/span><\/p>","protected":false},"excerpt":{"rendered":"<p><span style=\"color: #5c5c5c;font-family: 'Tramontina Textos', sans-serif\">A Lixeira Tramontina Loop combina design elegante e tecnologia para tornar sua rotina mais pr\u00e1tica e higi\u00eanica. Produzida em a\u00e7o inox AISI 430 com acabamento polido, ela se destaca pela durabilidade e sofistica\u00e7\u00e3o, sendo ideal para diversos ambientes internos. Projetada para m\u00e1xima efici\u00eancia, a Loop conta com um sistema Stay-Open, que mant\u00e9m a tampa aberta quando necess\u00e1rio, facilitando o descarte de res\u00edduos. Al\u00e9m disso, o fechamento suave reduz o barulho ao fechar a tampa, proporcionando mais conforto no uso di\u00e1rio. O acionamento por pedal resistente suporta at\u00e9 1 milh\u00e3o de ciclos (aberturas e fechamentos), garantindo longa vida \u00fatil. A lixeira tamb\u00e9m possui balde interno remov\u00edvel com fura\u00e7\u00e3o para prender o saco de lixo, al\u00e9m de base antiderrapante, que evita deslocamentos ao acion\u00e1-la. \u00c9 a escolha perfeita para quem busca design moderno, resist\u00eancia e praticidade no dia a dia.<\/span><\/p>","protected":false},"featured_media":5526,"comment_status":"open","ping_status":"closed","template":"","meta":{"_acf_changed":false},"product_brand":[],"product_cat":[57],"product_tag":[],"class_list":{"0":"post-5530","1":"product","2":"type-product","3":"status-publish","4":"has-post-thumbnail","6":"product_cat-casa-e-decoracao","8":"first","9":"outofstock","10":"sale","11":"shipping-taxable","12":"purchasable","13":"product-type-simple"},"acf":[],"_links":{"self":[{"href":"https:\/\/armazemon.com.br\/en\/wp-json\/wp\/v2\/product\/5530","targetHints":{"allow":["GET"]}}],"collection":[{"href":"https:\/\/armazemon.com.br\/en\/wp-json\/wp\/v2\/product"}],"about":[{"href":"https:\/\/armazemon.com.br\/en\/wp-json\/wp\/v2\/types\/product"}],"replies":[{"embeddable":true,"href":"https:\/\/armazemon.com.br\/en\/wp-json\/wp\/v2\/comments?post=5530"}],"wp:featuredmedia":[{"embeddable":true,"href":"https:\/\/armazemon.com.br\/en\/wp-json\/wp\/v2\/media\/5526"}],"wp:attachment":[{"href":"https:\/\/armazemon.com.br\/en\/wp-json\/wp\/v2\/media?parent=5530"}],"wp:term":[{"taxonomy":"product_brand","embeddable":true,"href":"https:\/\/armazemon.com.br\/en\/wp-json\/wp\/v2\/product_brand?post=5530"},{"taxonomy":"product_cat","embeddable":true,"href":"https:\/\/armazemon.com.br\/en\/wp-json\/wp\/v2\/product_cat?post=5530"},{"taxonomy":"product_tag","embeddable":true,"href":"https:\/\/armazemon.com.br\/en\/wp-json\/wp\/v2\/product_tag?post=5530"}],"curies":[{"name":"wp","href":"https:\/\/api.w.org\/{rel}","templated":true}]}}