{"id":5535,"date":"2025-10-11T13:41:34","date_gmt":"2025-10-11T13:41:34","guid":{"rendered":"https:\/\/armazemon.com.br\/produto\/lixeira-com-pedal-tramontina-aco-inox-com-balde-interno-12-l\/"},"modified":"2025-12-06T00:18:06","modified_gmt":"2025-12-06T00:18:06","slug":"lixeira-com-pedal-tramontina-aco-inox-com-balde-interno-12-l","status":"publish","type":"product","link":"https:\/\/armazemon.com.br\/en\/product\/lixeira-com-pedal-tramontina-aco-inox-com-balde-interno-12-l\/","title":{"rendered":"Lixeira com Pedal Tramontina A\u00e7o Inox com Balde Interno 12 L"},"content":{"rendered":"<p><span style=\"color: #525252; font-family: 'Tramontina Textos', sans-serif;\">Material: A\u00e7o Inox AISI 430<\/span><\/p>\n<p><br style=\"color: #525252; font-family: 'Tramontina Textos', sans-serif;\" \/><br style=\"color: #525252; font-family: 'Tramontina Textos', sans-serif;\" \/><span style=\"color: #525252; font-family: 'Tramontina Textos', sans-serif;\">Acabamento: Polido<\/span><br style=\"color: #525252; font-family: 'Tramontina Textos', sans-serif;\" \/><br style=\"color: #525252; font-family: 'Tramontina Textos', sans-serif;\" \/><span style=\"color: #525252; font-family: 'Tramontina Textos', sans-serif;\">Al\u00e7a para transporte: Sim<\/span><br style=\"color: #525252; font-family: 'Tramontina Textos', sans-serif;\" \/><span style=\"color: #525252; font-family: 'Tramontina Textos', sans-serif;\">Abertura: Pedal<\/span><\/p>\n<p><br style=\"color: #525252; font-family: 'Tramontina Textos', sans-serif;\" \/><span style=\"color: #525252; font-family: 'Tramontina Textos', sans-serif;\">Tampa: Sim<\/span><\/p>\n<p><br style=\"color: #525252; font-family: 'Tramontina Textos', sans-serif;\" \/><span style=\"color: #525252; font-family: 'Tramontina Textos', sans-serif;\">Fechamento suave da tampa: Sim<\/span><\/p>\n<p><br style=\"color: #525252; font-family: 'Tramontina Textos', sans-serif;\" \/><span style=\"color: #525252; font-family: 'Tramontina Textos', sans-serif;\">Balde pl\u00e1stico remov\u00edvel: Sim<\/span><\/p>\n<p><br style=\"color: #525252; font-family: 'Tramontina Textos', sans-serif;\" \/><span style=\"color: #525252; font-family: 'Tramontina Textos', sans-serif;\">Capacidade: 12 L<\/span><\/p>","protected":false},"excerpt":{"rendered":"<p><span style=\"color: #5c5c5c; font-family: 'Tramontina Textos', sans-serif;\">A Lixeira Tramontina Loop alia tecnologia e um design sofisticado para oferecer mais praticidade e higiene no seu dia a dia. Fabricada em a\u00e7o inox AISI 430 com acabamento polido, destaca-se pela resist\u00eancia e eleg\u00e2ncia, sendo perfeita para diferentes ambientes internos. Pensada para oferecer m\u00e1xima funcionalidade, a Loop conta com o sistema Stay-Open, que mant\u00e9m a tampa aberta quando necess\u00e1rio, tornando o descarte de res\u00edduos mais pr\u00e1tico. Al\u00e9m disso, seu fechamento suave minimiza o ru\u00eddo ao fechar a tampa, proporcionando mais conforto no uso di\u00e1rio. Seu acionamento por pedal altamente resistente suporta at\u00e9 1 milh\u00e3o de ciclos, garantindo durabilidade e efici\u00eancia. A lixeira tamb\u00e9m conta com um balde interno remov\u00edvel com fura\u00e7\u00e3o, facilitando a fixa\u00e7\u00e3o do saco de lixo, e uma base antiderrapante, que evita deslocamentos ao acion\u00e1-la. Combinando design moderno, resist\u00eancia e funcionalidade, a Lixeira Loop \u00e9 a escolha ideal para quem busca um ambiente mais organizado e elegante.<\/span><\/p>","protected":false},"featured_media":7002,"comment_status":"open","ping_status":"closed","template":"","meta":{"_acf_changed":false},"product_brand":[188],"product_cat":[57],"product_tag":[],"class_list":{"0":"post-5535","1":"product","2":"type-product","3":"status-publish","4":"has-post-thumbnail","6":"product_brand-tramontina","7":"product_cat-casa-e-decoracao","9":"first","10":"outofstock","11":"sale","12":"shipping-taxable","13":"purchasable","14":"product-type-simple"},"acf":[],"_links":{"self":[{"href":"https:\/\/armazemon.com.br\/en\/wp-json\/wp\/v2\/product\/5535","targetHints":{"allow":["GET"]}}],"collection":[{"href":"https:\/\/armazemon.com.br\/en\/wp-json\/wp\/v2\/product"}],"about":[{"href":"https:\/\/armazemon.com.br\/en\/wp-json\/wp\/v2\/types\/product"}],"replies":[{"embeddable":true,"href":"https:\/\/armazemon.com.br\/en\/wp-json\/wp\/v2\/comments?post=5535"}],"wp:featuredmedia":[{"embeddable":true,"href":"https:\/\/armazemon.com.br\/en\/wp-json\/wp\/v2\/media\/7002"}],"wp:attachment":[{"href":"https:\/\/armazemon.com.br\/en\/wp-json\/wp\/v2\/media?parent=5535"}],"wp:term":[{"taxonomy":"product_brand","embeddable":true,"href":"https:\/\/armazemon.com.br\/en\/wp-json\/wp\/v2\/product_brand?post=5535"},{"taxonomy":"product_cat","embeddable":true,"href":"https:\/\/armazemon.com.br\/en\/wp-json\/wp\/v2\/product_cat?post=5535"},{"taxonomy":"product_tag","embeddable":true,"href":"https:\/\/armazemon.com.br\/en\/wp-json\/wp\/v2\/product_tag?post=5535"}],"curies":[{"name":"wp","href":"https:\/\/api.w.org\/{rel}","templated":true}]}}