{"id":5539,"date":"2025-10-11T13:41:38","date_gmt":"2025-10-11T13:41:38","guid":{"rendered":"https:\/\/armazemon.com.br\/produto\/lixeira-com-pedal-tramontina-aco-inox-com-balde-interno-20-l\/"},"modified":"2025-12-06T00:18:34","modified_gmt":"2025-12-06T00:18:34","slug":"lixeira-com-pedal-tramontina-aco-inox-com-balde-interno-20-l","status":"publish","type":"product","link":"https:\/\/armazemon.com.br\/en\/product\/lixeira-com-pedal-tramontina-aco-inox-com-balde-interno-20-l\/","title":{"rendered":"Lixeira com Pedal Tramontina A\u00e7o Inox com Balde Interno 20 L"},"content":{"rendered":"<p><span style=\"color: #525252; font-family: 'Tramontina Textos', sans-serif;\">Material: A\u00e7o Inox AISI 430<\/span><br style=\"color: #525252; font-family: 'Tramontina Textos', sans-serif;\" \/><br style=\"color: #525252; font-family: 'Tramontina Textos', sans-serif;\" \/><span style=\"color: #525252; font-family: 'Tramontina Textos', sans-serif;\">Acabamento: Polido<\/span><\/p>\n<p><br style=\"color: #525252; font-family: 'Tramontina Textos', sans-serif;\" \/><span style=\"color: #525252; font-family: 'Tramontina Textos', sans-serif;\">Al\u00e7a para transporte: Sim<\/span><\/p>\n<p><br style=\"color: #525252; font-family: 'Tramontina Textos', sans-serif;\" \/><span style=\"color: #525252; font-family: 'Tramontina Textos', sans-serif;\">Abertura: Pedal<\/span><\/p>\n<p><br style=\"color: #525252; font-family: 'Tramontina Textos', sans-serif;\" \/><span style=\"color: #525252; font-family: 'Tramontina Textos', sans-serif;\">Tampa: Sim<\/span><\/p>\n<p><br style=\"color: #525252; font-family: 'Tramontina Textos', sans-serif;\" \/><span style=\"color: #525252; font-family: 'Tramontina Textos', sans-serif;\">Fechamento suave da tampa: Sim<\/span><\/p>\n<p><br style=\"color: #525252; font-family: 'Tramontina Textos', sans-serif;\" \/><span style=\"color: #525252; font-family: 'Tramontina Textos', sans-serif;\">Balde pl\u00e1stico remov\u00edvel: Sim<\/span><\/p>\n<p><br style=\"color: #525252; font-family: 'Tramontina Textos', sans-serif;\" \/><span style=\"color: #525252; font-family: 'Tramontina Textos', sans-serif;\">Capacidade: 20 L<\/span><\/p>","protected":false},"excerpt":{"rendered":"<p><span style=\"color: #5c5c5c; font-family: 'Tramontina Textos', sans-serif;\">A Lixeira Tramontina Loop combina design elegante e tecnologia para tornar sua rotina mais pr\u00e1tica e higi\u00eanica. Produzida em a\u00e7o inox AISI 430 com acabamento polido, ela se destaca pela durabilidade e sofistica\u00e7\u00e3o, sendo ideal para diversos ambientes internos. Projetada para m\u00e1xima efici\u00eancia, a Loop conta com um sistema Stay-Open, que mant\u00e9m a tampa aberta quando necess\u00e1rio, facilitando o descarte de res\u00edduos. Al\u00e9m disso, o fechamento suave reduz o barulho ao fechar a tampa, proporcionando mais conforto no uso di\u00e1rio. O acionamento por pedal resistente suporta at\u00e9 1 milh\u00e3o de ciclos (aberturas e fechamentos), garantindo longa vida \u00fatil. A lixeira tamb\u00e9m possui balde interno remov\u00edvel com fura\u00e7\u00e3o para prender o saco de lixo, al\u00e9m de base antiderrapante, que evita deslocamentos ao acion\u00e1-la. \u00c9 a escolha perfeita para quem busca design moderno, resist\u00eancia e praticidade no dia a dia.<\/span><\/p>","protected":false},"featured_media":7002,"comment_status":"open","ping_status":"closed","template":"","meta":{"_acf_changed":false},"product_brand":[188],"product_cat":[57],"product_tag":[],"class_list":{"0":"post-5539","1":"product","2":"type-product","3":"status-publish","4":"has-post-thumbnail","6":"product_brand-tramontina","7":"product_cat-casa-e-decoracao","9":"first","10":"outofstock","11":"sale","12":"shipping-taxable","13":"purchasable","14":"product-type-simple"},"acf":[],"_links":{"self":[{"href":"https:\/\/armazemon.com.br\/en\/wp-json\/wp\/v2\/product\/5539","targetHints":{"allow":["GET"]}}],"collection":[{"href":"https:\/\/armazemon.com.br\/en\/wp-json\/wp\/v2\/product"}],"about":[{"href":"https:\/\/armazemon.com.br\/en\/wp-json\/wp\/v2\/types\/product"}],"replies":[{"embeddable":true,"href":"https:\/\/armazemon.com.br\/en\/wp-json\/wp\/v2\/comments?post=5539"}],"wp:featuredmedia":[{"embeddable":true,"href":"https:\/\/armazemon.com.br\/en\/wp-json\/wp\/v2\/media\/7002"}],"wp:attachment":[{"href":"https:\/\/armazemon.com.br\/en\/wp-json\/wp\/v2\/media?parent=5539"}],"wp:term":[{"taxonomy":"product_brand","embeddable":true,"href":"https:\/\/armazemon.com.br\/en\/wp-json\/wp\/v2\/product_brand?post=5539"},{"taxonomy":"product_cat","embeddable":true,"href":"https:\/\/armazemon.com.br\/en\/wp-json\/wp\/v2\/product_cat?post=5539"},{"taxonomy":"product_tag","embeddable":true,"href":"https:\/\/armazemon.com.br\/en\/wp-json\/wp\/v2\/product_tag?post=5539"}],"curies":[{"name":"wp","href":"https:\/\/api.w.org\/{rel}","templated":true}]}}