{"id":5621,"date":"2025-11-17T16:38:47","date_gmt":"2025-11-17T16:38:47","guid":{"rendered":"https:\/\/armazemon.com.br\/produto\/marreta-cabo-fibra-500g-de-aco-forjado-quadrada-guepar\/"},"modified":"2026-03-26T19:42:55","modified_gmt":"2026-03-26T19:42:55","slug":"marreta-cabo-fibra-500g-de-aco-forjado-quadrada-guepar","status":"publish","type":"product","link":"https:\/\/armazemon.com.br\/en\/product\/marreta-cabo-fibra-500g-de-aco-forjado-quadrada-guepar\/","title":{"rendered":"Marreta Cabo Fibra 500g De A\u00e7o Forjado Quadrada &#8211; Guepar"},"content":{"rendered":"<ul data-start=\"637\" data-end=\"852\">\n<li data-start=\"784\" data-end=\"852\">\n<h3 data-start=\"73\" data-end=\"116\"><strong data-start=\"77\" data-end=\"116\">Resist\u00eancia e For\u00e7a Profissional<\/strong><\/h3>\n<ul data-start=\"117\" data-end=\"329\">\n<li data-start=\"117\" data-end=\"179\">\n<p data-start=\"119\" data-end=\"179\">Cabe\u00e7a em\u00a0<strong data-start=\"129\" data-end=\"144\">a\u00e7o forjado<\/strong>\u00a0de 500g para m\u00e1xima durabilidade.<\/p>\n<\/li>\n<li data-start=\"180\" data-end=\"254\">\n<p data-start=\"182\" data-end=\"254\">Ideal para\u00a0<strong data-start=\"193\" data-end=\"222\">quebrar pedras, concretos<\/strong>\u00a0e realizar trabalhos pesados.<\/p>\n<\/li>\n<li data-start=\"255\" data-end=\"329\">\n<p data-start=\"257\" data-end=\"329\">Perfeita tamb\u00e9m para\u00a0<strong data-start=\"278\" data-end=\"328\">golpear form\u00f5es, talhadeiras, estacas e cunhas<\/strong>.<\/p>\n<\/li>\n<\/ul>\n<h3 data-start=\"331\" data-end=\"368\"><strong data-start=\"335\" data-end=\"368\">\u00a0Cabo de Fibra Emborrachado<\/strong><\/h3>\n<ul data-start=\"369\" data-end=\"591\">\n<li data-start=\"369\" data-end=\"453\">\n<p data-start=\"371\" data-end=\"453\">Cabo ergon\u00f4mico com revestimento emborrachado para\u00a0<strong data-start=\"422\" data-end=\"450\">pega firme e confort\u00e1vel<\/strong>.<\/p>\n<\/li>\n<li data-start=\"454\" data-end=\"527\">\n<p data-start=\"456\" data-end=\"527\">Reduz o risco de escorregamentos e aumenta a seguran\u00e7a durante o uso.<\/p>\n<\/li>\n<li data-start=\"528\" data-end=\"591\">\n<p data-start=\"530\" data-end=\"591\">Constru\u00e7\u00e3o robusta que absorve impactos e melhora o controle.<\/p>\n<\/li>\n<\/ul>\n<\/li>\n<\/ul>\n<p>\u00a0<\/p>","protected":false},"excerpt":{"rendered":"<p><span style=\"font-family: 'Proxima Nova', -apple-system, Roboto, Arial, sans-serif;font-size: 20px\">Marreta Oitava De A\u00e7o Forjado 500g Cabo De Fibra Emborrachado Quadrada Tipo Sexta Feira<\/span><br style=\"font-family: 'Proxima Nova', -apple-system, Roboto, Arial, sans-serif;font-size: 20px\" \/><br style=\"font-family: 'Proxima Nova', -apple-system, Roboto, Arial, sans-serif;font-size: 20px\" \/><span style=\"font-family: 'Proxima Nova', -apple-system, Roboto, Arial, sans-serif;font-size: 20px\">A Marreta Quadrada GUEPAR \u00e9 ideal para diversos tipos de trabalhos em \u00e1reas como metal\u00fargicas, oficinas, constru\u00e7\u00e3o civil e outras;<\/span><br style=\"font-family: 'Proxima Nova', -apple-system, Roboto, Arial, sans-serif;font-size: 20px\" \/><br style=\"font-family: 'Proxima Nova', -apple-system, Roboto, Arial, sans-serif;font-size: 20px\" \/><\/p>","protected":false},"featured_media":6380,"comment_status":"open","ping_status":"closed","template":"","meta":{"_acf_changed":false},"product_brand":[236],"product_cat":[31,203,32],"product_tag":[],"class_list":{"0":"post-5621","1":"product","2":"type-product","3":"status-publish","4":"has-post-thumbnail","6":"product_brand-guepar","7":"product_cat-em-promocao","8":"product_cat-ferramenta-para-construcao-civil","9":"product_cat-ferramentas","11":"first","12":"instock","13":"sale","14":"shipping-taxable","15":"purchasable","16":"product-type-simple"},"acf":[],"_links":{"self":[{"href":"https:\/\/armazemon.com.br\/en\/wp-json\/wp\/v2\/product\/5621","targetHints":{"allow":["GET"]}}],"collection":[{"href":"https:\/\/armazemon.com.br\/en\/wp-json\/wp\/v2\/product"}],"about":[{"href":"https:\/\/armazemon.com.br\/en\/wp-json\/wp\/v2\/types\/product"}],"replies":[{"embeddable":true,"href":"https:\/\/armazemon.com.br\/en\/wp-json\/wp\/v2\/comments?post=5621"}],"wp:featuredmedia":[{"embeddable":true,"href":"https:\/\/armazemon.com.br\/en\/wp-json\/wp\/v2\/media\/6380"}],"wp:attachment":[{"href":"https:\/\/armazemon.com.br\/en\/wp-json\/wp\/v2\/media?parent=5621"}],"wp:term":[{"taxonomy":"product_brand","embeddable":true,"href":"https:\/\/armazemon.com.br\/en\/wp-json\/wp\/v2\/product_brand?post=5621"},{"taxonomy":"product_cat","embeddable":true,"href":"https:\/\/armazemon.com.br\/en\/wp-json\/wp\/v2\/product_cat?post=5621"},{"taxonomy":"product_tag","embeddable":true,"href":"https:\/\/armazemon.com.br\/en\/wp-json\/wp\/v2\/product_tag?post=5621"}],"curies":[{"name":"wp","href":"https:\/\/api.w.org\/{rel}","templated":true}]}}