{"id":5631,"date":"2025-11-17T16:38:58","date_gmt":"2025-11-17T16:38:58","guid":{"rendered":"https:\/\/armazemon.com.br\/produto\/espatula-aco-inox-polido-20cm-profissional-massa-corrida-etc\/"},"modified":"2026-05-06T00:36:27","modified_gmt":"2026-05-06T00:36:27","slug":"espatula-aco-inox-polido-20cm-profissional-massa-corrida-etc","status":"publish","type":"product","link":"https:\/\/armazemon.com.br\/en\/product\/espatula-aco-inox-polido-20cm-profissional-massa-corrida-etc\/","title":{"rendered":"Esp\u00e1tula A\u00e7o Inox Polido 20cm Profissional Massa Corrida etc"},"content":{"rendered":"<h3 data-start=\"73\" data-end=\"113\"><strong data-start=\"77\" data-end=\"113\">\u00a0Acabamento Preciso e Uniforme<\/strong><\/h3>\n<ul data-start=\"114\" data-end=\"313\">\n<li data-start=\"114\" data-end=\"193\">\n<p data-start=\"116\" data-end=\"193\">L\u00e2mina em <strong data-start=\"126\" data-end=\"147\">a\u00e7o inox de 20 cm<\/strong>, ideal para massa corrida, gesso e drywall.<\/p>\n<\/li>\n<li data-start=\"194\" data-end=\"257\">\n<p data-start=\"196\" data-end=\"257\">Proporciona <strong data-start=\"208\" data-end=\"254\">aplica\u00e7\u00e3o suave e resultados profissionais<\/strong>.<\/p>\n<\/li>\n<li data-start=\"258\" data-end=\"313\">\n<p data-start=\"260\" data-end=\"313\">Excelente para acabamentos finos em obras e reformas.<\/p>\n<\/li>\n<\/ul>\n<h3 data-start=\"315\" data-end=\"354\"><strong data-start=\"319\" data-end=\"354\">Constru\u00e7\u00e3o Robusta e Dur\u00e1vel<\/strong><\/h3>\n<ul data-start=\"613\" data-end=\"841\">\n<li data-start=\"355\" data-end=\"428\">\n<p data-start=\"357\" data-end=\"428\">Cabo em <strong data-start=\"365\" data-end=\"383\">a\u00e7o resistente<\/strong>, garantindo longa vida \u00fatil da ferramenta.<\/p>\n<\/li>\n<li data-start=\"429\" data-end=\"494\">\n<p data-start=\"431\" data-end=\"494\">Maior firmeza e controle durante o uso, evitando deforma\u00e7\u00f5es.<\/p>\n<\/li>\n<li data-start=\"495\" data-end=\"564\">\n<p data-start=\"497\" data-end=\"564\">Desenvolvida para suportar uso frequente no dia a dia profissional.<\/p>\n<\/li>\n<\/ul>","protected":false},"excerpt":{"rendered":"<p><span style=\"font-family: 'Proxima Nova', -apple-system, Roboto, Arial, sans-serif;font-size: 20px\">A Esp\u00e1tula A\u00e7o Inox 20cm Grande Massa Corrida Gesso Drywall da marca Guepar \u00e9 perfeita para quem busca qualidade e efici\u00eancia aplica\u00e7\u00e3o de massa corrida em obras de gesso drywall.\u00a0<\/span><\/p>","protected":false},"featured_media":5627,"comment_status":"open","ping_status":"closed","template":"","meta":{"_acf_changed":false},"product_brand":[236],"product_cat":[31,203,202,32],"product_tag":[],"class_list":{"0":"post-5631","1":"product","2":"type-product","3":"status-publish","4":"has-post-thumbnail","6":"product_brand-guepar","7":"product_cat-em-promocao","8":"product_cat-ferramenta-para-construcao-civil","9":"product_cat-ferramenta-para-pintura","10":"product_cat-ferramentas","12":"first","13":"instock","14":"sale","15":"shipping-taxable","16":"purchasable","17":"product-type-simple"},"acf":[],"_links":{"self":[{"href":"https:\/\/armazemon.com.br\/en\/wp-json\/wp\/v2\/product\/5631","targetHints":{"allow":["GET"]}}],"collection":[{"href":"https:\/\/armazemon.com.br\/en\/wp-json\/wp\/v2\/product"}],"about":[{"href":"https:\/\/armazemon.com.br\/en\/wp-json\/wp\/v2\/types\/product"}],"replies":[{"embeddable":true,"href":"https:\/\/armazemon.com.br\/en\/wp-json\/wp\/v2\/comments?post=5631"}],"wp:featuredmedia":[{"embeddable":true,"href":"https:\/\/armazemon.com.br\/en\/wp-json\/wp\/v2\/media\/5627"}],"wp:attachment":[{"href":"https:\/\/armazemon.com.br\/en\/wp-json\/wp\/v2\/media?parent=5631"}],"wp:term":[{"taxonomy":"product_brand","embeddable":true,"href":"https:\/\/armazemon.com.br\/en\/wp-json\/wp\/v2\/product_brand?post=5631"},{"taxonomy":"product_cat","embeddable":true,"href":"https:\/\/armazemon.com.br\/en\/wp-json\/wp\/v2\/product_cat?post=5631"},{"taxonomy":"product_tag","embeddable":true,"href":"https:\/\/armazemon.com.br\/en\/wp-json\/wp\/v2\/product_tag?post=5631"}],"curies":[{"name":"wp","href":"https:\/\/api.w.org\/{rel}","templated":true}]}}