{"id":5653,"date":"2025-11-17T17:22:00","date_gmt":"2025-11-17T17:22:00","guid":{"rendered":"https:\/\/armazemon.com.br\/produto\/kit-de-10-disco-de-corte-180x16x2220-mm-aco-inox-g14\/"},"modified":"2026-01-30T17:09:45","modified_gmt":"2026-01-30T17:09:45","slug":"kit-de-10-disco-de-corte-180x16x2220-mm-aco-inox-g14","status":"publish","type":"product","link":"https:\/\/armazemon.com.br\/en\/product\/kit-de-10-disco-de-corte-180x16x2220-mm-aco-inox-g14\/","title":{"rendered":"KIT de 10 Disco de Corte 180&#215;1,6&#215;22,20 mm A\u00e7o Inox &#8211; G14"},"content":{"rendered":"<p><span style=\"font-family: 'Proxima Nova', -apple-system, Roboto, Arial, sans-serif;font-size: 20px\">O KIT 10 DISCOS DE CORTE GUEPAR &#8211; G14 \u00e9 a escolha perfeita para quem busca efici\u00eancia e precis\u00e3o em cortes. <\/span><\/p>\n<p>\u00a0<\/p>\n<p><span style=\"font-family: 'Proxima Nova', -apple-system, Roboto, Arial, sans-serif;font-size: 20px\">Com um di\u00e2metro de 180 mm e espessura de 1,6 mm<\/span><\/p>\n<p>\u00a0<\/p>\n<p>\u00a0<\/p>\n<p><span style=\"font-family: 'Proxima Nova', -apple-system, Roboto, Arial, sans-serif;font-size: 20px\">O di\u00e2metro central de 22,2 mm proporciona uma instala\u00e7\u00e3o f\u00e1cil e segura em diversas ferramentas.<\/span><\/p>\n<p>\u00a0<\/p>\n<p>\u00a0<\/p>","protected":false},"excerpt":{"rendered":"<p><span style=\"font-family: 'Proxima Nova', -apple-system, Roboto, Arial, sans-serif;font-size: 20px\">O KIT 10 DISCOS DE CORTE GUEPAR &#8211; G14 \u00e9 a escolha perfeita para quem busca efici\u00eancia e precis\u00e3o em cortes. Com um di\u00e2metro de 180 mm e espessura de 1,6 mm, esses discos s\u00e3o ideais para trabalhar com uma variedade de superf\u00edcies, incluindo a\u00e7o, inox, alum\u00ednio e PVC. <\/span><\/p>\n<p>\u00a0<\/p>","protected":false},"featured_media":5649,"comment_status":"open","ping_status":"closed","template":"","meta":{"_acf_changed":false},"product_brand":[236],"product_cat":[199,31,32],"product_tag":[],"class_list":{"0":"post-5653","1":"product","2":"type-product","3":"status-publish","4":"has-post-thumbnail","6":"product_brand-guepar","7":"product_cat-discos-de-cortes-e-desbaste","8":"product_cat-em-promocao","9":"product_cat-ferramentas","11":"first","12":"outofstock","13":"sale","14":"shipping-taxable","15":"purchasable","16":"product-type-simple"},"acf":[],"_links":{"self":[{"href":"https:\/\/armazemon.com.br\/en\/wp-json\/wp\/v2\/product\/5653","targetHints":{"allow":["GET"]}}],"collection":[{"href":"https:\/\/armazemon.com.br\/en\/wp-json\/wp\/v2\/product"}],"about":[{"href":"https:\/\/armazemon.com.br\/en\/wp-json\/wp\/v2\/types\/product"}],"replies":[{"embeddable":true,"href":"https:\/\/armazemon.com.br\/en\/wp-json\/wp\/v2\/comments?post=5653"}],"wp:featuredmedia":[{"embeddable":true,"href":"https:\/\/armazemon.com.br\/en\/wp-json\/wp\/v2\/media\/5649"}],"wp:attachment":[{"href":"https:\/\/armazemon.com.br\/en\/wp-json\/wp\/v2\/media?parent=5653"}],"wp:term":[{"taxonomy":"product_brand","embeddable":true,"href":"https:\/\/armazemon.com.br\/en\/wp-json\/wp\/v2\/product_brand?post=5653"},{"taxonomy":"product_cat","embeddable":true,"href":"https:\/\/armazemon.com.br\/en\/wp-json\/wp\/v2\/product_cat?post=5653"},{"taxonomy":"product_tag","embeddable":true,"href":"https:\/\/armazemon.com.br\/en\/wp-json\/wp\/v2\/product_tag?post=5653"}],"curies":[{"name":"wp","href":"https:\/\/api.w.org\/{rel}","templated":true}]}}