{"id":5656,"date":"2025-11-17T17:22:04","date_gmt":"2025-11-17T17:22:04","guid":{"rendered":"https:\/\/armazemon.com.br\/produto\/kit-10-discos-corte-porcelanato-g3-ultrafino-corte-a-seco\/"},"modified":"2026-03-10T11:03:59","modified_gmt":"2026-03-10T11:03:59","slug":"kit-10-discos-corte-porcelanato-g3-ultrafino-corte-a-seco","status":"publish","type":"product","link":"https:\/\/armazemon.com.br\/en\/product\/kit-10-discos-corte-porcelanato-g3-ultrafino-corte-a-seco\/","title":{"rendered":"Kit 10 Discos Corte Porcelanato G3 &#8211; Ultrafino Corte a Seco"},"content":{"rendered":"<h3 data-start=\"82\" data-end=\"119\"><strong data-start=\"86\" data-end=\"119\">Corte Limpo e Profissional<\/strong><\/h3>\n<ul data-start=\"120\" data-end=\"354\">\n<li data-start=\"120\" data-end=\"197\">\n<p data-start=\"122\" data-end=\"197\">Tecnologia diamantada G3 para cortes <strong data-start=\"159\" data-end=\"194\">precisos, suaves e sem rebarbas<\/strong>.<\/p>\n<\/li>\n<li data-start=\"198\" data-end=\"271\">\n<p data-start=\"200\" data-end=\"271\">Borda cont\u00ednua que <strong data-start=\"219\" data-end=\"238\">reduz vibra\u00e7\u00f5es<\/strong> e evita lascas no porcelanato.<\/p>\n<\/li>\n<li data-start=\"272\" data-end=\"354\">\n<p data-start=\"274\" data-end=\"354\">Ideal para acabamentos finos em porcelanato, cer\u00e2mica e revestimentos delicados.<\/p>\n<\/li>\n<\/ul>\n<h3 data-start=\"356\" data-end=\"398\"><strong data-start=\"360\" data-end=\"398\">Alta Performance e Produtividade<\/strong><\/h3>\n<ul data-start=\"399\" data-end=\"641\">\n<li data-start=\"399\" data-end=\"486\">\n<p data-start=\"401\" data-end=\"486\">Alta velocidade de corte (at\u00e9 <strong data-start=\"431\" data-end=\"445\">13.300 RPM<\/strong>), garantindo mais efici\u00eancia em obras.<\/p>\n<\/li>\n<li data-start=\"487\" data-end=\"574\">\n<p data-start=\"489\" data-end=\"574\">Excelente desempenho mesmo em <strong data-start=\"519\" data-end=\"547\">materiais de alta dureza<\/strong>, como m\u00e1rmore e granito.<\/p>\n<\/li>\n<li data-start=\"575\" data-end=\"641\">\n<p data-start=\"577\" data-end=\"641\">Durabilidade superior que proporciona <strong data-start=\"615\" data-end=\"640\">\u00f3timo custo-benef\u00edcio<\/strong>.<\/p>\n<\/li>\n<\/ul>","protected":false},"excerpt":{"rendered":"<p style=\"font-size: 14px;font-weight: 400\" data-start=\"313\" data-end=\"623\">Os\u00a0<strong data-start=\"316\" data-end=\"345\">Discos de Corte Guepar G3<\/strong>\u00a0s\u00e3o ideais para quem busca\u00a0<strong data-start=\"373\" data-end=\"414\">cortes limpos, r\u00e1pidos e sem rebarbas<\/strong>\u00a0em porcelanatos, pisos cer\u00e2micos e materiais de alta dureza. Desenvolvidos com\u00a0<strong data-start=\"494\" data-end=\"537\">tecnologia diamantada de \u00faltima gera\u00e7\u00e3o<\/strong>, proporcionam excelente desempenho e durabilidade superior, mesmo em usos intensivos.<\/p>\n<h3 data-start=\"1833\" data-end=\"1907\"><\/h3>","protected":false},"featured_media":5654,"comment_status":"open","ping_status":"closed","template":"","meta":{"_acf_changed":false},"product_brand":[236],"product_cat":[199,31,32],"product_tag":[],"class_list":{"0":"post-5656","1":"product","2":"type-product","3":"status-publish","4":"has-post-thumbnail","6":"product_brand-guepar","7":"product_cat-discos-de-cortes-e-desbaste","8":"product_cat-em-promocao","9":"product_cat-ferramentas","11":"first","12":"instock","13":"sale","14":"shipping-taxable","15":"purchasable","16":"product-type-simple"},"acf":[],"_links":{"self":[{"href":"https:\/\/armazemon.com.br\/en\/wp-json\/wp\/v2\/product\/5656","targetHints":{"allow":["GET"]}}],"collection":[{"href":"https:\/\/armazemon.com.br\/en\/wp-json\/wp\/v2\/product"}],"about":[{"href":"https:\/\/armazemon.com.br\/en\/wp-json\/wp\/v2\/types\/product"}],"replies":[{"embeddable":true,"href":"https:\/\/armazemon.com.br\/en\/wp-json\/wp\/v2\/comments?post=5656"}],"wp:featuredmedia":[{"embeddable":true,"href":"https:\/\/armazemon.com.br\/en\/wp-json\/wp\/v2\/media\/5654"}],"wp:attachment":[{"href":"https:\/\/armazemon.com.br\/en\/wp-json\/wp\/v2\/media?parent=5656"}],"wp:term":[{"taxonomy":"product_brand","embeddable":true,"href":"https:\/\/armazemon.com.br\/en\/wp-json\/wp\/v2\/product_brand?post=5656"},{"taxonomy":"product_cat","embeddable":true,"href":"https:\/\/armazemon.com.br\/en\/wp-json\/wp\/v2\/product_cat?post=5656"},{"taxonomy":"product_tag","embeddable":true,"href":"https:\/\/armazemon.com.br\/en\/wp-json\/wp\/v2\/product_tag?post=5656"}],"curies":[{"name":"wp","href":"https:\/\/api.w.org\/{rel}","templated":true}]}}