{"id":5664,"date":"2025-11-17T17:22:14","date_gmt":"2025-11-17T17:22:14","guid":{"rendered":"https:\/\/armazemon.com.br\/produto\/disco-lamina-de-serra-circular-250x30mm-aluminio-100-dentes\/"},"modified":"2026-03-11T23:53:07","modified_gmt":"2026-03-11T23:53:07","slug":"disco-lamina-de-serra-circular-250x30mm-aluminio-100-dentes","status":"publish","type":"product","link":"https:\/\/armazemon.com.br\/en\/product\/disco-lamina-de-serra-circular-250x30mm-aluminio-100-dentes\/","title":{"rendered":"Disco L\u00e2mina De Serra Circular 250x30mm Alum\u00ednio 100 Dentes"},"content":{"rendered":"<h3 data-start=\"82\" data-end=\"118\"><strong data-start=\"86\" data-end=\"118\">Corte Preciso em Alum\u00ednio<\/strong><\/h3>\n<ul data-start=\"119\" data-end=\"369\">\n<li data-start=\"119\" data-end=\"211\">\n<p data-start=\"121\" data-end=\"211\">L\u00e2mina de <strong data-start=\"131\" data-end=\"165\">250 mm com 100 dentes de w\u00eddea<\/strong>, garantindo cortes limpos e sem estilha\u00e7os.<\/p>\n<\/li>\n<li data-start=\"212\" data-end=\"300\">\n<p data-start=\"214\" data-end=\"300\">Ideal para <strong data-start=\"225\" data-end=\"256\">alum\u00ednio e madeira laminada<\/strong>, oferecendo acabamento extremamente liso.<\/p>\n<\/li>\n<li data-start=\"301\" data-end=\"369\">\n<p data-start=\"303\" data-end=\"369\">Dentes finos que reduzem lascas e proporcionam encaixes perfeitos.<\/p>\n<\/li>\n<\/ul>\n<h3 data-start=\"371\" data-end=\"415\"><strong data-start=\"375\" data-end=\"415\">Constru\u00e7\u00e3o Profissional e Dur\u00e1vel<\/strong><\/h3>\n<ul data-start=\"656\" data-end=\"870\">\n<li data-start=\"416\" data-end=\"492\">\n<p data-start=\"418\" data-end=\"492\">Fabricada em <strong data-start=\"431\" data-end=\"461\">a\u00e7o temperado e endurecido<\/strong>, garantindo longa vida \u00fatil.<\/p>\n<\/li>\n<li data-start=\"493\" data-end=\"562\">\n<p data-start=\"495\" data-end=\"562\">Tecnologia de corte de alta performance para trabalhos exigentes.<\/p>\n<\/li>\n<li data-start=\"563\" data-end=\"620\">\n<p data-start=\"565\" data-end=\"620\">Mant\u00e9m estabilidade e precis\u00e3o mesmo em usos cont\u00ednuos<\/p>\n<\/li>\n<li data-start=\"789\" data-end=\"870\">\n<p data-start=\"791\" data-end=\"870\">\u00a0<\/p>\n<\/li>\n<\/ul>\n<p><br style=\"font-family: 'Proxima Nova', -apple-system, Roboto, Arial, sans-serif;font-size: 20px\" \/><\/p>","protected":false},"excerpt":{"rendered":"<p><span style=\"font-family: 'Proxima Nova', -apple-system, Roboto, Arial, sans-serif;font-size: 20px\">Disco L\u00e2mina de Serra 250mm W\u00eddea para Alum\u00ednio 100 Dentes Profissional Guepar<\/span><br style=\"font-family: 'Proxima Nova', -apple-system, Roboto, Arial, sans-serif;font-size: 20px\" \/><br style=\"font-family: 'Proxima Nova', -apple-system, Roboto, Arial, sans-serif;font-size: 20px\" \/><span style=\"font-family: 'Proxima Nova', -apple-system, Roboto, Arial, sans-serif;font-size: 20px\">A L\u00e2mina de Serra Circular 250mm da Guepar \u00e9 ideal para cortes em alum\u00ednio, produzindo encaixes perfeitos. <\/span><\/p>\n<p><span style=\"font-family: 'Proxima Nova', -apple-system, Roboto, Arial, sans-serif;font-size: 20px\">Fabricada com 100 dentes de v\u00eddea finos que reduzem estilha\u00e7os e lascas<\/span><br style=\"font-family: 'Proxima Nova', -apple-system, Roboto, Arial, sans-serif;font-size: 20px\" \/><\/p>","protected":false},"featured_media":5660,"comment_status":"open","ping_status":"closed","template":"","meta":{"_acf_changed":false},"product_brand":[236],"product_cat":[199,31,32],"product_tag":[],"class_list":{"0":"post-5664","1":"product","2":"type-product","3":"status-publish","4":"has-post-thumbnail","6":"product_brand-guepar","7":"product_cat-discos-de-cortes-e-desbaste","8":"product_cat-em-promocao","9":"product_cat-ferramentas","11":"first","12":"outofstock","13":"sale","14":"shipping-taxable","15":"purchasable","16":"product-type-simple"},"acf":[],"_links":{"self":[{"href":"https:\/\/armazemon.com.br\/en\/wp-json\/wp\/v2\/product\/5664","targetHints":{"allow":["GET"]}}],"collection":[{"href":"https:\/\/armazemon.com.br\/en\/wp-json\/wp\/v2\/product"}],"about":[{"href":"https:\/\/armazemon.com.br\/en\/wp-json\/wp\/v2\/types\/product"}],"replies":[{"embeddable":true,"href":"https:\/\/armazemon.com.br\/en\/wp-json\/wp\/v2\/comments?post=5664"}],"wp:featuredmedia":[{"embeddable":true,"href":"https:\/\/armazemon.com.br\/en\/wp-json\/wp\/v2\/media\/5660"}],"wp:attachment":[{"href":"https:\/\/armazemon.com.br\/en\/wp-json\/wp\/v2\/media?parent=5664"}],"wp:term":[{"taxonomy":"product_brand","embeddable":true,"href":"https:\/\/armazemon.com.br\/en\/wp-json\/wp\/v2\/product_brand?post=5664"},{"taxonomy":"product_cat","embeddable":true,"href":"https:\/\/armazemon.com.br\/en\/wp-json\/wp\/v2\/product_cat?post=5664"},{"taxonomy":"product_tag","embeddable":true,"href":"https:\/\/armazemon.com.br\/en\/wp-json\/wp\/v2\/product_tag?post=5664"}],"curies":[{"name":"wp","href":"https:\/\/api.w.org\/{rel}","templated":true}]}}