{"id":5676,"date":"2025-11-17T17:37:59","date_gmt":"2025-11-17T17:37:59","guid":{"rendered":"https:\/\/armazemon.com.br\/produto\/rolo-220m-corda-3mm-varal-branca-amarracao-tela-de-protecao\/"},"modified":"2026-03-09T11:07:01","modified_gmt":"2026-03-09T11:07:01","slug":"rolo-220m-corda-3mm-varal-branca-amarracao-tela-de-protecao","status":"publish","type":"product","link":"https:\/\/armazemon.com.br\/en\/product\/rolo-220m-corda-3mm-varal-branca-amarracao-tela-de-protecao\/","title":{"rendered":"Rolo 220m Corda 3mm Varal Branca Amarra\u00e7\u00e3o Tela De Prote\u00e7\u00e3o"},"content":{"rendered":"<h3 data-start=\"82\" data-end=\"130\"><strong data-start=\"86\" data-end=\"130\">\u00a0Resist\u00eancia e Durabilidade Garantidas<\/strong><\/h3>\n<ul data-start=\"131\" data-end=\"374\">\n<li data-start=\"131\" data-end=\"213\">\n<p data-start=\"133\" data-end=\"213\">Corda de <strong data-start=\"142\" data-end=\"164\">polipropileno 3 mm<\/strong>, leve, forte e com <strong data-start=\"184\" data-end=\"210\">baixa absor\u00e7\u00e3o de \u00e1gua<\/strong>.<\/p>\n<\/li>\n<li data-start=\"214\" data-end=\"305\">\n<p data-start=\"216\" data-end=\"305\">Alta resist\u00eancia \u00e0 abras\u00e3o, ideal para uso constante e contato com superf\u00edcies \u00e1speras.<\/p>\n<\/li>\n<li data-start=\"306\" data-end=\"374\">\n<p data-start=\"308\" data-end=\"374\">Estrutura <strong data-start=\"318\" data-end=\"337\">multifilamentar<\/strong>, oferecendo maior for\u00e7a e vida \u00fatil.<\/p>\n<\/li>\n<\/ul>\n<h3 data-start=\"647\" data-end=\"686\"><strong data-start=\"651\" data-end=\"686\">Rolo Econ\u00f4mico de 220 Metros<\/strong><\/h3>\n<p>\u00a0<\/p>\n<ul data-start=\"687\" data-end=\"910\">\n<li data-start=\"687\" data-end=\"764\">\n<p data-start=\"689\" data-end=\"764\">Cor <strong data-start=\"693\" data-end=\"703\">branca<\/strong>, f\u00e1cil de visualizar e combinar com diferentes aplica\u00e7\u00f5es.<\/p>\n<\/li>\n<li data-start=\"765\" data-end=\"849\">\n<p data-start=\"767\" data-end=\"849\">Extens\u00e3o de <strong data-start=\"779\" data-end=\"793\">220 metros<\/strong>, garantindo \u00f3timo rendimento para m\u00faltiplos projetos.<\/p>\n<\/li>\n<li data-start=\"850\" data-end=\"910\">\n<p data-start=\"852\" data-end=\"910\">Indicada tanto para <strong data-start=\"872\" data-end=\"889\">uso dom\u00e9stico<\/strong> quanto profissional.<\/p>\n<\/li>\n<\/ul>","protected":false},"excerpt":{"rendered":"<p><span style=\"font-family: 'Proxima Nova', -apple-system, Roboto, Arial, sans-serif;font-size: 20px\">A corda PP de 3mm \u00e9 fabricada a partir de polipropileno, um material resistente e dur\u00e1vel. Possui baixa absor\u00e7\u00e3o de \u00e1gua, o que significa que n\u00e3o fica pesada ou enfraquecida quando exposta \u00e0 umidade, tornando-a adequada para uso em condi\u00e7\u00f5es \u00famidas.<\/span><br style=\"font-family: 'Proxima Nova', -apple-system, Roboto, Arial, sans-serif;font-size: 20px\" \/><br style=\"font-family: 'Proxima Nova', -apple-system, Roboto, Arial, sans-serif;font-size: 20px\" \/><\/p>","protected":false},"featured_media":5671,"comment_status":"open","ping_status":"closed","template":"","meta":{"_acf_changed":false},"product_brand":[],"product_cat":[204],"product_tag":[],"class_list":{"0":"post-5676","1":"product","2":"type-product","3":"status-publish","4":"has-post-thumbnail","6":"product_cat-cordas-e-lonas","8":"first","9":"instock","10":"sale","11":"shipping-taxable","12":"purchasable","13":"product-type-simple"},"acf":[],"_links":{"self":[{"href":"https:\/\/armazemon.com.br\/en\/wp-json\/wp\/v2\/product\/5676","targetHints":{"allow":["GET"]}}],"collection":[{"href":"https:\/\/armazemon.com.br\/en\/wp-json\/wp\/v2\/product"}],"about":[{"href":"https:\/\/armazemon.com.br\/en\/wp-json\/wp\/v2\/types\/product"}],"replies":[{"embeddable":true,"href":"https:\/\/armazemon.com.br\/en\/wp-json\/wp\/v2\/comments?post=5676"}],"wp:featuredmedia":[{"embeddable":true,"href":"https:\/\/armazemon.com.br\/en\/wp-json\/wp\/v2\/media\/5671"}],"wp:attachment":[{"href":"https:\/\/armazemon.com.br\/en\/wp-json\/wp\/v2\/media?parent=5676"}],"wp:term":[{"taxonomy":"product_brand","embeddable":true,"href":"https:\/\/armazemon.com.br\/en\/wp-json\/wp\/v2\/product_brand?post=5676"},{"taxonomy":"product_cat","embeddable":true,"href":"https:\/\/armazemon.com.br\/en\/wp-json\/wp\/v2\/product_cat?post=5676"},{"taxonomy":"product_tag","embeddable":true,"href":"https:\/\/armazemon.com.br\/en\/wp-json\/wp\/v2\/product_tag?post=5676"}],"curies":[{"name":"wp","href":"https:\/\/api.w.org\/{rel}","templated":true}]}}