{"id":5779,"date":"2025-11-24T20:45:43","date_gmt":"2025-11-24T20:45:43","guid":{"rendered":"https:\/\/armazemon.com.br\/produto\/maquina-de-chapisco-textura-inox-profissional-guepar\/"},"modified":"2026-05-04T11:45:11","modified_gmt":"2026-05-04T11:45:11","slug":"maquina-de-chapisco-textura-inox-profissional-guepar","status":"publish","type":"product","link":"https:\/\/armazemon.com.br\/en\/product\/maquina-de-chapisco-textura-inox-profissional-guepar\/","title":{"rendered":"M\u00e1quina De Chapisco Textura Inox Profissional &#8211; Guepar"},"content":{"rendered":"<p class=\"ui-pdp-description__content\" style=\"font-family: 'Proxima Nova', -apple-system, Roboto, Arial, sans-serif;font-size: 20px;line-height: 27px\" data-testid=\"content\">&#8211; Marca: Guepar- Facilite o seu trabalho com esta fant\u00e1stica ferramenta<\/p>\n<p class=\"ui-pdp-description__content\" style=\"font-family: 'Proxima Nova', -apple-system, Roboto, Arial, sans-serif;font-size: 20px;line-height: 27px\" data-testid=\"content\">&#8211; Muito pr\u00e1tica, leve e f\u00e1cil de f\u00e1cil manuseio<\/p>\n<p class=\"ui-pdp-description__content\" style=\"font-family: 'Proxima Nova', -apple-system, Roboto, Arial, sans-serif;font-size: 20px;line-height: 27px\" data-testid=\"content\">&#8211; N\u00e3o precisa ser pedreiro para us\u00e1-la, dispensa o uso de colher de pedreiro<\/p>\n<p class=\"ui-pdp-description__content\" style=\"font-family: 'Proxima Nova', -apple-system, Roboto, Arial, sans-serif;font-size: 20px;line-height: 27px\" data-testid=\"content\">&#8211; Basta colocar massa e girar \/ rodar a manivela<\/p>\n<p class=\"ui-pdp-description__content\" style=\"font-family: 'Proxima Nova', -apple-system, Roboto, Arial, sans-serif;font-size: 20px;line-height: 27px\" data-testid=\"content\">&#8211; SERVI\u00c7O LIMPO: N\u00e3o suja a pessoa e n\u00e3o suja a obra- Economia de at\u00e9 35 % de Material (Cimento e Areia)<\/p>\n<p class=\"ui-pdp-description__content\" style=\"font-family: 'Proxima Nova', -apple-system, Roboto, Arial, sans-serif;font-size: 20px;line-height: 27px\" data-testid=\"content\">&#8211; O chapisco fica bem preenchido e uniforme<\/p>\n<p class=\"ui-pdp-description__content\" style=\"font-family: 'Proxima Nova', -apple-system, Roboto, Arial, sans-serif;font-size: 20px;line-height: 27px\" data-testid=\"content\">&#8211; Chapisca tamb\u00e9m o teto<\/p>\n<p class=\"ui-pdp-description__content\" style=\"font-family: 'Proxima Nova', -apple-system, Roboto, Arial, sans-serif;font-size: 20px;line-height: 27px\" data-testid=\"content\">\u00a0<\/p>","protected":false},"excerpt":{"rendered":"<p><span style=\"font-family: 'Proxima Nova', -apple-system, Roboto, Arial, sans-serif;font-size: 20px\">A m\u00e1quina de chapisco e textura \u00e9 fabricada em inox, o que a torna mais resistente ao trabalho, facilitando inclusive a sua limpeza ap\u00f3s o uso.<\/span><\/p>","protected":false},"featured_media":5774,"comment_status":"open","ping_status":"closed","template":"","meta":{"_acf_changed":false},"product_brand":[236],"product_cat":[31,203,202,32],"product_tag":[],"class_list":{"0":"post-5779","1":"product","2":"type-product","3":"status-publish","4":"has-post-thumbnail","6":"product_brand-guepar","7":"product_cat-em-promocao","8":"product_cat-ferramenta-para-construcao-civil","9":"product_cat-ferramenta-para-pintura","10":"product_cat-ferramentas","12":"first","13":"outofstock","14":"sale","15":"shipping-taxable","16":"purchasable","17":"product-type-simple"},"acf":[],"_links":{"self":[{"href":"https:\/\/armazemon.com.br\/en\/wp-json\/wp\/v2\/product\/5779","targetHints":{"allow":["GET"]}}],"collection":[{"href":"https:\/\/armazemon.com.br\/en\/wp-json\/wp\/v2\/product"}],"about":[{"href":"https:\/\/armazemon.com.br\/en\/wp-json\/wp\/v2\/types\/product"}],"replies":[{"embeddable":true,"href":"https:\/\/armazemon.com.br\/en\/wp-json\/wp\/v2\/comments?post=5779"}],"wp:featuredmedia":[{"embeddable":true,"href":"https:\/\/armazemon.com.br\/en\/wp-json\/wp\/v2\/media\/5774"}],"wp:attachment":[{"href":"https:\/\/armazemon.com.br\/en\/wp-json\/wp\/v2\/media?parent=5779"}],"wp:term":[{"taxonomy":"product_brand","embeddable":true,"href":"https:\/\/armazemon.com.br\/en\/wp-json\/wp\/v2\/product_brand?post=5779"},{"taxonomy":"product_cat","embeddable":true,"href":"https:\/\/armazemon.com.br\/en\/wp-json\/wp\/v2\/product_cat?post=5779"},{"taxonomy":"product_tag","embeddable":true,"href":"https:\/\/armazemon.com.br\/en\/wp-json\/wp\/v2\/product_tag?post=5779"}],"curies":[{"name":"wp","href":"https:\/\/api.w.org\/{rel}","templated":true}]}}