{"id":5800,"date":"2025-11-24T20:46:08","date_gmt":"2025-11-24T20:46:08","guid":{"rendered":"https:\/\/armazemon.com.br\/produto\/serrote-22-pol-corte-rapido-dentes-temperado-prof-guepar\/"},"modified":"2026-03-05T17:03:01","modified_gmt":"2026-03-05T17:03:01","slug":"serrote-22-pol-corte-rapido-dentes-temperado-prof-guepar","status":"publish","type":"product","link":"https:\/\/armazemon.com.br\/en\/product\/serrote-22-pol-corte-rapido-dentes-temperado-prof-guepar\/","title":{"rendered":"Serrote 22 Pol. Corte R\u00e1pido Dentes Temperado Prof- Guepar"},"content":{"rendered":"<h2 data-testid=\"title\" class=\"ui-pdp-description__title\" style=\"font-family: 'Proxima Nova', -apple-system, Roboto, Arial, sans-serif;font-weight: 400;line-height: 1.25;margin: 0px 0px 24px;font-size: 24px\">Descri\u00e7\u00e3o<\/h2>\n<p class=\"ui-pdp-description__content\" style=\"font-family: 'Proxima Nova', -apple-system, Roboto, Arial, sans-serif;font-size: 20px;line-height: 27px\" data-testid=\"content\">Serrote Temperado 22 Pol. Corte R\u00e1pido Carpinteiro Profissional Guepar<\/p>\n<p>&#8211; Comprimento da l\u00e2mina: 22 Polegadas (560mm)<br \/>&#8211; Comprimento total: 650mm<br \/>&#8211; N\u00famero de dentes por polegada: 7 dentes<br \/>&#8211; Dentes temperados<br \/>&#8211; Cabo emborrachado anat\u00f4mico<br \/>&#8211; Corte r\u00e1pido<br \/>&#8211; Profissional<br \/>&#8211; Conta com refer\u00eancia r\u00e1pida de \u00e2ngulos no cabo de 45\u00b0 e 90\u00b0<br \/>&#8211; L\u00e2mina em a\u00e7o temperado com dentes travados com dupla afia\u00e7\u00e3o, conferindo um corte mais eficiente.<br \/>&#8211; Indicado para cortes de madeira seca<br \/>&#8211; Ideal para trabalhos na constru\u00e7\u00e3o civil, manuten\u00e7\u00e3o residencial e predial<br \/>&#8211; Muito utilizado por carpinteiros<\/p>","protected":false},"excerpt":{"rendered":"<p><span style=\"font-family: 'Proxima Nova', -apple-system, Roboto, Arial, sans-serif;font-size: 20px\">L\u00e2mina em a\u00e7o temperado com dentes travados com dupla afia\u00e7\u00e3o, conferindo um corte mais eficiente.<\/span><span style=\"font-family: 'Proxima Nova', -apple-system, Roboto, Arial, sans-serif;font-size: 20px\">\u00a0Indicado para cortes de madeira seca.<\/span><\/p>","protected":false},"featured_media":6508,"comment_status":"open","ping_status":"closed","template":"","meta":{"_acf_changed":false},"product_brand":[236],"product_cat":[31,203,32],"product_tag":[],"class_list":{"0":"post-5800","1":"product","2":"type-product","3":"status-publish","4":"has-post-thumbnail","6":"product_brand-guepar","7":"product_cat-em-promocao","8":"product_cat-ferramenta-para-construcao-civil","9":"product_cat-ferramentas","11":"first","12":"instock","13":"sale","14":"shipping-taxable","15":"purchasable","16":"product-type-simple"},"acf":[],"_links":{"self":[{"href":"https:\/\/armazemon.com.br\/en\/wp-json\/wp\/v2\/product\/5800","targetHints":{"allow":["GET"]}}],"collection":[{"href":"https:\/\/armazemon.com.br\/en\/wp-json\/wp\/v2\/product"}],"about":[{"href":"https:\/\/armazemon.com.br\/en\/wp-json\/wp\/v2\/types\/product"}],"replies":[{"embeddable":true,"href":"https:\/\/armazemon.com.br\/en\/wp-json\/wp\/v2\/comments?post=5800"}],"wp:featuredmedia":[{"embeddable":true,"href":"https:\/\/armazemon.com.br\/en\/wp-json\/wp\/v2\/media\/6508"}],"wp:attachment":[{"href":"https:\/\/armazemon.com.br\/en\/wp-json\/wp\/v2\/media?parent=5800"}],"wp:term":[{"taxonomy":"product_brand","embeddable":true,"href":"https:\/\/armazemon.com.br\/en\/wp-json\/wp\/v2\/product_brand?post=5800"},{"taxonomy":"product_cat","embeddable":true,"href":"https:\/\/armazemon.com.br\/en\/wp-json\/wp\/v2\/product_cat?post=5800"},{"taxonomy":"product_tag","embeddable":true,"href":"https:\/\/armazemon.com.br\/en\/wp-json\/wp\/v2\/product_tag?post=5800"}],"curies":[{"name":"wp","href":"https:\/\/api.w.org\/{rel}","templated":true}]}}