{"id":5806,"date":"2025-11-24T20:46:13","date_gmt":"2025-11-24T20:46:13","guid":{"rendered":"https:\/\/armazemon.com.br\/produto\/desempenadeira-profissional-de-aco-dentada-12-x-48-cm\/"},"modified":"2026-05-02T20:52:55","modified_gmt":"2026-05-02T20:52:55","slug":"desempenadeira-profissional-de-aco-dentada-12-x-48-cm","status":"publish","type":"product","link":"https:\/\/armazemon.com.br\/en\/product\/desempenadeira-profissional-de-aco-dentada-12-x-48-cm\/","title":{"rendered":"Desempenadeira Profissional De A\u00e7o, Dentada, 12 X 48 Cm"},"content":{"rendered":"<h3 data-start=\"73\" data-end=\"131\"><strong data-start=\"77\" data-end=\"131\">Qualidade Profissional para Acabamento Perfeito<\/strong><\/h3>\n<ul data-start=\"132\" data-end=\"361\">\n<li data-start=\"132\" data-end=\"215\">\n<p data-start=\"134\" data-end=\"215\">Desempenadeira lisa ideal para <strong data-start=\"165\" data-end=\"212\">massa corrida, gesso e outros revestimentos<\/strong>.<\/p>\n<\/li>\n<li data-start=\"216\" data-end=\"305\">\n<p data-start=\"218\" data-end=\"305\">L\u00e2mina em <strong data-start=\"228\" data-end=\"250\">a\u00e7o polido de 1 mm<\/strong>, oferecendo alta durabilidade e acabamento uniforme.<\/p>\n<\/li>\n<li data-start=\"306\" data-end=\"361\">\n<p data-start=\"308\" data-end=\"361\">Modelo refor\u00e7ado, desenvolvido para uso profissional.<\/p>\n<\/li>\n<\/ul>\n<h3 data-start=\"363\" data-end=\"409\"><strong data-start=\"367\" data-end=\"409\">\u00a0Dimens\u00f5es Ideais para Produtividade<\/strong><\/h3>\n<ul data-start=\"609\" data-end=\"839\">\n<li data-start=\"410\" data-end=\"490\">\n<p data-start=\"412\" data-end=\"490\">Tamanho de <strong data-start=\"423\" data-end=\"437\">12 x 48 cm<\/strong>, proporcionando excelente cobertura da superf\u00edcie.<\/p>\n<\/li>\n<li data-start=\"491\" data-end=\"569\">\n<p data-start=\"493\" data-end=\"569\">L\u00e2mina precisa e est\u00e1vel, garantindo <strong data-start=\"530\" data-end=\"566\">aplica\u00e7\u00e3o uniforme e mais r\u00e1pida<\/strong><\/p>\n<\/li>\n<\/ul>\n<p><br style=\"font-family: 'Proxima Nova', -apple-system, Roboto, Arial, sans-serif;font-size: 20px\" \/><\/p>","protected":false},"excerpt":{"rendered":"<p><span style=\"font-family: 'Proxima Nova', -apple-system, Roboto, Arial, sans-serif;font-size: 20px\">Desempenadeira A\u00e7o Profissional Dentada Guepar<\/span><br style=\"font-family: 'Proxima Nova', -apple-system, Roboto, Arial, sans-serif;font-size: 20px\" \/><br style=\"font-family: 'Proxima Nova', -apple-system, Roboto, Arial, sans-serif;font-size: 20px\" \/><span style=\"font-family: 'Proxima Nova', -apple-system, Roboto, Arial, sans-serif;font-size: 20px\">Ferramenta profissional robusta ideal para aplica\u00e7\u00e3o de Massa Corrida, Gesso e etc.<\/span><br style=\"font-family: 'Proxima Nova', -apple-system, Roboto, Arial, sans-serif;font-size: 20px\" \/><\/p>","protected":false},"featured_media":5801,"comment_status":"open","ping_status":"closed","template":"","meta":{"_acf_changed":false},"product_brand":[236],"product_cat":[31,203,32],"product_tag":[],"class_list":{"0":"post-5806","1":"product","2":"type-product","3":"status-publish","4":"has-post-thumbnail","6":"product_brand-guepar","7":"product_cat-em-promocao","8":"product_cat-ferramenta-para-construcao-civil","9":"product_cat-ferramentas","11":"first","12":"instock","13":"sale","14":"shipping-taxable","15":"purchasable","16":"product-type-simple"},"acf":[],"_links":{"self":[{"href":"https:\/\/armazemon.com.br\/en\/wp-json\/wp\/v2\/product\/5806","targetHints":{"allow":["GET"]}}],"collection":[{"href":"https:\/\/armazemon.com.br\/en\/wp-json\/wp\/v2\/product"}],"about":[{"href":"https:\/\/armazemon.com.br\/en\/wp-json\/wp\/v2\/types\/product"}],"replies":[{"embeddable":true,"href":"https:\/\/armazemon.com.br\/en\/wp-json\/wp\/v2\/comments?post=5806"}],"wp:featuredmedia":[{"embeddable":true,"href":"https:\/\/armazemon.com.br\/en\/wp-json\/wp\/v2\/media\/5801"}],"wp:attachment":[{"href":"https:\/\/armazemon.com.br\/en\/wp-json\/wp\/v2\/media?parent=5806"}],"wp:term":[{"taxonomy":"product_brand","embeddable":true,"href":"https:\/\/armazemon.com.br\/en\/wp-json\/wp\/v2\/product_brand?post=5806"},{"taxonomy":"product_cat","embeddable":true,"href":"https:\/\/armazemon.com.br\/en\/wp-json\/wp\/v2\/product_cat?post=5806"},{"taxonomy":"product_tag","embeddable":true,"href":"https:\/\/armazemon.com.br\/en\/wp-json\/wp\/v2\/product_tag?post=5806"}],"curies":[{"name":"wp","href":"https:\/\/api.w.org\/{rel}","templated":true}]}}