{"id":5811,"date":"2025-11-24T20:46:18","date_gmt":"2025-11-24T20:46:18","guid":{"rendered":"https:\/\/armazemon.com.br\/produto\/martelo-vidraceiro-com-cabo-de-fibra-100gr-guepar\/"},"modified":"2026-01-05T16:40:44","modified_gmt":"2026-01-05T16:40:44","slug":"martelo-vidraceiro-com-cabo-de-fibra-100gr-guepar","status":"publish","type":"product","link":"https:\/\/armazemon.com.br\/en\/product\/martelo-vidraceiro-com-cabo-de-fibra-100gr-guepar\/","title":{"rendered":"Martelo Vidraceiro Com Cabo De Fibra 100gr &#8211; Guepar"},"content":{"rendered":"<h3 data-start=\"108\" data-end=\"169\"><strong data-start=\"115\" data-end=\"169\">Alicate Vidraceiro com Cabo de Fibra GUEPAR \u2013 100g<\/strong><\/h3>\n<p data-start=\"171\" data-end=\"355\">Garanta precis\u00e3o e praticidade nos seus trabalhos com vidros com o <strong data-start=\"238\" data-end=\"267\">Alicate Vidraceiro GUEPAR<\/strong>, desenvolvido especialmente para profissionais que prezam por qualidade e durabilidade.<\/p>\n<p data-start=\"171\" data-end=\"355\">\u00a0<\/p>\n<p data-start=\"357\" data-end=\"387\"><strong data-start=\"359\" data-end=\"387\">Diferenciais do Produto:<\/strong><\/p>\n<ul data-start=\"388\" data-end=\"737\">\n<li data-start=\"388\" data-end=\"473\">\n<p data-start=\"390\" data-end=\"473\">\u2714 <strong data-start=\"392\" data-end=\"407\">Design leve<\/strong> \u2013 apenas <strong data-start=\"417\" data-end=\"425\">100g<\/strong>, ideal para uso prolongado sem cansar as m\u00e3os<\/p>\n<\/li>\n<li data-start=\"474\" data-end=\"565\">\n<p data-start=\"476\" data-end=\"565\">\u2714 <strong data-start=\"478\" data-end=\"506\">Cabo de fibra resistente<\/strong>, proporcionando firmeza, seguran\u00e7a e excelente ergonomia<\/p>\n<\/li>\n<li data-start=\"566\" data-end=\"658\">\n<p data-start=\"568\" data-end=\"658\">\u2714 <strong data-start=\"570\" data-end=\"597\">Acabamento profissional<\/strong>, ideal para cortes e ajustes em vidros com m\u00e1xima precis\u00e3o<\/p>\n<\/li>\n<li data-start=\"659\" data-end=\"737\">\n<p data-start=\"661\" data-end=\"737\">\u2714 Ferramenta essencial para vidraceiros, marceneiros e instaladores em geral<\/p>\n<\/li>\n<\/ul>\n<p data-start=\"739\" data-end=\"770\"><strong data-start=\"742\" data-end=\"770\">Especifica\u00e7\u00f5es T\u00e9cnicas:<\/strong><\/p>\n<ul data-start=\"771\" data-end=\"877\">\n<li data-start=\"771\" data-end=\"792\">\n<p data-start=\"773\" data-end=\"792\">Marca: <strong data-start=\"780\" data-end=\"790\">GUEPAR<\/strong><\/p>\n<\/li>\n<li data-start=\"793\" data-end=\"830\">\n<p data-start=\"795\" data-end=\"830\">Tipo: <strong data-start=\"801\" data-end=\"828\">Alicate para vidraceiro<\/strong><\/p>\n<\/li>\n<li data-start=\"831\" data-end=\"860\">\n<p data-start=\"833\" data-end=\"860\">Cabo: <strong data-start=\"839\" data-end=\"858\">Fibra refor\u00e7ada<\/strong><\/p>\n<\/li>\n<li data-start=\"861\" data-end=\"877\">\n<p data-start=\"863\" data-end=\"877\">Peso: <strong data-start=\"869\" data-end=\"877\">100g<\/strong><\/p>\n<\/li>\n<\/ul>\n<p data-start=\"879\" data-end=\"974\"><strong data-start=\"882\" data-end=\"974\">Perfeito para quem busca agilidade, conforto e alta performance nos trabalhos com vidro.<\/strong><\/p>\n<p data-start=\"879\" data-end=\"974\">\u00a0<\/p>\n<p data-start=\"976\" data-end=\"1005\">Aproveite e garanta j\u00e1 o seu!<\/p>","protected":false},"excerpt":{"rendered":"<p data-start=\"171\" data-end=\"355\">Garanta precis\u00e3o e praticidade nos seus trabalhos com vidros com o\u00a0<strong data-start=\"238\" data-end=\"267\">Alicate Vidraceiro GUEPAR<\/strong>, desenvolvido especialmente para profissionais que prezam por qualidade e durabilidade.<\/p>","protected":false},"featured_media":6397,"comment_status":"open","ping_status":"closed","template":"","meta":{"_acf_changed":false},"product_brand":[236],"product_cat":[31,203,32],"product_tag":[],"class_list":{"0":"post-5811","1":"product","2":"type-product","3":"status-publish","4":"has-post-thumbnail","6":"product_brand-guepar","7":"product_cat-em-promocao","8":"product_cat-ferramenta-para-construcao-civil","9":"product_cat-ferramentas","11":"first","12":"outofstock","13":"sale","14":"shipping-taxable","15":"purchasable","16":"product-type-simple"},"acf":[],"_links":{"self":[{"href":"https:\/\/armazemon.com.br\/en\/wp-json\/wp\/v2\/product\/5811","targetHints":{"allow":["GET"]}}],"collection":[{"href":"https:\/\/armazemon.com.br\/en\/wp-json\/wp\/v2\/product"}],"about":[{"href":"https:\/\/armazemon.com.br\/en\/wp-json\/wp\/v2\/types\/product"}],"replies":[{"embeddable":true,"href":"https:\/\/armazemon.com.br\/en\/wp-json\/wp\/v2\/comments?post=5811"}],"wp:featuredmedia":[{"embeddable":true,"href":"https:\/\/armazemon.com.br\/en\/wp-json\/wp\/v2\/media\/6397"}],"wp:attachment":[{"href":"https:\/\/armazemon.com.br\/en\/wp-json\/wp\/v2\/media?parent=5811"}],"wp:term":[{"taxonomy":"product_brand","embeddable":true,"href":"https:\/\/armazemon.com.br\/en\/wp-json\/wp\/v2\/product_brand?post=5811"},{"taxonomy":"product_cat","embeddable":true,"href":"https:\/\/armazemon.com.br\/en\/wp-json\/wp\/v2\/product_cat?post=5811"},{"taxonomy":"product_tag","embeddable":true,"href":"https:\/\/armazemon.com.br\/en\/wp-json\/wp\/v2\/product_tag?post=5811"}],"curies":[{"name":"wp","href":"https:\/\/api.w.org\/{rel}","templated":true}]}}