{"id":5830,"date":"2025-11-24T20:46:34","date_gmt":"2025-11-24T20:46:34","guid":{"rendered":"https:\/\/armazemon.com.br\/produto\/kit-3-un-espuma-expansiva-500ml-para-vedacao-portas-guepar\/"},"modified":"2026-01-31T09:37:04","modified_gmt":"2026-01-31T09:37:04","slug":"kit-3-un-espuma-expansiva-500ml-para-vedacao-portas-guepar","status":"publish","type":"product","link":"https:\/\/armazemon.com.br\/en\/product\/kit-3-un-espuma-expansiva-500ml-para-vedacao-portas-guepar\/","title":{"rendered":"KIT 3 un Espuma Expansiva 500ml para Veda\u00e7\u00e3o Portas &#8211; Guepar"},"content":{"rendered":"<p><span style=\"font-family: 'Proxima Nova', -apple-system, Roboto, Arial, sans-serif; font-size: 20px;\">Espuma Expansiva Guepar \u00e9 um selante e adesivo. Preenche, veda e isola de maneira dur\u00e1vel, mantendo suas propriedades f\u00edsicas inalteradas, mesmo exposta a efeitos clim\u00e1ticos.<\/span><br style=\"font-family: 'Proxima Nova', -apple-system, Roboto, Arial, sans-serif; font-size: 20px;\" \/><br style=\"font-family: 'Proxima Nova', -apple-system, Roboto, Arial, sans-serif; font-size: 20px;\" \/><br style=\"font-family: 'Proxima Nova', -apple-system, Roboto, Arial, sans-serif; font-size: 20px;\" \/><span style=\"font-family: 'Proxima Nova', -apple-system, Roboto, Arial, sans-serif; font-size: 20px;\">Aplica\u00e7\u00e3o:<\/span><br style=\"font-family: 'Proxima Nova', -apple-system, Roboto, Arial, sans-serif; font-size: 20px;\" \/><br style=\"font-family: 'Proxima Nova', -apple-system, Roboto, Arial, sans-serif; font-size: 20px;\" \/><span style=\"font-family: 'Proxima Nova', -apple-system, Roboto, Arial, sans-serif; font-size: 20px;\">Fixa\u00e7\u00e3o de batentes de portas e janelas, instala\u00e7\u00e3o de ar-condicionado, isolamento t\u00e9rmico e ac\u00fastico e preenchimento de espa\u00e7os.<\/span><br style=\"font-family: 'Proxima Nova', -apple-system, Roboto, Arial, sans-serif; font-size: 20px;\" \/><span style=\"font-family: 'Proxima Nova', -apple-system, Roboto, Arial, sans-serif; font-size: 20px;\">Adere \u00e0 maioria dos materiais, como: concreto, alvenaria, madeira, metais, pl\u00e1sticos e etc.<\/span><br style=\"font-family: 'Proxima Nova', -apple-system, Roboto, Arial, sans-serif; font-size: 20px;\" \/><span style=\"font-family: 'Proxima Nova', -apple-system, Roboto, Arial, sans-serif; font-size: 20px;\">N\u00e3o adere materiais \u00e0 base Silicone, Polietileno, Polipropileno e Politetrafluoretileno.<\/span><br style=\"font-family: 'Proxima Nova', -apple-system, Roboto, Arial, sans-serif; font-size: 20px;\" \/><span style=\"font-family: 'Proxima Nova', -apple-system, Roboto, Arial, sans-serif; font-size: 20px;\">Ap\u00f3s a cura total pode ser cortada lixada, polida, furada e pintada.<\/span><br style=\"font-family: 'Proxima Nova', -apple-system, Roboto, Arial, sans-serif; font-size: 20px;\" \/><br style=\"font-family: 'Proxima Nova', -apple-system, Roboto, Arial, sans-serif; font-size: 20px;\" \/><span style=\"font-family: 'Proxima Nova', -apple-system, Roboto, Arial, sans-serif; font-size: 20px;\">Produto de alta qualidade, <\/span><\/p>\n<p><span style=\"font-family: 'Proxima Nova', -apple-system, Roboto, Arial, sans-serif; font-size: 20px;\">KIT COM 3 UNIDADES !<\/span><\/p>","protected":false},"excerpt":{"rendered":"<p><span style=\"font-family: 'Proxima Nova', -apple-system, Roboto, Arial, sans-serif; font-size: 20px;\">Espuma Expansiva Guepar \u00e9 um selante e adesivo. Preenche, veda e isola de maneira dur\u00e1vel, mantendo suas propriedades f\u00edsicas inalteradas, mesmo exposta a efeitos clim\u00e1ticos.<\/span><br style=\"font-family: 'Proxima Nova', -apple-system, Roboto, Arial, sans-serif; font-size: 20px;\" \/><br style=\"font-family: 'Proxima Nova', -apple-system, Roboto, Arial, sans-serif; font-size: 20px;\" \/><br style=\"font-family: 'Proxima Nova', -apple-system, Roboto, Arial, sans-serif; font-size: 20px;\" \/><\/p>","protected":false},"featured_media":6791,"comment_status":"open","ping_status":"closed","template":"","meta":{"_acf_changed":false},"product_brand":[236],"product_cat":[31,203,32],"product_tag":[],"class_list":{"0":"post-5830","1":"product","2":"type-product","3":"status-publish","4":"has-post-thumbnail","6":"product_brand-guepar","7":"product_cat-em-promocao","8":"product_cat-ferramenta-para-construcao-civil","9":"product_cat-ferramentas","11":"first","12":"outofstock","13":"sale","14":"shipping-taxable","15":"purchasable","16":"product-type-simple"},"acf":[],"_links":{"self":[{"href":"https:\/\/armazemon.com.br\/en\/wp-json\/wp\/v2\/product\/5830","targetHints":{"allow":["GET"]}}],"collection":[{"href":"https:\/\/armazemon.com.br\/en\/wp-json\/wp\/v2\/product"}],"about":[{"href":"https:\/\/armazemon.com.br\/en\/wp-json\/wp\/v2\/types\/product"}],"replies":[{"embeddable":true,"href":"https:\/\/armazemon.com.br\/en\/wp-json\/wp\/v2\/comments?post=5830"}],"wp:featuredmedia":[{"embeddable":true,"href":"https:\/\/armazemon.com.br\/en\/wp-json\/wp\/v2\/media\/6791"}],"wp:attachment":[{"href":"https:\/\/armazemon.com.br\/en\/wp-json\/wp\/v2\/media?parent=5830"}],"wp:term":[{"taxonomy":"product_brand","embeddable":true,"href":"https:\/\/armazemon.com.br\/en\/wp-json\/wp\/v2\/product_brand?post=5830"},{"taxonomy":"product_cat","embeddable":true,"href":"https:\/\/armazemon.com.br\/en\/wp-json\/wp\/v2\/product_cat?post=5830"},{"taxonomy":"product_tag","embeddable":true,"href":"https:\/\/armazemon.com.br\/en\/wp-json\/wp\/v2\/product_tag?post=5830"}],"curies":[{"name":"wp","href":"https:\/\/api.w.org\/{rel}","templated":true}]}}