{"id":5848,"date":"2025-11-24T20:46:52","date_gmt":"2025-11-24T20:46:52","guid":{"rendered":"https:\/\/armazemon.com.br\/produto\/lavadora-guepar-alta-pressao-1300-libras-azul-marinho\/"},"modified":"2026-02-10T14:06:17","modified_gmt":"2026-02-10T14:06:17","slug":"lavadora-guepar-alta-pressao-1300-libras-azul-marinho","status":"publish","type":"product","link":"https:\/\/armazemon.com.br\/en\/product\/lavadora-guepar-alta-pressao-1300-libras-azul-marinho\/","title":{"rendered":"Lavadora Guepar Alta Press\u00e3o 1300 Libras Azul-marinho"},"content":{"rendered":"<h2 data-testid=\"title\" class=\"ui-pdp-description__title\" style=\"font-family: 'Proxima Nova', -apple-system, Roboto, Arial, sans-serif;font-weight: 400;line-height: 1.25;margin: 0px 0px 24px;font-size: 24px\">Descri\u00e7\u00e3o<\/h2>\n<p class=\"ui-pdp-description__content\" style=\"font-family: 'Proxima Nova', -apple-system, Roboto, Arial, sans-serif;font-size: 20px;line-height: 27px\" data-testid=\"content\">LAVADORA DE ALTA PRESS\u00c3O &#8211; Guepar 127V<\/p>\n<p>Com mangueira inclu\u00edda de 3m de comprimento.<br \/>Adequada para trabalhar com \u00e1gua a uma temperatura m\u00e1xima de 50 \u00b0C e, assim, deixar suas superf\u00edcies brilhantes.<\/p>\n<p>CARACTER\u00cdSTICAS:<\/p>\n<p>\u2022 Press\u00e3o m\u00e1xima \u2013 100 bar<br \/>\u2022 Vaz\u00e3o m\u00e1xima \u2013 6,5L\/min<br \/>\u2022 Prote\u00e7\u00e3o IPX5<br \/>\u2022 Economia de \u00e1gua de at\u00e9 80%<br \/>\u2022 Acompanha:<br \/>\u00b0 Pistola com trava de seguran\u00e7a e sistema de desligamento autom\u00e1tico<br \/>\u00b0 Prolongador da pistola<br \/>\u00b0 Ponteira reguladora do jato de \u00e1gua<br \/>\u00b0 Mangueira de alta press\u00e3o com 3 metros<br \/>\u00b0 Engate r\u00e1pido para mangueira<br \/>\u00b0 Conector de entrada de \u00e1gua com filtro<br \/>\u00b0 Suporte para acess\u00f3rios<br \/>\u00b0 Suporte para mangueira de alta press\u00e3o<br \/>\u00b0 Suporte para cabo de energia<br \/>\u00b0 Manual de instru\u00e7\u00f5es<\/p>\n<p>FICHA T\u00c9CNICA:<\/p>\n<p>\u2022 Tens\u00e3o Nominal: 127V<br \/>\u2022 Pot\u00eancia Nominal: 1.200W<br \/>\u2022 Frequ\u00eancia: 60Hz<br \/>\u2022 Press\u00e3o Nominal (Mpa\/Bar): 7\/70<br \/>\u2022 Press\u00e3o M\u00e1xima (Mpa\/Bar): 10\/100<br \/>\u2022 Vaz\u00e3o Nominal: 5,5L\/min<br \/>\u2022 Vaz\u00e3o M\u00e1xima: 6,5L\/min<br \/>\u2022 Press\u00e3o de entrada de \u00e1gua: 1,2 MPa<br \/>\u2022 Temperatura m\u00e1xima de entrada da \u00e1gua: 50\u00baC<br \/>\u2022 N\u00edvel de ru\u00eddo: 81dB (A)<br \/>\u2022 N\u00edvel de pot\u00eancia sonora: 92dB (A)<br \/>\u2022 Vibra\u00e7\u00e3o: &lt; 2,5m\/s2<br \/>\u2022 Isolamento: Duplo<br \/>\u2022 Peso: 5,4kg<\/p>","protected":false},"excerpt":{"rendered":"<p><span style=\"font-family: 'Proxima Nova', -apple-system, Roboto, Arial, sans-serif;font-size: 20px\">Com a sua lavadora de alta press\u00e3o voc\u00ea pode deixar brilhante qualquer material ou superf\u00edcie. Seu pulverizador de \u00e1gua de alta press\u00e3o \u00e9 entre dez e cinquenta vezes mais poderoso do que as mangueiras de jardim, tornando o processo de limpeza mais eficaz e f\u00e1cil.<\/span><br style=\"font-family: 'Proxima Nova', -apple-system, Roboto, Arial, sans-serif;font-size: 20px\" \/><span style=\"font-family: 'Proxima Nova', -apple-system, Roboto, Arial, sans-serif;font-size: 20px\">Ele \u00e9 ideal para tarefas do cotidiano, podendo utilizar para limpezas de cal\u00e7adas, paredes, pisos e \u00e1reas que apresentam constante fluxo de pessoas. Al\u00e9m de que pode utilizar a Lavadora Guepar para lavar carros, motos, bicicletas e entre outros<\/span><\/p>","protected":false},"featured_media":5843,"comment_status":"open","ping_status":"closed","template":"","meta":{"_acf_changed":false},"product_brand":[236],"product_cat":[31,203,32],"product_tag":[],"class_list":{"0":"post-5848","1":"product","2":"type-product","3":"status-publish","4":"has-post-thumbnail","6":"product_brand-guepar","7":"product_cat-em-promocao","8":"product_cat-ferramenta-para-construcao-civil","9":"product_cat-ferramentas","11":"first","12":"outofstock","13":"sale","14":"shipping-taxable","15":"purchasable","16":"product-type-simple"},"acf":[],"_links":{"self":[{"href":"https:\/\/armazemon.com.br\/en\/wp-json\/wp\/v2\/product\/5848","targetHints":{"allow":["GET"]}}],"collection":[{"href":"https:\/\/armazemon.com.br\/en\/wp-json\/wp\/v2\/product"}],"about":[{"href":"https:\/\/armazemon.com.br\/en\/wp-json\/wp\/v2\/types\/product"}],"replies":[{"embeddable":true,"href":"https:\/\/armazemon.com.br\/en\/wp-json\/wp\/v2\/comments?post=5848"}],"wp:featuredmedia":[{"embeddable":true,"href":"https:\/\/armazemon.com.br\/en\/wp-json\/wp\/v2\/media\/5843"}],"wp:attachment":[{"href":"https:\/\/armazemon.com.br\/en\/wp-json\/wp\/v2\/media?parent=5848"}],"wp:term":[{"taxonomy":"product_brand","embeddable":true,"href":"https:\/\/armazemon.com.br\/en\/wp-json\/wp\/v2\/product_brand?post=5848"},{"taxonomy":"product_cat","embeddable":true,"href":"https:\/\/armazemon.com.br\/en\/wp-json\/wp\/v2\/product_cat?post=5848"},{"taxonomy":"product_tag","embeddable":true,"href":"https:\/\/armazemon.com.br\/en\/wp-json\/wp\/v2\/product_tag?post=5848"}],"curies":[{"name":"wp","href":"https:\/\/api.w.org\/{rel}","templated":true}]}}