{"id":5862,"date":"2025-11-24T20:47:16","date_gmt":"2025-11-24T20:47:16","guid":{"rendered":"https:\/\/armazemon.com.br\/produto\/pulverizador-manual-pressurizado-5-litros-multiuso-guepar\/"},"modified":"2026-04-20T18:51:47","modified_gmt":"2026-04-20T18:51:47","slug":"pulverizador-manual-pressurizado-5-litros-multiuso-guepar","status":"publish","type":"product","link":"https:\/\/armazemon.com.br\/en\/product\/pulverizador-manual-pressurizado-5-litros-multiuso-guepar\/","title":{"rendered":"Pulverizador Manual Pressurizado  5 Litros Multiuso Guepar"},"content":{"rendered":"<h3 data-start=\"71\" data-end=\"115\"><strong data-start=\"78\" data-end=\"115\">\u00a0 \u00a0 Pulveriza\u00e7\u00e3o eficiente e vers\u00e1til<\/strong><\/h3>\n<ul data-start=\"116\" data-end=\"513\">\n<li data-start=\"116\" data-end=\"231\">\n<p data-start=\"118\" data-end=\"231\">Ideal para jardinagem, horta, lavoura e limpeza, com capacidade de 5 litros para uso dom\u00e9stico ou profissional.<\/p>\n<\/li>\n<li data-start=\"232\" data-end=\"385\">\n<p data-start=\"234\" data-end=\"385\">Permite aplica\u00e7\u00e3o de defensivos agr\u00edcolas, fertilizantes l\u00edquidos, adubos foliares e produtos de limpeza ou desinfec\u00e7\u00e3o em \u00e1reas internas e externas.<\/p>\n<\/li>\n<li data-start=\"386\" data-end=\"513\">\n<p data-start=\"388\" data-end=\"513\">Auxilia no controle de pragas, ervas daninhas e na sanitiza\u00e7\u00e3o de ambientes como resid\u00eancias, com\u00e9rcios, oficinas e fazendas.<\/p>\n<\/li>\n<\/ul>\n<h3 data-start=\"520\" data-end=\"559\"><strong data-start=\"527\" data-end=\"559\">\u00a0 \u00a0 Desempenho cont\u00ednuo e seguro<\/strong><\/h3>\n<ul data-start=\"560\" data-end=\"809\">\n<li data-start=\"560\" data-end=\"657\">\n<p data-start=\"562\" data-end=\"657\">Sistema de <strong data-start=\"573\" data-end=\"594\">compress\u00e3o pr\u00e9via<\/strong> com bomba manual que acumula ar para pulveriza\u00e7\u00e3o constante.<\/p>\n<\/li>\n<li data-start=\"658\" data-end=\"809\">\n<p data-start=\"660\" data-end=\"809\">Conta com <strong data-start=\"670\" data-end=\"714\">gatilho anat\u00f4mico com trava de seguran\u00e7a<\/strong> e lan\u00e7a pulverizadora que aumenta o alcance do jato, garantindo precis\u00e3o e praticidade no uso.<\/p>\n<\/li>\n<\/ul>\n<hr data-start=\"811\" data-end=\"814\" \/>\n<h3 data-start=\"816\" data-end=\"862\"><span data-start=\"823\" data-end=\"862\">\u00a0 \u00a0\u00a0<\/span><strong data-start=\"823\" data-end=\"862\">Conforto no uso e alta durabilidade<\/strong><\/h3>\n<ul data-start=\"863\" data-end=\"1093\">\n<li data-start=\"863\" data-end=\"953\">\n<p data-start=\"865\" data-end=\"953\">Estrutura fabricada em <strong data-start=\"888\" data-end=\"911\">pol\u00edmero resistente<\/strong>, aumentando a vida \u00fatil do equipamento.<\/p>\n<\/li>\n<li data-start=\"954\" data-end=\"1093\">\n<p data-start=\"956\" data-end=\"1093\">Possui <strong data-start=\"963\" data-end=\"996\">al\u00e7a de transporte ergon\u00f4mica<\/strong> e <strong data-start=\"999\" data-end=\"1026\">al\u00e7a de ombro ajust\u00e1vel<\/strong>, oferecendo conforto durante o manuseio e facilidade de locomo\u00e7\u00e3o.<\/p>\n<\/li>\n<\/ul>","protected":false},"excerpt":{"rendered":"<h3 data-start=\"71\" data-end=\"115\"><span style=\"font-size: 14px\">Ideal para jardinagem, horta, lavoura e limpeza, com capacidade de 5 litros para uso dom\u00e9stico ou profissional.<\/span><\/h3>","protected":false},"featured_media":5854,"comment_status":"open","ping_status":"closed","template":"","meta":{"_acf_changed":false},"product_brand":[236],"product_cat":[31,203,32],"product_tag":[],"class_list":{"0":"post-5862","1":"product","2":"type-product","3":"status-publish","4":"has-post-thumbnail","6":"product_brand-guepar","7":"product_cat-em-promocao","8":"product_cat-ferramenta-para-construcao-civil","9":"product_cat-ferramentas","11":"first","12":"outofstock","13":"sale","14":"shipping-taxable","15":"purchasable","16":"product-type-simple"},"acf":[],"_links":{"self":[{"href":"https:\/\/armazemon.com.br\/en\/wp-json\/wp\/v2\/product\/5862","targetHints":{"allow":["GET"]}}],"collection":[{"href":"https:\/\/armazemon.com.br\/en\/wp-json\/wp\/v2\/product"}],"about":[{"href":"https:\/\/armazemon.com.br\/en\/wp-json\/wp\/v2\/types\/product"}],"replies":[{"embeddable":true,"href":"https:\/\/armazemon.com.br\/en\/wp-json\/wp\/v2\/comments?post=5862"}],"wp:featuredmedia":[{"embeddable":true,"href":"https:\/\/armazemon.com.br\/en\/wp-json\/wp\/v2\/media\/5854"}],"wp:attachment":[{"href":"https:\/\/armazemon.com.br\/en\/wp-json\/wp\/v2\/media?parent=5862"}],"wp:term":[{"taxonomy":"product_brand","embeddable":true,"href":"https:\/\/armazemon.com.br\/en\/wp-json\/wp\/v2\/product_brand?post=5862"},{"taxonomy":"product_cat","embeddable":true,"href":"https:\/\/armazemon.com.br\/en\/wp-json\/wp\/v2\/product_cat?post=5862"},{"taxonomy":"product_tag","embeddable":true,"href":"https:\/\/armazemon.com.br\/en\/wp-json\/wp\/v2\/product_tag?post=5862"}],"curies":[{"name":"wp","href":"https:\/\/api.w.org\/{rel}","templated":true}]}}