{"id":5969,"date":"2025-11-25T23:15:53","date_gmt":"2025-11-25T23:15:53","guid":{"rendered":"https:\/\/armazemon.com.br\/produto\/manta-asfaltica-viapol-multiuso-3mm-rolo-de-10m2-x-4kg-m2\/"},"modified":"2026-05-06T15:21:04","modified_gmt":"2026-05-06T15:21:04","slug":"manta-asfaltica-viapol-multiuso-3mm-rolo-de-10m2-x-4kg-m2","status":"publish","type":"product","link":"https:\/\/armazemon.com.br\/en\/product\/manta-asfaltica-viapol-multiuso-3mm-rolo-de-10m2-x-4kg-m2\/","title":{"rendered":"Manta Asf\u00e1ltica Viapol 3mm Rolo de 10m2  x Vitmanta 4kg m2"},"content":{"rendered":"<h1 style=\"text-transform: uppercase; float: left; width: 750.188px; font-family: 'Open Sans', Helvetica, sans-serif; font-weight: 400 !important; margin: 0px 0px 5px !important; font-size: 18px !important; color: #0128b3 !important; padding-left: 0px !important;\" role=\"presentation\" aria-hidden=\"true\" data-uw-rm-heading=\"hide\"><strong>Caracter\u00edsticas T\u00e9cnicas do Produto<\/strong><\/h1>\n<h1 style=\"text-transform: uppercase; float: left; width: 750.188px; font-family: 'Open Sans', Helvetica, sans-serif; font-weight: 400 !important; margin: 0px 0px 5px !important; font-size: 18px !important; color: #0128b3 !important; padding-left: 0px !important;\" role=\"presentation\" aria-hidden=\"true\" data-uw-rm-heading=\"hide\"><span class=\"data-uw-rm-autofix-hide\" style=\"color: #ffffff !important; background: #000000 !important; height: 1px !important; width: 1px !important; margin: -1px !important; overflow: hidden !important; padding: 0px !important; position: absolute !important;\" data-uw-reader-element=\"\" data-uw-rm-ignore=\"\">Empty heading<\/span><\/h1>\n<p>&nbsp;<\/p>\n<table style=\"margin-top: 10px; margin-bottom: 20px; width: 434px; font-family: 'Open Sans', Helvetica, sans-serif; font-size: 16px; height: 351px; border-bottom: 0px !important; border-left: 0px !important; border-right: 0px !important;\" border=\"0\">\n<tbody>\n<tr style=\"font-weight: 600;\">\n<td style=\"border: 1px solid #cccccc !important; padding: 3px 5px; width: 441.602px;\" align=\"center\"><strong>Caracter\u00edsticas:<\/strong><\/td>\n<td style=\"border: 1px solid #cccccc !important; padding: 3px 5px; width: 148.438px;\" align=\"center\"><strong>Unidade<\/strong><\/td>\n<td style=\"border: 1px solid #cccccc !important; padding: 3px 5px; width: 152.148px;\" align=\"center\"><strong>Tipo II<\/strong><\/td>\n<\/tr>\n<tr style=\"background-color: #f5f8e8;\">\n<td style=\"border: 1px solid #cccccc !important; padding: 3px 5px; width: 441.602px;\">Peso *<\/td>\n<td style=\"border: 1px solid #cccccc !important; padding: 3px 5px; width: 148.438px;\" align=\"center\"><span class=\"ui-provider ee cao bpd cap caq car cas cat cau cav caw cax cay caz cba cbb cbc cbd cbe cbf cbg cbh cbi cbj cbk cbl cbm cbn cbo cbp cbq cbr cbs cbt cbu\">\u00a0kg<\/span><\/td>\n<td style=\"border: 1px solid #cccccc !important; padding: 3px 5px; width: 152.148px;\" align=\"center\">3 e 4<\/td>\n<\/tr>\n<tr>\n<td style=\"border: 1px solid #cccccc !important; padding: 3px 5px; width: 441.602px;\">Resist\u00eancia \u00e0 tra\u00e7\u00e3o longitudinal e transversal (m\u00ednimo)<\/td>\n<td style=\"border: 1px solid #cccccc !important; padding: 3px 5px; width: 148.438px;\" align=\"center\">N<\/td>\n<td style=\"border: 1px solid #cccccc !important; padding: 3px 5px; width: 152.148px;\" align=\"center\">180<\/td>\n<\/tr>\n<tr style=\"background-color: #f5f8e8;\">\n<td style=\"border: 1px solid #cccccc !important; padding: 3px 5px; width: 441.602px;\">Alongamento na longitudinal e transversal (m\u00ednimo)<\/td>\n<td style=\"border: 1px solid #cccccc !important; padding: 3px 5px; width: 148.438px;\" align=\"center\">%<\/td>\n<td style=\"border: 1px solid #cccccc !important; padding: 3px 5px; width: 152.148px;\" align=\"center\">2<\/td>\n<\/tr>\n<tr>\n<td style=\"border: 1px solid #cccccc !important; padding: 3px 5px; width: 441.602px;\">Absor\u00e7\u00e3o d&#8217;\u00e1gua (m\u00e1xima)<\/td>\n<td style=\"border: 1px solid #cccccc !important; padding: 3px 5px; width: 148.438px;\" align=\"center\">%<\/td>\n<td style=\"border: 1px solid #cccccc !important; padding: 3px 5px; width: 152.148px;\" align=\"center\">1,5<\/td>\n<\/tr>\n<tr style=\"background-color: #f5f8e8;\">\n<td style=\"border: 1px solid #cccccc !important; padding: 3px 5px; width: 441.602px;\">Flexibilidade \u00e0 baixa temperatura<\/td>\n<td style=\"border: 1px solid #cccccc !important; padding: 3px 5px; width: 148.438px;\" align=\"center\">\u00b0C<\/td>\n<td style=\"border: 1px solid #cccccc !important; padding: 3px 5px; width: 152.148px;\" align=\"center\">Classe B = -5<\/td>\n<\/tr>\n<tr>\n<td style=\"border: 1px solid #cccccc !important; padding: 3px 5px; width: 441.602px;\">Resist\u00eancia ao impacto<\/td>\n<td style=\"border: 1px solid #cccccc !important; padding: 3px 5px; width: 148.438px;\" align=\"center\">J-Joule<\/td>\n<td style=\"border: 1px solid #cccccc !important; padding: 3px 5px; width: 152.148px;\" align=\"center\">2,45<\/td>\n<\/tr>\n<tr style=\"background-color: #f5f8e8;\">\n<td style=\"border: 1px solid #cccccc !important; padding: 3px 5px; width: 441.602px;\">Escorrimento ao calor (m\u00ednimo)<\/td>\n<td style=\"border: 1px solid #cccccc !important; padding: 3px 5px; width: 148.438px;\" align=\"center\">\u00b0C<\/td>\n<td style=\"border: 1px solid #cccccc !important; padding: 3px 5px; width: 152.148px;\" align=\"center\">95<\/td>\n<\/tr>\n<tr>\n<td style=\"border: 1px solid #cccccc !important; padding: 3px 5px; width: 441.602px;\">Estabilidade dimensional (m\u00e1xima)<\/td>\n<td style=\"border: 1px solid #cccccc !important; padding: 3px 5px; width: 148.438px;\" align=\"center\">%<\/td>\n<td style=\"border: 1px solid #cccccc !important; padding: 3px 5px; width: 152.148px;\" align=\"center\">1<\/td>\n<\/tr>\n<tr style=\"background-color: #f5f8e8;\">\n<td style=\"border: 1px solid #cccccc !important; padding: 3px 5px; width: 441.602px;\">Flexibilidade ap\u00f3s envelhecimento (m\u00ednimo)<\/td>\n<td style=\"border: 1px solid #cccccc !important; padding: 3px 5px; width: 148.438px;\" align=\"center\">\u00b0C<\/td>\n<td style=\"border: 1px solid #cccccc !important; padding: 3px 5px; width: 152.148px;\" align=\"center\">Classe B = 5<\/td>\n<\/tr>\n<tr>\n<td style=\"border: 1px solid #cccccc !important; padding: 3px 5px; width: 441.602px;\">Estanqueidade (m\u00ednimo)<\/td>\n<td style=\"border: 1px solid #cccccc !important; padding: 3px 5px; width: 148.438px;\" align=\"center\">m.c.a<\/td>\n<td style=\"border: 1px solid #cccccc !important; padding: 3px 5px; width: 152.148px;\" align=\"center\">10<\/td>\n<\/tr>\n<tr style=\"background-color: #f5f8e8;\">\n<td style=\"border: 1px solid #cccccc !important; padding: 3px 5px; width: 441.602px;\">Resist\u00eancia ao rasgo (m\u00ednimo)<\/td>\n<td style=\"border: 1px solid #cccccc !important; padding: 3px 5px; width: 148.438px;\" align=\"center\">N<\/td>\n<td style=\"border: 1px solid #cccccc !important; padding: 3px 5px; width: 152.148px;\" align=\"center\">100<\/td>\n<\/tr>\n<\/tbody>\n<\/table>\n<p style=\"line-height: 1.5; margin-top: 5px; margin-bottom: 10px; font-family: 'Open Sans', Helvetica, sans-serif; font-size: 16px;\"><strong>Normas<\/strong><\/p>\n<ul style=\"margin-top: 5px; font-family: 'Open Sans', Helvetica, sans-serif; font-size: 16px; padding-left: 15px !important;\">\n<li>NBR 9952 \u2013 Mantas Asf\u00e1lticas para impermeabiliza\u00e7\u00e3o;<\/li>\n<li>NBR 9575:2010 \u2013 Impermeabiliza\u00e7\u00e3o \u2013 Sistemas e projetos;<\/li>\n<li>NBR 9574:2008 \u2013 Execu\u00e7\u00e3o da impermeabiliza\u00e7\u00e3o.<\/li>\n<\/ul>\n<h1 style=\"text-transform: uppercase; float: left; width: 750.188px; font-family: 'Open Sans', Helvetica, sans-serif; font-weight: 400 !important; margin: 0px 0px 5px !important; font-size: 18px !important; color: #0128b3 !important; padding-left: 0px !important;\" role=\"presentation\" aria-hidden=\"true\" data-uw-rm-heading=\"hide\"><strong>Vantagens\u00a0<\/strong><\/h1>\n<h1 style=\"text-transform: uppercase; float: left; width: 750.188px; font-family: 'Open Sans', Helvetica, sans-serif; font-weight: 400 !important; margin: 0px 0px 5px !important; font-size: 18px !important; color: #0128b3 !important; padding-left: 0px !important;\" role=\"presentation\" aria-hidden=\"true\" data-uw-rm-heading=\"hide\"><span class=\"data-uw-rm-autofix-hide\" style=\"color: #ffffff !important; background: #000000 !important; height: 1px !important; width: 1px !important; margin: -1px !important; overflow: hidden !important; padding: 0px !important; position: absolute !important;\" data-uw-reader-element=\"\" data-uw-rm-ignore=\"\">Empty heading<\/span><\/h1>\n<p>&nbsp;<\/p>\n<p>Maior resist\u00eancia e flexibilidade;<\/p>\n<ul style=\"margin-top: 5px; font-family: 'Open Sans', Helvetica, sans-serif; font-size: 16px; padding-left: 15px !important;\">\n<li>Excelente ader\u00eancia;<\/li>\n<li>Espessura uniforme;<\/li>\n<li>Produto pr\u00e9-fabricado;<\/li>\n<li>Maior rapidez e execu\u00e7\u00e3o<\/li>\n<\/ul>\n<h1 style=\"text-transform: uppercase; float: left; width: 750.188px; font-family: 'Open Sans', Helvetica, sans-serif; font-weight: 400 !important; margin: 0px 0px 5px !important; font-size: 18px !important; color: #0128b3 !important; padding-left: 0px !important;\" role=\"presentation\" aria-hidden=\"true\" data-uw-rm-heading=\"hide\"><strong>Utiliza\u00e7\u00e3o<\/strong><\/h1>\n<h1 style=\"text-transform: uppercase; float: left; width: 750.188px; font-family: 'Open Sans', Helvetica, sans-serif; font-weight: 400 !important; margin: 0px 0px 5px !important; font-size: 18px !important; color: #0128b3 !important; padding-left: 0px !important;\" role=\"presentation\" aria-hidden=\"true\" data-uw-rm-heading=\"hide\"><span class=\"data-uw-rm-autofix-hide\" style=\"color: #ffffff !important; background: #000000 !important; height: 1px !important; width: 1px !important; margin: -1px !important; overflow: hidden !important; padding: 0px !important; position: absolute !important;\" data-uw-reader-element=\"\" data-uw-rm-ignore=\"\">Empty heading<\/span><\/h1>\n<p>&nbsp;<\/p>\n<p style=\"line-height: 1.5; margin-top: 5px; margin-bottom: 10px; font-family: 'Open Sans', Helvetica, sans-serif; font-size: 16px;\"><strong>Vitmanta 4kg<\/strong>\u00a0\u00e9 indicado para:<\/p>\n<ul style=\"margin-top: 5px; font-family: 'Open Sans', Helvetica, sans-serif; font-size: 16px; padding-left: 15px !important;\">\n<li>Lajes de pequenas dimens\u00f5es;<\/li>\n<li>\u00c1reas frias tais como: banheiros, lavabos, cozinhas, \u00e1reas de servi\u00e7o;<\/li>\n<li>Sob telhados;<\/li>\n<li>Pisos de barriletes;<\/li>\n<li>Barreira de vapor e nos sistemas de dupla manta.<\/li>\n<\/ul>","protected":false},"excerpt":{"rendered":"<p><span style=\"font-family: 'Open Sans', Helvetica, sans-serif; font-size: 16px;\">Manta asf\u00e1ltica produzida a partir da modifica\u00e7\u00e3o f\u00edsica do asfalto com uma mescla de pol\u00edmeros especiais que proporcionam \u00e0 manta excelente ader\u00eancia, durabilidade e resist\u00eancia, garantindo a perfeita impermeabiliza\u00e7\u00e3o da \u00e1rea a ser utilizada. Estruturada com um n\u00e3o-tecido de filamentos cont\u00ednuos de poli\u00e9ster.<\/span><\/p>","protected":false},"featured_media":5989,"comment_status":"open","ping_status":"closed","template":"","meta":{"_acf_changed":false},"product_brand":[184],"product_cat":[31,189,193,190],"product_tag":[],"class_list":{"0":"post-5969","1":"product","2":"type-product","3":"status-publish","4":"has-post-thumbnail","6":"product_brand-viapol","7":"product_cat-em-promocao","8":"product_cat-impermeabilizantes","9":"product_cat-manta-asfaltica","10":"product_cat-viapol","12":"first","13":"instock","14":"sale","15":"featured","16":"shipping-taxable","17":"purchasable","18":"product-type-simple"},"acf":[],"_links":{"self":[{"href":"https:\/\/armazemon.com.br\/en\/wp-json\/wp\/v2\/product\/5969","targetHints":{"allow":["GET"]}}],"collection":[{"href":"https:\/\/armazemon.com.br\/en\/wp-json\/wp\/v2\/product"}],"about":[{"href":"https:\/\/armazemon.com.br\/en\/wp-json\/wp\/v2\/types\/product"}],"replies":[{"embeddable":true,"href":"https:\/\/armazemon.com.br\/en\/wp-json\/wp\/v2\/comments?post=5969"}],"wp:featuredmedia":[{"embeddable":true,"href":"https:\/\/armazemon.com.br\/en\/wp-json\/wp\/v2\/media\/5989"}],"wp:attachment":[{"href":"https:\/\/armazemon.com.br\/en\/wp-json\/wp\/v2\/media?parent=5969"}],"wp:term":[{"taxonomy":"product_brand","embeddable":true,"href":"https:\/\/armazemon.com.br\/en\/wp-json\/wp\/v2\/product_brand?post=5969"},{"taxonomy":"product_cat","embeddable":true,"href":"https:\/\/armazemon.com.br\/en\/wp-json\/wp\/v2\/product_cat?post=5969"},{"taxonomy":"product_tag","embeddable":true,"href":"https:\/\/armazemon.com.br\/en\/wp-json\/wp\/v2\/product_tag?post=5969"}],"curies":[{"name":"wp","href":"https:\/\/api.w.org\/{rel}","templated":true}]}}