{"id":5988,"date":"2025-11-26T18:42:26","date_gmt":"2025-11-26T18:42:26","guid":{"rendered":"https:\/\/armazemon.com.br\/produto\/viaplus-2000-fibras-impermeabilizante-cimenticio-viapol-18kg\/"},"modified":"2026-05-04T11:13:28","modified_gmt":"2026-05-04T11:13:28","slug":"viaplus-2000-fibras-impermeabilizante-cimenticio-viapol-18kg","status":"publish","type":"product","link":"https:\/\/armazemon.com.br\/en\/product\/viaplus-2000-fibras-impermeabilizante-cimenticio-viapol-18kg\/","title":{"rendered":"Viaplus 2000 Fibras Impermeabilizante Cimenticio Viapol 18kg"},"content":{"rendered":"<p><span style=\"font-family: 'Proxima Nova', -apple-system, Roboto, Arial, sans-serif; font-size: 20px;\">Argamassa impermeabilizante industrializada, semiflex\u00edvel, bicomponente (A+B), \u00e0 base de cimentos especiais, <\/span><\/p>\n<p><span style=\"font-family: 'Proxima Nova', -apple-system, Roboto, Arial, sans-serif; font-size: 20px;\">aditivos minerais, pol\u00edmeros de excelente caracter\u00edstica impermeabilizante, e a incorpora\u00e7\u00e3o de fibras sint\u00e9ticas (polipropileno).<\/span><br style=\"font-family: 'Proxima Nova', -apple-system, Roboto, Arial, sans-serif; font-size: 20px;\" \/><br style=\"font-family: 'Proxima Nova', -apple-system, Roboto, Arial, sans-serif; font-size: 20px;\" \/><span style=\"font-family: 'Proxima Nova', -apple-system, Roboto, Arial, sans-serif; font-size: 20px;\">CARACTER\u00cdSTICAS T\u00c9CNICAS:<\/span><\/p>\n<p><br style=\"font-family: 'Proxima Nova', -apple-system, Roboto, Arial, sans-serif; font-size: 20px;\" \/><span style=\"font-family: 'Proxima Nova', -apple-system, Roboto, Arial, sans-serif; font-size: 20px;\">Aspecto<\/span><br style=\"font-family: 'Proxima Nova', -apple-system, Roboto, Arial, sans-serif; font-size: 20px;\" \/><span style=\"font-family: 'Proxima Nova', -apple-system, Roboto, Arial, sans-serif; font-size: 20px;\">Componente A<\/span><br style=\"font-family: 'Proxima Nova', -apple-system, Roboto, Arial, sans-serif; font-size: 20px;\" \/><span style=\"font-family: 'Proxima Nova', -apple-system, Roboto, Arial, sans-serif; font-size: 20px;\">Componente B<\/span><br style=\"font-family: 'Proxima Nova', -apple-system, Roboto, Arial, sans-serif; font-size: 20px;\" \/><span style=\"font-family: 'Proxima Nova', -apple-system, Roboto, Arial, sans-serif; font-size: 20px;\">Aspecto da Mistura (A+B): cinza<\/span><br style=\"font-family: 'Proxima Nova', -apple-system, Roboto, Arial, sans-serif; font-size: 20px;\" \/><span style=\"font-family: 'Proxima Nova', -apple-system, Roboto, Arial, sans-serif; font-size: 20px;\">Per\u00edodo m\u00ednimo entre dem\u00e3os: 2 a 6 horas<\/span><br style=\"font-family: 'Proxima Nova', -apple-system, Roboto, Arial, sans-serif; font-size: 20px;\" \/><br style=\"font-family: 'Proxima Nova', -apple-system, Roboto, Arial, sans-serif; font-size: 20px;\" \/><span style=\"font-family: 'Proxima Nova', -apple-system, Roboto, Arial, sans-serif; font-size: 20px;\">Tempo de cura total: 5 dias<\/span><br style=\"font-family: 'Proxima Nova', -apple-system, Roboto, Arial, sans-serif; font-size: 20px;\" \/><br style=\"font-family: 'Proxima Nova', -apple-system, Roboto, Arial, sans-serif; font-size: 20px;\" \/><span style=\"font-family: 'Proxima Nova', -apple-system, Roboto, Arial, sans-serif; font-size: 20px;\">NORMAS:<\/span><br style=\"font-family: 'Proxima Nova', -apple-system, Roboto, Arial, sans-serif; font-size: 20px;\" \/><br style=\"font-family: 'Proxima Nova', -apple-system, Roboto, Arial, sans-serif; font-size: 20px;\" \/><span style=\"font-family: 'Proxima Nova', -apple-system, Roboto, Arial, sans-serif; font-size: 20px;\">\u2022 ABNT NBR 11.905: 2015 \u2013 Sistema Impermeabilizante composto por<\/span><br style=\"font-family: 'Proxima Nova', -apple-system, Roboto, Arial, sans-serif; font-size: 20px;\" \/><span style=\"font-family: 'Proxima Nova', -apple-system, Roboto, Arial, sans-serif; font-size: 20px;\">cimento impermeabilizante e pol\u00edmeros;<\/span><br style=\"font-family: 'Proxima Nova', -apple-system, Roboto, Arial, sans-serif; font-size: 20px;\" \/><span style=\"font-family: 'Proxima Nova', -apple-system, Roboto, Arial, sans-serif; font-size: 20px;\">\u2022 ABNT NBR 9575:2010 \u2013 Impermeabiliza\u00e7\u00e3o \u2013 Sistemas e projetos;<\/span><br style=\"font-family: 'Proxima Nova', -apple-system, Roboto, Arial, sans-serif; font-size: 20px;\" \/><span style=\"font-family: 'Proxima Nova', -apple-system, Roboto, Arial, sans-serif; font-size: 20px;\">\u2022 ABNT NBR 9574:2008 \u2013 Execu\u00e7\u00e3o da impermeabiliza\u00e7\u00e3o.<\/span><br style=\"font-family: 'Proxima Nova', -apple-system, Roboto, Arial, sans-serif; font-size: 20px;\" \/><br style=\"font-family: 'Proxima Nova', -apple-system, Roboto, Arial, sans-serif; font-size: 20px;\" \/><br style=\"font-family: 'Proxima Nova', -apple-system, Roboto, Arial, sans-serif; font-size: 20px;\" \/><span style=\"font-family: 'Proxima Nova', -apple-system, Roboto, Arial, sans-serif; font-size: 20px;\">VANTAGENS<\/span><br style=\"font-family: 'Proxima Nova', -apple-system, Roboto, Arial, sans-serif; font-size: 20px;\" \/><br style=\"font-family: 'Proxima Nova', -apple-system, Roboto, Arial, sans-serif; font-size: 20px;\" \/><span style=\"font-family: 'Proxima Nova', -apple-system, Roboto, Arial, sans-serif; font-size: 20px;\">\u2022 Incorpora\u00e7\u00e3o de fibras sint\u00e9ticas na composi\u00e7\u00e3o, n\u00e3o sendo<\/span><br style=\"font-family: 'Proxima Nova', -apple-system, Roboto, Arial, sans-serif; font-size: 20px;\" \/><span style=\"font-family: 'Proxima Nova', -apple-system, Roboto, Arial, sans-serif; font-size: 20px;\">necess\u00e1rio a utiliza\u00e7\u00e3o da tela resinada para refor\u00e7o;<\/span><br style=\"font-family: 'Proxima Nova', -apple-system, Roboto, Arial, sans-serif; font-size: 20px;\" \/><span style=\"font-family: 'Proxima Nova', -apple-system, Roboto, Arial, sans-serif; font-size: 20px;\">\u2022 Resistente \u00e0s altas press\u00f5es hidrost\u00e1ticas, tanto positivas quanto<\/span><br style=\"font-family: 'Proxima Nova', -apple-system, Roboto, Arial, sans-serif; font-size: 20px;\" \/><span style=\"font-family: 'Proxima Nova', -apple-system, Roboto, Arial, sans-serif; font-size: 20px;\">negativas;<\/span><br style=\"font-family: 'Proxima Nova', -apple-system, Roboto, Arial, sans-serif; font-size: 20px;\" \/><span style=\"font-family: 'Proxima Nova', -apple-system, Roboto, Arial, sans-serif; font-size: 20px;\">\u2022 Resiste at\u00e9 60 m.c.a. (metros de coluna d\u2019\u00e1gua);<\/span><br style=\"font-family: 'Proxima Nova', -apple-system, Roboto, Arial, sans-serif; font-size: 20px;\" \/><span style=\"font-family: 'Proxima Nova', -apple-system, Roboto, Arial, sans-serif; font-size: 20px;\">\u2022 Apresenta \u00f3tima ader\u00eancia e resist\u00eancia mec\u00e2nica;<\/span><br style=\"font-family: 'Proxima Nova', -apple-system, Roboto, Arial, sans-serif; font-size: 20px;\" \/><span style=\"font-family: 'Proxima Nova', -apple-system, Roboto, Arial, sans-serif; font-size: 20px;\">\u2022 N\u00e3o altera a potabilidade da \u00e1gua, sendo at\u00f3xico e inodoro;<\/span><br style=\"font-family: 'Proxima Nova', -apple-system, Roboto, Arial, sans-serif; font-size: 20px;\" \/><span style=\"font-family: 'Proxima Nova', -apple-system, Roboto, Arial, sans-serif; font-size: 20px;\">\u2022 Aplicado sobre superf\u00edcies de concreto, alvenaria e argamassa;<\/span><br style=\"font-family: 'Proxima Nova', -apple-system, Roboto, Arial, sans-serif; font-size: 20px;\" \/><span style=\"font-family: 'Proxima Nova', -apple-system, Roboto, Arial, sans-serif; font-size: 20px;\">\u2022 Permite assentamento direto de revestimentos sem a necessidade<\/span><br style=\"font-family: 'Proxima Nova', -apple-system, Roboto, Arial, sans-serif; font-size: 20px;\" \/><span style=\"font-family: 'Proxima Nova', -apple-system, Roboto, Arial, sans-serif; font-size: 20px;\">de prote\u00e7\u00e3o mec\u00e2nica no caso de banheiros, cozinhas e lavanderias,<\/span><br style=\"font-family: 'Proxima Nova', -apple-system, Roboto, Arial, sans-serif; font-size: 20px;\" \/><span style=\"font-family: 'Proxima Nova', -apple-system, Roboto, Arial, sans-serif; font-size: 20px;\">conforme recomenda\u00e7\u00f5es de uso.<\/span><br style=\"font-family: 'Proxima Nova', -apple-system, Roboto, Arial, sans-serif; font-size: 20px;\" \/><br style=\"font-family: 'Proxima Nova', -apple-system, Roboto, Arial, sans-serif; font-size: 20px;\" \/><span style=\"font-family: 'Proxima Nova', -apple-system, Roboto, Arial, sans-serif; font-size: 20px;\">UTILIZA\u00c7\u00c3O:<\/span><br style=\"font-family: 'Proxima Nova', -apple-system, Roboto, Arial, sans-serif; font-size: 20px;\" \/><br style=\"font-family: 'Proxima Nova', -apple-system, Roboto, Arial, sans-serif; font-size: 20px;\" \/><span style=\"font-family: 'Proxima Nova', -apple-system, Roboto, Arial, sans-serif; font-size: 20px;\">\u2022 Impermeabiliza\u00e7\u00e3o de subsolos, cortinas, po\u00e7os de elevadores;<\/span><br style=\"font-family: 'Proxima Nova', -apple-system, Roboto, Arial, sans-serif; font-size: 20px;\" \/><span style=\"font-family: 'Proxima Nova', -apple-system, Roboto, Arial, sans-serif; font-size: 20px;\">\u2022 Muros de arrimo concreto, baldrames, funda\u00e7\u00f5es, alicerces, paredes<\/span><br style=\"font-family: 'Proxima Nova', -apple-system, Roboto, Arial, sans-serif; font-size: 20px;\" \/><span style=\"font-family: 'Proxima Nova', -apple-system, Roboto, Arial, sans-serif; font-size: 20px;\">internas e externas;<\/span><br style=\"font-family: 'Proxima Nova', -apple-system, Roboto, Arial, sans-serif; font-size: 20px;\" \/><span style=\"font-family: 'Proxima Nova', -apple-system, Roboto, Arial, sans-serif; font-size: 20px;\">\u2022 \u00c1reas molhadas e molh\u00e1veis como banheiros, cozinhas, lavanderias,<\/span><br style=\"font-family: 'Proxima Nova', -apple-system, Roboto, Arial, sans-serif; font-size: 20px;\" \/><span style=\"font-family: 'Proxima Nova', -apple-system, Roboto, Arial, sans-serif; font-size: 20px;\">\u00e1reas de servi\u00e7os e lavabos;<\/span><br style=\"font-family: 'Proxima Nova', -apple-system, Roboto, Arial, sans-serif; font-size: 20px;\" \/><span style=\"font-family: 'Proxima Nova', -apple-system, Roboto, Arial, sans-serif; font-size: 20px;\">\u2022 Pisos em contato com o solo;<\/span><br style=\"font-family: 'Proxima Nova', -apple-system, Roboto, Arial, sans-serif; font-size: 20px;\" \/><span style=\"font-family: 'Proxima Nova', -apple-system, Roboto, Arial, sans-serif; font-size: 20px;\">\u2022 Reservat\u00f3rio de \u00e1gua pot\u00e1vel enterrado;<\/span><br style=\"font-family: 'Proxima Nova', -apple-system, Roboto, Arial, sans-serif; font-size: 20px;\" \/><span style=\"font-family: 'Proxima Nova', -apple-system, Roboto, Arial, sans-serif; font-size: 20px;\">\u2022 Estruturas sujeitas a infiltra\u00e7\u00e3o do len\u00e7ol fre\u00e1tico;<\/span><br style=\"font-family: 'Proxima Nova', -apple-system, Roboto, Arial, sans-serif; font-size: 20px;\" \/><span style=\"font-family: 'Proxima Nova', -apple-system, Roboto, Arial, sans-serif; font-size: 20px;\">\u2022 Sistema duplo Viaplus\u00ae 2000 e Viaplus\u00ae 7000 Fibras ou Viaplus\u00ae<\/span><br style=\"font-family: 'Proxima Nova', -apple-system, Roboto, Arial, sans-serif; font-size: 20px;\" \/><span style=\"font-family: 'Proxima Nova', -apple-system, Roboto, Arial, sans-serif; font-size: 20px;\">6000 fibras ou Viaplus\u00ae 5000 estruturada com tela de poli\u00e9ster<\/span><br style=\"font-family: 'Proxima Nova', -apple-system, Roboto, Arial, sans-serif; font-size: 20px;\" \/><span style=\"font-family: 'Proxima Nova', -apple-system, Roboto, Arial, sans-serif; font-size: 20px;\">Mantex para reservat\u00f3rio de \u00e1gua pot\u00e1vel apoiado e elevado;<\/span><br style=\"font-family: 'Proxima Nova', -apple-system, Roboto, Arial, sans-serif; font-size: 20px;\" \/><span style=\"font-family: 'Proxima Nova', -apple-system, Roboto, Arial, sans-serif; font-size: 20px;\">\u2022 Sistema duplo Viaplus\u00ae 2000 e Viaplus\u00ae 7000 para piscinas em<\/span><br style=\"font-family: 'Proxima Nova', -apple-system, Roboto, Arial, sans-serif; font-size: 20px;\" \/><span style=\"font-family: 'Proxima Nova', -apple-system, Roboto, Arial, sans-serif; font-size: 20px;\">concreto enterradas\/ espelhos d\u2019agua enterrados;<\/span><br style=\"font-family: 'Proxima Nova', -apple-system, Roboto, Arial, sans-serif; font-size: 20px;\" \/><br style=\"font-family: 'Proxima Nova', -apple-system, Roboto, Arial, sans-serif; font-size: 20px;\" \/><span style=\"font-family: 'Proxima Nova', -apple-system, Roboto, Arial, sans-serif; font-size: 20px;\">RENDIMENTO APROXIMADO:<\/span><br style=\"font-family: 'Proxima Nova', -apple-system, Roboto, Arial, sans-serif; font-size: 20px;\" \/><br style=\"font-family: 'Proxima Nova', -apple-system, Roboto, Arial, sans-serif; font-size: 20px;\" \/><span style=\"font-family: 'Proxima Nova', -apple-system, Roboto, Arial, sans-serif; font-size: 20px;\">Umidade de solo ou \u00e1gua de percola\u00e7\u00e3o. Caixa 18 kg 9 m\u00b2<\/span><br style=\"font-family: 'Proxima Nova', -apple-system, Roboto, Arial, sans-serif; font-size: 20px;\" \/><br style=\"font-family: 'Proxima Nova', -apple-system, Roboto, Arial, sans-serif; font-size: 20px;\" \/><span style=\"font-family: 'Proxima Nova', -apple-system, Roboto, Arial, sans-serif; font-size: 20px;\">Press\u00e3o hidrost. positiva. no m\u00ednimo 25 m.c.a. Caixa 18 kg 6 m\u00b2<\/span><br style=\"font-family: 'Proxima Nova', -apple-system, Roboto, Arial, sans-serif; font-size: 20px;\" \/><br style=\"font-family: 'Proxima Nova', -apple-system, Roboto, Arial, sans-serif; font-size: 20px;\" \/><span style=\"font-family: 'Proxima Nova', -apple-system, Roboto, Arial, sans-serif; font-size: 20px;\">Press\u00e3o hidrost. negativa at\u00e9 10 m.c.a. Caixa 18 kg 4,5 m\u00b2<\/span><br style=\"font-family: 'Proxima Nova', -apple-system, Roboto, Arial, sans-serif; font-size: 20px;\" \/><br style=\"font-family: 'Proxima Nova', -apple-system, Roboto, Arial, sans-serif; font-size: 20px;\" \/><span style=\"font-family: 'Proxima Nova', -apple-system, Roboto, Arial, sans-serif; font-size: 20px;\">EMBALAGEM: Caixa 18 kg<\/span><\/p>","protected":false},"excerpt":{"rendered":"<p><span style=\"font-family: 'Proxima Nova', -apple-system, Roboto, Arial, sans-serif; font-size: 20px;\">Argamassa impermeabilizante industrializada, semiflex\u00edvel, bicomponente (A+B), \u00e0 base de cimentos especiais, aditivos minerais, pol\u00edmeros de excelente caracter\u00edstica impermeabilizante, e a incorpora\u00e7\u00e3o de fibras sint\u00e9ticas (polipropileno).<\/span><\/p>","protected":false},"featured_media":5983,"comment_status":"open","ping_status":"closed","template":"","meta":{"_acf_changed":false},"product_brand":[184],"product_cat":[192,31,189,190],"product_tag":[],"class_list":{"0":"post-5988","1":"product","2":"type-product","3":"status-publish","4":"has-post-thumbnail","6":"product_brand-viapol","7":"product_cat-argamassa-polimerica","8":"product_cat-em-promocao","9":"product_cat-impermeabilizantes","10":"product_cat-viapol","12":"first","13":"instock","14":"sale","15":"featured","16":"shipping-taxable","17":"purchasable","18":"product-type-simple"},"acf":[],"_links":{"self":[{"href":"https:\/\/armazemon.com.br\/en\/wp-json\/wp\/v2\/product\/5988","targetHints":{"allow":["GET"]}}],"collection":[{"href":"https:\/\/armazemon.com.br\/en\/wp-json\/wp\/v2\/product"}],"about":[{"href":"https:\/\/armazemon.com.br\/en\/wp-json\/wp\/v2\/types\/product"}],"replies":[{"embeddable":true,"href":"https:\/\/armazemon.com.br\/en\/wp-json\/wp\/v2\/comments?post=5988"}],"wp:featuredmedia":[{"embeddable":true,"href":"https:\/\/armazemon.com.br\/en\/wp-json\/wp\/v2\/media\/5983"}],"wp:attachment":[{"href":"https:\/\/armazemon.com.br\/en\/wp-json\/wp\/v2\/media?parent=5988"}],"wp:term":[{"taxonomy":"product_brand","embeddable":true,"href":"https:\/\/armazemon.com.br\/en\/wp-json\/wp\/v2\/product_brand?post=5988"},{"taxonomy":"product_cat","embeddable":true,"href":"https:\/\/armazemon.com.br\/en\/wp-json\/wp\/v2\/product_cat?post=5988"},{"taxonomy":"product_tag","embeddable":true,"href":"https:\/\/armazemon.com.br\/en\/wp-json\/wp\/v2\/product_tag?post=5988"}],"curies":[{"name":"wp","href":"https:\/\/api.w.org\/{rel}","templated":true}]}}