{"id":6035,"date":"2025-11-26T21:47:24","date_gmt":"2025-11-26T21:47:24","guid":{"rendered":"https:\/\/armazemon.com.br\/produto\/viaplus-5000-impermeabilizante-flexivel-viapol-18kg\/"},"modified":"2026-05-05T18:58:04","modified_gmt":"2026-05-05T18:58:04","slug":"viaplus-5000-impermeabilizante-flexivel-viapol-18kg","status":"publish","type":"product","link":"https:\/\/armazemon.com.br\/en\/product\/viaplus-5000-impermeabilizante-flexivel-viapol-18kg\/","title":{"rendered":"Viaplus 5000 Impermeabilizante Flex\u00edvel Viapol 18kg"},"content":{"rendered":"<p><span style=\"font-family: 'Proxima Nova', -apple-system, Roboto, Arial, sans-serif; font-size: 20px;\">O Impermeabilizante Viapol Viaplus 5000 Flex\u00edvel \u00e9 a solu\u00e7\u00e3o ideal para proteger suas superf\u00edcies contra a umidade em ambientes externos e internos. Sua f\u00f3rmula desenvolvida proporciona um revestimento flex\u00edvel de alta qualidade, garantindo um acabamento fosco que se integra perfeitamente ao espa\u00e7o. Com 18 kg, ele \u00e9 ideal para grandes \u00e1reas que necessitam de uma prote\u00e7\u00e3o eficaz e duradoura.<\/span><br style=\"font-family: 'Proxima Nova', -apple-system, Roboto, Arial, sans-serif; font-size: 20px;\" \/><br style=\"font-family: 'Proxima Nova', -apple-system, Roboto, Arial, sans-serif; font-size: 20px;\" \/><span style=\"font-family: 'Proxima Nova', -apple-system, Roboto, Arial, sans-serif; font-size: 20px;\">Este produto \u00e9 facilmente aplic\u00e1vel em superf\u00edcies sujeitas \u00e0 umidade, oferecendo elasticidade que permite a movimenta\u00e7\u00e3o natural dos materiais, prevenindo fissuras e danos. A versatilidade do Viaplus 5000 torna-o adequado para diversas aplica\u00e7\u00f5es, seja em lajes, paredes ou \u00e1reas que enfrentam a a\u00e7\u00e3o direta da \u00e1gua.<\/span><br style=\"font-family: 'Proxima Nova', -apple-system, Roboto, Arial, sans-serif; font-size: 20px;\" \/><br style=\"font-family: 'Proxima Nova', -apple-system, Roboto, Arial, sans-serif; font-size: 20px;\" \/><span style=\"font-family: 'Proxima Nova', -apple-system, Roboto, Arial, sans-serif; font-size: 20px;\">Al\u00e9m de sua resist\u00eancia, o efeito refinado do acabamento fosco traz um toque moderno e sofisticado aos ambientes. A marca Viapol \u00e9 reconhecida pela qualidade de seus produtos, oferecendo confian\u00e7a e seguran\u00e7a na prote\u00e7\u00e3o de suas superf\u00edcies.<\/span><br style=\"font-family: 'Proxima Nova', -apple-system, Roboto, Arial, sans-serif; font-size: 20px;\" \/><br style=\"font-family: 'Proxima Nova', -apple-system, Roboto, Arial, sans-serif; font-size: 20px;\" \/><span style=\"font-family: 'Proxima Nova', -apple-system, Roboto, Arial, sans-serif; font-size: 20px;\">Transforme sua casa ou seu projeto com a efic\u00e1cia do Impermeabilizante Viapol Viaplus 5000 Flex\u00edvel, um aliado essencial na preserva\u00e7\u00e3o e valoriza\u00e7\u00e3o dos seus espa\u00e7os. \u00c9 a escolha certa para quem busca qualidade, prote\u00e7\u00e3o e um toque est\u00e9tico em todos os ambientes.<\/span><\/p>","protected":false},"excerpt":{"rendered":"<p><span style=\"font-family: 'Proxima Nova', -apple-system, Roboto, Arial, sans-serif; font-size: 20px;\">Viaplus 5000 Flex\u00edvel \u00e9 a solu\u00e7\u00e3o ideal para proteger suas superf\u00edcies contra a umidade em ambientes externos e internos. Sua f\u00f3rmula desenvolvida proporciona um revestimento flex\u00edvel de alta qualidade, garantindo um acabamento fosco que se integra perfeitamente ao espa\u00e7o. Com 18 kg, ele \u00e9 ideal para grandes \u00e1reas que necessitam de uma prote\u00e7\u00e3o eficaz e duradoura.<\/span><\/p>","protected":false},"featured_media":6031,"comment_status":"open","ping_status":"closed","template":"","meta":{"_acf_changed":false},"product_brand":[184],"product_cat":[192,31,189,190],"product_tag":[],"class_list":{"0":"post-6035","1":"product","2":"type-product","3":"status-publish","4":"has-post-thumbnail","6":"product_brand-viapol","7":"product_cat-argamassa-polimerica","8":"product_cat-em-promocao","9":"product_cat-impermeabilizantes","10":"product_cat-viapol","12":"first","13":"instock","14":"sale","15":"featured","16":"shipping-taxable","17":"purchasable","18":"product-type-simple"},"acf":[],"_links":{"self":[{"href":"https:\/\/armazemon.com.br\/en\/wp-json\/wp\/v2\/product\/6035","targetHints":{"allow":["GET"]}}],"collection":[{"href":"https:\/\/armazemon.com.br\/en\/wp-json\/wp\/v2\/product"}],"about":[{"href":"https:\/\/armazemon.com.br\/en\/wp-json\/wp\/v2\/types\/product"}],"replies":[{"embeddable":true,"href":"https:\/\/armazemon.com.br\/en\/wp-json\/wp\/v2\/comments?post=6035"}],"wp:featuredmedia":[{"embeddable":true,"href":"https:\/\/armazemon.com.br\/en\/wp-json\/wp\/v2\/media\/6031"}],"wp:attachment":[{"href":"https:\/\/armazemon.com.br\/en\/wp-json\/wp\/v2\/media?parent=6035"}],"wp:term":[{"taxonomy":"product_brand","embeddable":true,"href":"https:\/\/armazemon.com.br\/en\/wp-json\/wp\/v2\/product_brand?post=6035"},{"taxonomy":"product_cat","embeddable":true,"href":"https:\/\/armazemon.com.br\/en\/wp-json\/wp\/v2\/product_cat?post=6035"},{"taxonomy":"product_tag","embeddable":true,"href":"https:\/\/armazemon.com.br\/en\/wp-json\/wp\/v2\/product_tag?post=6035"}],"curies":[{"name":"wp","href":"https:\/\/api.w.org\/{rel}","templated":true}]}}