{"id":6054,"date":"2025-11-26T22:16:26","date_gmt":"2025-11-26T22:16:26","guid":{"rendered":"https:\/\/armazemon.com.br\/produto\/furadeira-manual-mandril-5-16-guepar\/"},"modified":"2026-04-16T17:12:08","modified_gmt":"2026-04-16T17:12:08","slug":"furadeira-manual-mandril-5-16-guepar","status":"publish","type":"product","link":"https:\/\/armazemon.com.br\/en\/product\/furadeira-manual-mandril-5-16-guepar\/","title":{"rendered":"Furadeira Manual Mandril 5\/16&#8221; &#8211; Guepar"},"content":{"rendered":"<h2 data-testid=\"title\" class=\"ui-pdp-description__title\" style=\"font-family: 'Proxima Nova', -apple-system, Roboto, Arial, sans-serif;font-weight: 400;line-height: 1.25;margin: 0px 0px 24px;font-size: 24px\">Descri\u00e7\u00e3o<\/h2>\n<p class=\"ui-pdp-description__content\" style=\"font-family: 'Proxima Nova', -apple-system, Roboto, Arial, sans-serif;font-size: 20px;line-height: 27px\" data-testid=\"content\">Benef\u00edcios do Produto:<br \/>&#8211; Corpo e bot\u00f5es injetados.<br \/>&#8211; Cabo el\u00e9trico de 2m.<br \/>&#8211; Gatilho com potenci\u00f4metro para varia\u00e7\u00e3o de velocidade;<br \/>&#8211; Bot\u00e3o lateral para o travamento do gatilho;<br \/>&#8211; Acompanha chave para aperto do mandril<br \/>&#8211; Acompanha manual de instru\u00e7\u00f5es.<br \/>&#8211; Seletor de opera\u00e7\u00e3o: fura\u00e7\u00e3o normal \/ fura\u00e7\u00e3o com impacto.<br \/>&#8211; Cabo auxiliar com acess\u00f3rio para medir profundidade da fura\u00e7\u00e3o.<br \/>&#8211; Excelente desempenho em opera\u00e7\u00f5es de perfura\u00e7\u00e3o.<br \/>&#8211; Bot\u00e3o com revers\u00e3o e varia\u00e7\u00e3o de velocidade, proporcionando um maior conforto e praticidade durante a opera\u00e7\u00e3o<br \/>&#8211; Trava lateral para quando a ferramenta for utilizada em trabalhos cont\u00ednuos.<br \/>&#8211; Empunhadura lateral para maior conforto e seguran\u00e7a.<\/p>","protected":false},"excerpt":{"rendered":"<p><span style=\"font-family: 'Proxima Nova', -apple-system, Roboto, Arial, sans-serif;font-size: 20px\">Aplica\u00e7\u00e3o: Ideal para trabalhos em concreto, alvenaria, a\u00e7o e madeira. Uso dom\u00e9stico.<\/span><\/p>","protected":false},"featured_media":6050,"comment_status":"open","ping_status":"closed","template":"","meta":{"_acf_changed":false},"product_brand":[236],"product_cat":[31,203,32],"product_tag":[],"class_list":{"0":"post-6054","1":"product","2":"type-product","3":"status-publish","4":"has-post-thumbnail","6":"product_brand-guepar","7":"product_cat-em-promocao","8":"product_cat-ferramenta-para-construcao-civil","9":"product_cat-ferramentas","11":"first","12":"instock","13":"shipping-taxable","14":"purchasable","15":"product-type-simple"},"acf":[],"_links":{"self":[{"href":"https:\/\/armazemon.com.br\/en\/wp-json\/wp\/v2\/product\/6054","targetHints":{"allow":["GET"]}}],"collection":[{"href":"https:\/\/armazemon.com.br\/en\/wp-json\/wp\/v2\/product"}],"about":[{"href":"https:\/\/armazemon.com.br\/en\/wp-json\/wp\/v2\/types\/product"}],"replies":[{"embeddable":true,"href":"https:\/\/armazemon.com.br\/en\/wp-json\/wp\/v2\/comments?post=6054"}],"wp:featuredmedia":[{"embeddable":true,"href":"https:\/\/armazemon.com.br\/en\/wp-json\/wp\/v2\/media\/6050"}],"wp:attachment":[{"href":"https:\/\/armazemon.com.br\/en\/wp-json\/wp\/v2\/media?parent=6054"}],"wp:term":[{"taxonomy":"product_brand","embeddable":true,"href":"https:\/\/armazemon.com.br\/en\/wp-json\/wp\/v2\/product_brand?post=6054"},{"taxonomy":"product_cat","embeddable":true,"href":"https:\/\/armazemon.com.br\/en\/wp-json\/wp\/v2\/product_cat?post=6054"},{"taxonomy":"product_tag","embeddable":true,"href":"https:\/\/armazemon.com.br\/en\/wp-json\/wp\/v2\/product_tag?post=6054"}],"curies":[{"name":"wp","href":"https:\/\/api.w.org\/{rel}","templated":true}]}}