{"id":6606,"date":"2025-11-29T09:33:18","date_gmt":"2025-11-29T09:33:18","guid":{"rendered":"https:\/\/armazemon.com.br\/produto\/manta-liquida-viapol-vedalage-branco-18kg-14lt\/"},"modified":"2026-05-13T18:49:18","modified_gmt":"2026-05-13T18:49:18","slug":"manta-liquida-viapol-vedalage-branco-18kg-14lt","status":"publish","type":"product","link":"https:\/\/armazemon.com.br\/en\/product\/manta-liquida-viapol-vedalage-branco-18kg-14lt\/","title":{"rendered":"Manta L\u00edquida Viapol Vedalage Branco 18kg \/14Lt"},"content":{"rendered":"<p><strong>Vedalage Branco\u00a0<\/strong>\u00e9 uma manta l\u00edquida, aplicada sob forma de pintura;<\/p>\n<ul style=\"margin-top: 5px; font-family: 'Open Sans', Helvetica, sans-serif; font-size: 16px; text-align: justify; padding-left: 15px !important;\">\n<li>Pronto para uso;<\/li>\n<li>F\u00e1cil aplica\u00e7\u00e3o;<\/li>\n<li>Alta elasticidade e flexibilidade;<\/li>\n<li>Resist\u00eancia ao oz\u00f4nio e raios ultravioletas;<\/li>\n<li>Maior conforto t\u00e9rmico \u2013 reflete os raios solares;<\/li>\n<li>N\u00e3o necessita de camada de prote\u00e7\u00e3o mec\u00e2nica;<\/li>\n<\/ul>\n<h1 style=\"text-transform: uppercase; float: left; width: 750.219px; font-family: 'Open Sans', Helvetica, sans-serif; font-weight: 400 !important; margin: 0px 0px 5px !important; font-size: 18px !important; color: #0128b3 !important; padding-left: 0px !important;\" role=\"presentation\" aria-hidden=\"true\" data-uw-rm-heading=\"hide\"><strong>Utiliza\u00e7\u00e3o<\/strong>\u00a0<span class=\"data-uw-rm-autofix-hide\" style=\"color: #ffffff !important; background: #000000 !important; height: 1px !important; width: 1px !important; margin: -1px !important; overflow: hidden !important; padding: 0px !important; position: absolute !important;\" data-uw-reader-element=\"\" data-uw-rm-ignore=\"\">Empty heading<\/span><\/h1>\n<p>&nbsp;<\/p>\n<p style=\"line-height: 1.5; margin-top: 5px; margin-bottom: 10px; font-family: 'Open Sans', Helvetica, sans-serif; font-size: 16px; text-align: justify;\"><strong>Vedalage\u00ae Branco\u00a0<\/strong>\u00e9 indicado para impermeabiliza\u00e7\u00f5es de \u00e1reas expostas que n\u00e3o necessitam de prote\u00e7\u00e3o, tais como:<\/p>\n<ul style=\"margin-top: 5px; font-family: 'Open Sans', Helvetica, sans-serif; font-size: 16px; text-align: justify; padding-left: 15px !important;\">\n<li>Lajes expostas sem tr\u00e2nsito;<\/li>\n<li>Telhas de fibrocimento;<\/li>\n<li>Ab\u00f3badas e sheeds;<\/li>\n<li>Vigas de concreto;<\/li>\n<li>Calhas de concreto ou fibrocimento.<\/li>\n<\/ul>\n<p style=\"line-height: 1.5; margin-top: 5px; margin-bottom: 10px; font-family: 'Open Sans', Helvetica, sans-serif; font-size: 16px; text-align: justify;\">Observa\u00e7\u00e3o: Para lajes expostas acima de 50 m\u00b2, executar o refor\u00e7o com tela de poli\u00e9ster Mantex<\/p>","protected":false},"excerpt":{"rendered":"<p><em><strong style=\"font-family: 'Open Sans', Helvetica, sans-serif; font-size: 16px; text-align: justify;\">Vedalage\u00ae Branco<\/strong><span style=\"font-family: 'Open Sans', Helvetica, sans-serif; font-size: 16px; text-align: justify;\"> \u00e9 uma manta l\u00edquida pronta para uso \u00e0 base de resina acr\u00edlica. Oferece elasticidade, flexibilidade e resist\u00eancia \u00e0s intemp\u00e9ries, al\u00e9m da propriedade de refletir os raios solares, proporcionado conforto t\u00e9rmico aos ambientes internos.<\/span><\/em><\/p>","protected":false},"featured_media":6614,"comment_status":"open","ping_status":"closed","template":"","meta":{"_acf_changed":false},"product_brand":[184],"product_cat":[31,194,195,190],"product_tag":[],"class_list":{"0":"post-6606","1":"product","2":"type-product","3":"status-publish","4":"has-post-thumbnail","6":"product_brand-viapol","7":"product_cat-em-promocao","8":"product_cat-manta-liquida","9":"product_cat-pintura-impermeavel","10":"product_cat-viapol","12":"first","13":"instock","14":"sale","15":"featured","16":"shipping-taxable","17":"purchasable","18":"product-type-simple"},"acf":[],"_links":{"self":[{"href":"https:\/\/armazemon.com.br\/en\/wp-json\/wp\/v2\/product\/6606","targetHints":{"allow":["GET"]}}],"collection":[{"href":"https:\/\/armazemon.com.br\/en\/wp-json\/wp\/v2\/product"}],"about":[{"href":"https:\/\/armazemon.com.br\/en\/wp-json\/wp\/v2\/types\/product"}],"replies":[{"embeddable":true,"href":"https:\/\/armazemon.com.br\/en\/wp-json\/wp\/v2\/comments?post=6606"}],"wp:featuredmedia":[{"embeddable":true,"href":"https:\/\/armazemon.com.br\/en\/wp-json\/wp\/v2\/media\/6614"}],"wp:attachment":[{"href":"https:\/\/armazemon.com.br\/en\/wp-json\/wp\/v2\/media?parent=6606"}],"wp:term":[{"taxonomy":"product_brand","embeddable":true,"href":"https:\/\/armazemon.com.br\/en\/wp-json\/wp\/v2\/product_brand?post=6606"},{"taxonomy":"product_cat","embeddable":true,"href":"https:\/\/armazemon.com.br\/en\/wp-json\/wp\/v2\/product_cat?post=6606"},{"taxonomy":"product_tag","embeddable":true,"href":"https:\/\/armazemon.com.br\/en\/wp-json\/wp\/v2\/product_tag?post=6606"}],"curies":[{"name":"wp","href":"https:\/\/api.w.org\/{rel}","templated":true}]}}