{"id":6650,"date":"2025-11-29T12:33:06","date_gmt":"2025-11-29T12:33:06","guid":{"rendered":"https:\/\/armazemon.com.br\/produto\/manta-liquida-viapol-vedalage-preto-18-lt\/"},"modified":"2026-05-13T18:49:08","modified_gmt":"2026-05-13T18:49:08","slug":"manta-liquida-viapol-vedalage-preto-18-lt","status":"publish","type":"product","link":"https:\/\/armazemon.com.br\/en\/product\/manta-liquida-viapol-vedalage-preto-18-lt\/","title":{"rendered":"Manta L\u00edquida Viapol Vedalage Preto 18 LT"},"content":{"rendered":"<ul style=\"margin-top: 5px;font-family: 'Open Sans', Helvetica, sans-serif;font-size: 16px;text-align: justify;padding-left: 15px !important\">\n<li>\n<h1 role=\"presentation\" aria-hidden=\"true\" data-uw-rm-heading=\"hide\" style=\"text-transform: uppercase;float: left;width: 750.219px;text-align: start;font-weight: 400 !important;margin: 0px 0px 5px !important;font-size: 18px !important;color: #0128b3 !important;padding-left: 0px !important\"><strong>\u00a0 Vantagens<\/strong>\u00a0<span class=\"data-uw-rm-autofix-hide\" data-uw-reader-element=\"\" data-uw-rm-ignore=\"\" style=\"color: #ffffff !important;background: #000000 !important;height: 1px !important;width: 1px !important;margin: -1px !important;overflow: hidden !important;padding: 0px !important;position: absolute !important\">Empty heading<\/span><\/h1>\n<ul style=\"margin-top: 5px;padding-left: 15px !important\">\n<li><\/li>\n<li><\/li>\n<li><\/li>\n<li><\/li>\n<li><\/li>\n<li><\/li>\n<li>Pronto para uso;<\/li>\n<li>F\u00e1cil manuseio e aplica\u00e7\u00e3o;<\/li>\n<li>Alta resist\u00eancia, elasticidade e flexibilidade;<\/li>\n<li>\u00c0 base de \u00e1gua, n\u00e3o \u00e9 agressivo ao meio ambiente, podendo ser aplicado em ambientes fechados;<\/li>\n<li>Aplica\u00e7\u00e3o a frio, formando uma membrana cont\u00ednua e sem emendas;<\/li>\n<li>\u00d3tima resist\u00eancia e durabilidade.<\/li>\n<li><\/li>\n<li><\/li>\n<li><\/li>\n<\/ul>\n<h1 role=\"presentation\" aria-hidden=\"true\" data-uw-rm-heading=\"hide\" style=\"text-transform: uppercase;float: left;width: 750.219px;text-align: start;font-weight: 400 !important;margin: 0px 0px 5px !important;font-size: 18px !important;color: #0128b3 !important;padding-left: 0px !important\"><strong>\u00a0 Utiliza\u00e7\u00e3o<\/strong>\u00a0<\/h1>\n<\/li>\n<li>\n<h1 role=\"presentation\" aria-hidden=\"true\" data-uw-rm-heading=\"hide\" style=\"text-transform: uppercase;float: left;width: 750.219px;text-align: start;font-weight: 400 !important;margin: 0px 0px 5px !important;font-size: 18px !important;color: #0128b3 !important;padding-left: 0px !important\"><span class=\"data-uw-rm-autofix-hide\" data-uw-reader-element=\"\" data-uw-rm-ignore=\"\" style=\"color: #ffffff !important;background: #000000 !important;height: 1px !important;width: 1px !important;margin: -1px !important;overflow: hidden !important;padding: 0px !important;position: absolute !important\">Empty heading<\/span><\/h1>\n<ul style=\"margin-top: 5px;padding-left: 15px !important\">\n<li><\/li>\n<li><\/li>\n<li><\/li>\n<li>\u00a0 \u00a0<\/li>\n<li><\/li>\n<li>Lajes de cobertura;<\/li>\n<li>\u00c1reas frias (banheiro, cozinha, sacada, varanda e \u00e1rea de servi\u00e7o);<\/li>\n<li>Muros de conten\u00e7\u00e3o (lado da terra);<\/li>\n<li>Jardineiras e floreiras;<\/li>\n<li>Saunas e c\u00e2maras frigor\u00edficas;<\/li>\n<li>Calhas de concreto;<\/li>\n<li>Paredes e pisos;<\/li>\n<li>Paredes onde ser\u00e3o instalados arm\u00e1rios embutidos.<\/li>\n<\/ul>\n<\/li>\n<\/ul>\n<ul style=\"margin-top: 5px;font-family: 'Open Sans', Helvetica, sans-serif;font-size: 16px;text-align: justify;padding-left: 15px !important\"><\/ul>\n<p style=\"line-height: 1.5;margin-top: 5px;margin-bottom: 10px;font-family: 'Open Sans', Helvetica, sans-serif;font-size: 16px;text-align: justify\">Observa\u00e7\u00e3o: Para lajes expostas acima de 50 m\u00b2, executar o refor\u00e7o com tela de poli\u00e9ster Mantex<\/p>","protected":false},"excerpt":{"rendered":"<p><em><strong style=\"font-family: 'Open Sans', Helvetica, sans-serif;font-size: 16px;text-align: justify\">Vedalage Preto\u00a0<\/strong><\/em><span style=\"font-family: 'Open Sans', Helvetica, sans-serif;font-size: 16px;text-align: justify\">\u00e9 uma manta l\u00edquida pronta para uso \u00e0 base de asfalto modificado com pol\u00edmeros, prontos para uso. \u00c9 um impermeabilizante que apresenta excelentes caracter\u00edsticas de elasticidade, flexibilidade e ader\u00eancia<\/span><\/p>","protected":false},"featured_media":6645,"comment_status":"open","ping_status":"closed","template":"","meta":{"_acf_changed":false},"product_brand":[184],"product_cat":[31,194,195,190],"product_tag":[],"class_list":{"0":"post-6650","1":"product","2":"type-product","3":"status-publish","4":"has-post-thumbnail","6":"product_brand-viapol","7":"product_cat-em-promocao","8":"product_cat-manta-liquida","9":"product_cat-pintura-impermeavel","10":"product_cat-viapol","12":"first","13":"outofstock","14":"sale","15":"featured","16":"shipping-taxable","17":"purchasable","18":"product-type-simple"},"acf":[],"_links":{"self":[{"href":"https:\/\/armazemon.com.br\/en\/wp-json\/wp\/v2\/product\/6650","targetHints":{"allow":["GET"]}}],"collection":[{"href":"https:\/\/armazemon.com.br\/en\/wp-json\/wp\/v2\/product"}],"about":[{"href":"https:\/\/armazemon.com.br\/en\/wp-json\/wp\/v2\/types\/product"}],"replies":[{"embeddable":true,"href":"https:\/\/armazemon.com.br\/en\/wp-json\/wp\/v2\/comments?post=6650"}],"wp:featuredmedia":[{"embeddable":true,"href":"https:\/\/armazemon.com.br\/en\/wp-json\/wp\/v2\/media\/6645"}],"wp:attachment":[{"href":"https:\/\/armazemon.com.br\/en\/wp-json\/wp\/v2\/media?parent=6650"}],"wp:term":[{"taxonomy":"product_brand","embeddable":true,"href":"https:\/\/armazemon.com.br\/en\/wp-json\/wp\/v2\/product_brand?post=6650"},{"taxonomy":"product_cat","embeddable":true,"href":"https:\/\/armazemon.com.br\/en\/wp-json\/wp\/v2\/product_cat?post=6650"},{"taxonomy":"product_tag","embeddable":true,"href":"https:\/\/armazemon.com.br\/en\/wp-json\/wp\/v2\/product_tag?post=6650"}],"curies":[{"name":"wp","href":"https:\/\/api.w.org\/{rel}","templated":true}]}}