{"id":6657,"date":"2025-11-29T13:34:35","date_gmt":"2025-11-29T13:34:35","guid":{"rendered":"https:\/\/armazemon.com.br\/produto\/selante-acrilico-flexivel-sela-trincas-5kg-viapol-heydicryl\/"},"modified":"2026-05-12T12:13:07","modified_gmt":"2026-05-12T12:13:07","slug":"selante-acrilico-flexivel-sela-trincas-5kg-viapol-heydicryl","status":"publish","type":"product","link":"https:\/\/armazemon.com.br\/en\/product\/selante-acrilico-flexivel-sela-trincas-5kg-viapol-heydicryl\/","title":{"rendered":"Selante Acr\u00edlico Flex\u00edvel Sela Trincas 5Kg Viapol -Heydicryl"},"content":{"rendered":"<p><strong style=\"font-family: 'Open Sans', Helvetica, sans-serif; font-size: 16px;\">ViapolSela Trincas<\/strong><span style=\"font-family: 'Open Sans', Helvetica, sans-serif; font-size: 16px;\">\u00a0\u00e9 um selante monocomponente flex\u00edvel de base acr\u00edlica, desenvolvido para tratamento de trincas e fissuras em \u00e1reas internas e externas, em paredes de concreto e alvenaria, drywall, madeira ou metal, e aceita pintura.<\/span><\/p>\n<h1 style=\"text-transform: uppercase; float: left; width: 750.219px; font-family: 'Open Sans', Helvetica, sans-serif; font-weight: 400 !important; margin: 0px 0px 5px !important; font-size: 18px !important; color: #0128b3 !important; padding-left: 0px !important;\" role=\"heading\" data-uw-rm-heading=\"level\"><\/h1>\n<h1 style=\"text-transform: uppercase; float: left; width: 750.219px; font-family: 'Open Sans', Helvetica, sans-serif; font-weight: 400 !important; margin: 0px 0px 5px !important; font-size: 18px !important; color: #0128b3 !important; padding-left: 0px !important;\" role=\"heading\" data-uw-rm-heading=\"level\">VANTAGENS<\/h1>\n<p>&nbsp;<\/p>\n<p>&nbsp;<\/p>\n<ul style=\"margin-top: 5px; font-family: 'Open Sans', Helvetica, sans-serif; font-size: 16px; padding-left: 15px !important;\">\n<li>Boa estabilidade de cor;<\/li>\n<li>Boa ader\u00eancia;<\/li>\n<li>Boa resist\u00eancia ao intemperismo;<\/li>\n<li>Aceita pintura;<\/li>\n<li>F\u00e1cil aplica\u00e7\u00e3o;<\/li>\n<li>Compat\u00edvel com pinturas \u00e0 base d\u2019\u00e1gua;<\/li>\n<li>Boa resist\u00eancia aos raios UV;<\/li>\n<li>Para uso interno e externo;<\/li>\n<li>Baixa emiss\u00e3o de compostos org\u00e2nicos vol\u00e1teis (V.O.C).<\/li>\n<\/ul>\n<h1 style=\"text-transform: uppercase; float: left; width: 750.219px; font-family: 'Open Sans', Helvetica, sans-serif; font-weight: 400 !important; margin: 0px 0px 5px !important; font-size: 18px !important; color: #0128b3 !important; padding-left: 0px !important;\" role=\"heading\" data-uw-rm-heading=\"level\">UTILIZA\u00c7\u00c3O<\/h1>\n<p>&nbsp;<\/p>\n<ul style=\"margin-top: 5px; font-family: 'Open Sans', Helvetica, sans-serif; font-size: 16px; padding-left: 15px !important;\">\n<li>Como selador ou calafetador de trincas e fissuras internas e externas;<\/li>\n<li>Baixa retra\u00e7\u00e3o;<\/li>\n<li>N\u00e3o resseca e n\u00e3o racha;<\/li>\n<li>Selagem de v\u00e3os em paredes de Drywall;<\/li>\n<li>Trincas e fissuras em argamassa de fachadas;<\/li>\n<li>Calafeta\u00e7\u00e3o de fissuras verticais ou horizontais de baixa movimenta\u00e7\u00e3o;<\/li>\n<li>Selagem de v\u00e3os entre guarni\u00e7\u00f5es de madeira ou metal.<\/li>\n<\/ul>","protected":false},"excerpt":{"rendered":"<p><strong style=\"font-family: 'Open Sans', Helvetica, sans-serif; font-size: 16px;\">ViapolSela Trincas<\/strong><span style=\"font-family: 'Open Sans', Helvetica, sans-serif; font-size: 16px;\">\u00a0\u00e9 um selante monocomponente flex\u00edvel de base acr\u00edlica, desenvolvido para tratamento de trincas e fissuras em \u00e1reas internas e externas, em paredes de concreto e alvenaria, drywall, madeira ou metal, e aceita pintura.<\/span><\/p>","protected":false},"featured_media":6653,"comment_status":"open","ping_status":"closed","template":"","meta":{"_acf_changed":false},"product_brand":[184],"product_cat":[31,195,238,190],"product_tag":[],"class_list":{"0":"post-6657","1":"product","2":"type-product","3":"status-publish","4":"has-post-thumbnail","6":"product_brand-viapol","7":"product_cat-em-promocao","8":"product_cat-pintura-impermeavel","9":"product_cat-selantes-e-silicones","10":"product_cat-viapol","12":"first","13":"instock","14":"sale","15":"featured","16":"shipping-taxable","17":"purchasable","18":"product-type-simple"},"acf":[],"_links":{"self":[{"href":"https:\/\/armazemon.com.br\/en\/wp-json\/wp\/v2\/product\/6657","targetHints":{"allow":["GET"]}}],"collection":[{"href":"https:\/\/armazemon.com.br\/en\/wp-json\/wp\/v2\/product"}],"about":[{"href":"https:\/\/armazemon.com.br\/en\/wp-json\/wp\/v2\/types\/product"}],"replies":[{"embeddable":true,"href":"https:\/\/armazemon.com.br\/en\/wp-json\/wp\/v2\/comments?post=6657"}],"wp:featuredmedia":[{"embeddable":true,"href":"https:\/\/armazemon.com.br\/en\/wp-json\/wp\/v2\/media\/6653"}],"wp:attachment":[{"href":"https:\/\/armazemon.com.br\/en\/wp-json\/wp\/v2\/media?parent=6657"}],"wp:term":[{"taxonomy":"product_brand","embeddable":true,"href":"https:\/\/armazemon.com.br\/en\/wp-json\/wp\/v2\/product_brand?post=6657"},{"taxonomy":"product_cat","embeddable":true,"href":"https:\/\/armazemon.com.br\/en\/wp-json\/wp\/v2\/product_cat?post=6657"},{"taxonomy":"product_tag","embeddable":true,"href":"https:\/\/armazemon.com.br\/en\/wp-json\/wp\/v2\/product_tag?post=6657"}],"curies":[{"name":"wp","href":"https:\/\/api.w.org\/{rel}","templated":true}]}}