{"id":6666,"date":"2025-11-29T20:01:41","date_gmt":"2025-11-29T20:01:41","guid":{"rendered":"https:\/\/armazemon.com.br\/produto\/manta-fita-autoadesiva-aluminio-94cm-viapol-tapa-goteira\/"},"modified":"2026-04-30T14:49:38","modified_gmt":"2026-04-30T14:49:38","slug":"manta-fita-autoadesiva-aluminio-94cm-viapol-tapa-goteira","status":"publish","type":"product","link":"https:\/\/armazemon.com.br\/en\/product\/manta-fita-autoadesiva-aluminio-94cm-viapol-tapa-goteira\/","title":{"rendered":"Manta Fita Autoadesiva Alum\u00ednio 94cm Viapol Tapa Goteira"},"content":{"rendered":"<p class=\"MsoNormal\"><strong><span style=\"font-size: 12.0pt; line-height: 107%; font-family: 'Times New Roman',serif;\">Vantagens\u00a0<\/span><\/strong><\/p>\n<ul style=\"margin-top: 0cm;\" type=\"disc\">\n<li class=\"MsoNormal\"><span style=\"font-size: 12.0pt; line-height: 107%; font-family: 'Times New Roman',serif;\">F\u00e1cil aplica\u00e7\u00e3o;<\/span><\/li>\n<li class=\"MsoNormal\"><span style=\"font-size: 12.0pt; line-height: 107%; font-family: 'Times New Roman',serif;\">Alta adesividade e moldagem;<\/span><\/li>\n<li class=\"MsoNormal\"><span style=\"font-size: 12.0pt; line-height: 107%; font-family: 'Times New Roman',serif;\">Proporciona solu\u00e7\u00e3o imediata de reparos;<\/span><\/li>\n<li class=\"MsoNormal\"><span style=\"font-size: 12.0pt; line-height: 107%; font-family: 'Times New Roman',serif;\">Imperme\u00e1vel e resistente \u00e0 \u00e1gua;<\/span><\/li>\n<li class=\"MsoNormal\"><span style=\"font-size: 12.0pt; line-height: 107%; font-family: 'Times New Roman',serif;\">Boa resist\u00eancia aos raios solares;<\/span><\/li>\n<li class=\"MsoNormal\"><span style=\"font-size: 12.0pt; line-height: 107%; font-family: 'Times New Roman',serif;\">Fixa\u00e7\u00e3o a frio sem a necessidade de uso de ma\u00e7arico.<\/span><\/li>\n<\/ul>\n<p class=\"MsoNormal\" style=\"margin-left: 36.0pt;\"><span style=\"font-size: 12.0pt; line-height: 107%; font-family: 'Times New Roman',serif;\">\u00a0<\/span><\/p>\n<p class=\"MsoNormal\"><strong><span style=\"font-size: 12.0pt; line-height: 107%; font-family: 'Times New Roman',serif;\">Utiliza\u00e7\u00e3o<\/span><\/strong><\/p>\n<p class=\"MsoNormal\"><span style=\"font-size: 12.0pt; line-height: 107%; font-family: 'Times New Roman',serif;\">\u00a0<\/span><\/p>\n<ul style=\"margin-top: 0cm;\" type=\"disc\">\n<li class=\"MsoNormal\"><span style=\"font-size: 12.0pt; line-height: 107%; font-family: 'Times New Roman',serif;\">Reparo de telhas met\u00e1licas, fibrocimento e concreto;<\/span><\/li>\n<li class=\"MsoNormal\"><span style=\"font-size: 12.0pt; line-height: 107%; font-family: 'Times New Roman',serif;\">Selamento de trincas e furos em telhas met\u00e1licas, fibrocimento e concreto;<\/span><\/li>\n<li class=\"MsoNormal\"><span style=\"font-size: 12.0pt; line-height: 107%; font-family: 'Times New Roman',serif;\">Veda\u00e7\u00e3o de cabe\u00e7a de parafusos;<\/span><\/li>\n<li class=\"MsoNormal\"><span style=\"font-size: 12.0pt; line-height: 107%; font-family: 'Times New Roman',serif;\">Rufos, cumeeiras e calhas met\u00e1licas;<\/span><\/li>\n<li class=\"MsoNormal\"><span style=\"font-size: 12.0pt; line-height: 107%; font-family: 'Times New Roman',serif;\">Prote\u00e7\u00e3o de tubula\u00e7\u00e3o PVC exposta ao tempo;<\/span><\/li>\n<li class=\"MsoNormal\"><span style=\"font-size: 12.0pt; line-height: 107%; font-family: 'Times New Roman',serif;\">Dutos de ventila\u00e7\u00e3o e ar condicionado;<\/span><\/li>\n<li class=\"MsoNormal\"><span style=\"font-size: 12.0pt; line-height: 107%; font-family: 'Times New Roman',serif;\">Reparo de carrocerias, furg\u00f5es e ba\u00fa de caminh\u00f5es;<\/span><\/li>\n<li class=\"MsoNormal\"><span style=\"font-size: 12.0pt; line-height: 107%; font-family: 'Times New Roman',serif;\">Restaura\u00e7\u00e3o de toldos e lonas rasgadas.<\/span><\/li>\n<\/ul>","protected":false},"excerpt":{"rendered":"<p><strong style=\"font-family: 'Open Sans', Helvetica, sans-serif; font-size: 16px;\">Fita Viapol Tapa Goteira<\/strong><span style=\"font-family: 'Open Sans', Helvetica, sans-serif; font-size: 16px;\">\u00a0\u00e9 uma fita multiuso autoadesiva flex\u00edvel fabricada a base de asfalto modificado com adi\u00e7\u00e3o de pol\u00edmeros. Possui acabamento de filme de alum\u00ednio, assegurando durabilidade ao produto, reflex\u00e3o dos raios solares e impermeabilidade.<\/span><\/p>","protected":false},"featured_media":6662,"comment_status":"open","ping_status":"closed","template":"","meta":{"_acf_changed":false},"product_brand":[184],"product_cat":[31,196,190],"product_tag":[],"class_list":{"0":"post-6666","1":"product","2":"type-product","3":"status-publish","4":"has-post-thumbnail","6":"product_brand-viapol","7":"product_cat-em-promocao","8":"product_cat-manta-adesiva","9":"product_cat-viapol","11":"first","12":"instock","13":"sale","14":"featured","15":"shipping-taxable","16":"purchasable","17":"product-type-simple"},"acf":[],"_links":{"self":[{"href":"https:\/\/armazemon.com.br\/en\/wp-json\/wp\/v2\/product\/6666","targetHints":{"allow":["GET"]}}],"collection":[{"href":"https:\/\/armazemon.com.br\/en\/wp-json\/wp\/v2\/product"}],"about":[{"href":"https:\/\/armazemon.com.br\/en\/wp-json\/wp\/v2\/types\/product"}],"replies":[{"embeddable":true,"href":"https:\/\/armazemon.com.br\/en\/wp-json\/wp\/v2\/comments?post=6666"}],"wp:featuredmedia":[{"embeddable":true,"href":"https:\/\/armazemon.com.br\/en\/wp-json\/wp\/v2\/media\/6662"}],"wp:attachment":[{"href":"https:\/\/armazemon.com.br\/en\/wp-json\/wp\/v2\/media?parent=6666"}],"wp:term":[{"taxonomy":"product_brand","embeddable":true,"href":"https:\/\/armazemon.com.br\/en\/wp-json\/wp\/v2\/product_brand?post=6666"},{"taxonomy":"product_cat","embeddable":true,"href":"https:\/\/armazemon.com.br\/en\/wp-json\/wp\/v2\/product_cat?post=6666"},{"taxonomy":"product_tag","embeddable":true,"href":"https:\/\/armazemon.com.br\/en\/wp-json\/wp\/v2\/product_tag?post=6666"}],"curies":[{"name":"wp","href":"https:\/\/api.w.org\/{rel}","templated":true}]}}