{"id":6751,"date":"2025-11-29T22:38:16","date_gmt":"2025-11-29T22:38:16","guid":{"rendered":"https:\/\/armazemon.com.br\/produto\/primer-asfaltico-adeflex-36-lt-viapol\/"},"modified":"2026-04-10T16:01:35","modified_gmt":"2026-04-10T16:01:35","slug":"primer-asfaltico-adeflex-36-lt-viapol","status":"publish","type":"product","link":"https:\/\/armazemon.com.br\/en\/product\/primer-asfaltico-adeflex-36-lt-viapol\/","title":{"rendered":"Primer Asf\u00e1ltico Adeflex 3,6 Lt &#8211; Viapol"},"content":{"rendered":"<p>\u00a0<\/p>\n<p class=\"MsoNormal\"><strong><span style=\"font-size: 12.0pt;line-height: 107%;font-family: 'Times New Roman',serif\">Vantagens<\/span><\/strong><span style=\"font-size: 12.0pt;line-height: 107%;font-family: 'Times New Roman',serif\"><\/span><\/p>\n<p class=\"MsoNormal\">\u00a0<\/p>\n<ul style=\"margin-top: 0cm\" type=\"disc\">\n<li class=\"MsoNormal\"><span style=\"font-size: 12.0pt;line-height: 107%;font-family: 'Times New Roman',serif\">Pronto para uso;<\/span><\/li>\n<li class=\"MsoNormal\"><span style=\"font-size: 12.0pt;line-height: 107%;font-family: 'Times New Roman',serif\">F\u00e1cil manuseio e aplica\u00e7\u00e3o;<\/span><\/li>\n<li class=\"MsoNormal\"><span style=\"font-size: 12.0pt;line-height: 107%;font-family: 'Times New Roman',serif\">Excelente ader\u00eancia aos substratos.<\/span><\/li>\n<\/ul>\n<p class=\"MsoNormal\"><strong><span style=\"font-size: 12.0pt;line-height: 107%;font-family: 'Times New Roman',serif\">Utiliza\u00e7\u00e3o<\/span><\/strong><span style=\"font-size: 12.0pt;line-height: 107%;font-family: 'Times New Roman',serif\"><\/span><\/p>\n<p class=\"MsoNormal\">\u00a0<\/p>\n<ul style=\"margin-top: 0cm\" type=\"disc\">\n<li class=\"MsoNormal\"><span style=\"font-size: 12.0pt;line-height: 107%;font-family: 'Times New Roman',serif\">Primer para colagem de mantas asf\u00e1lticas e fitas autoadesivas;<\/span><\/li>\n<li class=\"MsoNormal\"><span style=\"font-size: 12.0pt;line-height: 107%;font-family: 'Times New Roman',serif\">Primer para impermeabiliza\u00e7\u00f5es com solu\u00e7\u00f5es asf\u00e1lticas moldadas no local;<\/span><\/li>\n<li class=\"MsoNormal\"><span style=\"font-size: 12.0pt;line-height: 107%;font-family: 'Times New Roman',serif\">Tamb\u00e9m pode ser aplicado como Pintura Asf\u00e1ltica.<\/span><\/li>\n<\/ul>","protected":false},"excerpt":{"rendered":"<p style=\"line-height: 1.5;margin-top: 5px;margin-bottom: 10px;font-family: 'Open Sans', Helvetica, sans-serif;font-size: 16px\">Primer asf\u00e1ltico composto por asfaltos modificados, plastificantes e solventes org\u00e2nicos com baixo teor de compostos org\u00e2nicos vol\u00e1teis (VOC). Indicado para mantas e fitas asf\u00e1lticas. Aplicado a frio sobre superf\u00edcies de concreto, argamassa, alvenaria, metal, PVC, fibra de vidro, entre outros.<\/p>","protected":false},"featured_media":6748,"comment_status":"open","ping_status":"closed","template":"","meta":{"_acf_changed":false},"product_brand":[184],"product_cat":[31,195,190],"product_tag":[],"class_list":{"0":"post-6751","1":"product","2":"type-product","3":"status-publish","4":"has-post-thumbnail","6":"product_brand-viapol","7":"product_cat-em-promocao","8":"product_cat-pintura-impermeavel","9":"product_cat-viapol","11":"first","12":"outofstock","13":"sale","14":"featured","15":"shipping-taxable","16":"purchasable","17":"product-type-simple"},"acf":[],"_links":{"self":[{"href":"https:\/\/armazemon.com.br\/en\/wp-json\/wp\/v2\/product\/6751","targetHints":{"allow":["GET"]}}],"collection":[{"href":"https:\/\/armazemon.com.br\/en\/wp-json\/wp\/v2\/product"}],"about":[{"href":"https:\/\/armazemon.com.br\/en\/wp-json\/wp\/v2\/types\/product"}],"replies":[{"embeddable":true,"href":"https:\/\/armazemon.com.br\/en\/wp-json\/wp\/v2\/comments?post=6751"}],"wp:featuredmedia":[{"embeddable":true,"href":"https:\/\/armazemon.com.br\/en\/wp-json\/wp\/v2\/media\/6748"}],"wp:attachment":[{"href":"https:\/\/armazemon.com.br\/en\/wp-json\/wp\/v2\/media?parent=6751"}],"wp:term":[{"taxonomy":"product_brand","embeddable":true,"href":"https:\/\/armazemon.com.br\/en\/wp-json\/wp\/v2\/product_brand?post=6751"},{"taxonomy":"product_cat","embeddable":true,"href":"https:\/\/armazemon.com.br\/en\/wp-json\/wp\/v2\/product_cat?post=6751"},{"taxonomy":"product_tag","embeddable":true,"href":"https:\/\/armazemon.com.br\/en\/wp-json\/wp\/v2\/product_tag?post=6751"}],"curies":[{"name":"wp","href":"https:\/\/api.w.org\/{rel}","templated":true}]}}