{"id":6768,"date":"2025-11-30T20:30:49","date_gmt":"2025-11-30T20:30:49","guid":{"rendered":"https:\/\/armazemon.com.br\/produto\/manta-asfaltica-viapol-vitmanta-aluminio-3mm-rolo-de-10m2\/"},"modified":"2026-05-08T21:33:57","modified_gmt":"2026-05-08T21:33:57","slug":"manta-asfaltica-viapol-vitmanta-aluminio-3mm-rolo-de-10m2","status":"publish","type":"product","link":"https:\/\/armazemon.com.br\/en\/product\/manta-asfaltica-viapol-vitmanta-aluminio-3mm-rolo-de-10m2\/","title":{"rendered":"Manta Asf\u00e1ltica Viapol Vitmanta Alum\u00ednio 3mm Rolo de 10m2"},"content":{"rendered":"<h1 role=\"presentation\" aria-hidden=\"true\" data-uw-rm-heading=\"hide\" style=\"text-transform: uppercase;float: left;width: 750.188px;font-family: 'Open Sans', Helvetica, sans-serif;font-weight: 400 !important;margin: 0px 0px 5px !important;font-size: 18px !important;color: #0128b3 !important;padding-left: 0px !important\"><strong>Vantagens<\/strong>\u00a0<span class=\"data-uw-rm-autofix-hide\" data-uw-reader-element=\"\" data-uw-rm-ignore=\"\" style=\"color: #ffffff !important;background: #000000 !important;height: 1px !important;width: 1px !important;margin: -1px !important;overflow: hidden !important;padding: 0px !important;position: absolute !important\">Empty heading<\/span><\/h1>\n<ul style=\"margin-top: 5px;font-family: 'Open Sans', Helvetica, sans-serif;font-size: 16px;padding-left: 15px !important\">\n<li><\/li>\n<li><\/li>\n<li><\/li>\n<li><\/li>\n<li>\u00a0 \u00a0 \u00a0 \u00a0 \u00a0 \u00a0 \u00a0 \u00a0 \u00a0 \u00a0 \u00a0 \u00a0 \u00a0 \u00a0 \u00a0 \u00a0 \u00a0 \u00a0 \u00a0 \u00a0 \u00a0 \u00a0 \u00a0 \u00a0 \u00a0 \u00a0 \u00a0 \u00a0 \u00a0 \u00a0 \u00a0 \u00a0 \u00a0 \u00a0 \u00a0 \u00a0 \u00a0 \u00a0 \u00a0 \u00a0 \u00a0 \u00a0 \u00a0 \u00a0 \u00a0 \u00a0 \u00a0 \u00a0 \u00a0 \u00a0 \u00a0 \u00a0 \u00a0 \u00a0 \u00a0 \u00a0 \u00a0 \u00a0 \u00a0 \u00a0 \u00a0 \u00a0 \u00a0 \u00a0 \u00a0 \u00a0 \u00a0 \u00a0 \u00a0 \u00a0 \u00a0 \u00a0 \u00a0 \u00a0 \u00a0 \u00a0 \u00a0 \u00a0 \u00a0<\/li>\n<li>\u00a0<\/li>\n<li>Maior resist\u00eancia e flexibilidade;<\/li>\n<li>Excelente ader\u00eancia;<\/li>\n<li>Espessura uniforme;<\/li>\n<li>Produto pr\u00e9-fabricado;<\/li>\n<li>Maior rapidez e execu\u00e7\u00e3o.<\/li>\n<\/ul>\n<h1 role=\"presentation\" aria-hidden=\"true\" data-uw-rm-heading=\"hide\" style=\"text-transform: uppercase;float: left;width: 750.188px;font-family: 'Open Sans', Helvetica, sans-serif;font-weight: 400 !important;margin: 0px 0px 5px !important;font-size: 18px !important;color: #0128b3 !important;padding-left: 0px !important\"><strong>Utiliza\u00e7\u00e3o<\/strong>\u00a0<span class=\"data-uw-rm-autofix-hide\" data-uw-reader-element=\"\" data-uw-rm-ignore=\"\" style=\"color: #ffffff !important;background: #000000 !important;height: 1px !important;width: 1px !important;margin: -1px !important;overflow: hidden !important;padding: 0px !important;position: absolute !important\">Empty heading<\/span><\/h1>\n<p style=\"line-height: 1.5;margin-top: 5px;margin-bottom: 10px;color: #000000;font-size: 16px;text-transform: none\">\u00a0<\/p>\n<p style=\"line-height: 1.5;margin-top: 5px;margin-bottom: 10px;color: #000000;font-size: 16px;text-transform: none\">Vitmanta Multiuso Alum\u00ednio 3mm para \u00e1reas expostas de pequenas dimens\u00f5es, sem circula\u00e7\u00e3o:<\/p>\n<ul style=\"color: #000000;margin-top: 5px;font-size: 16px;text-transform: none;padding-left: 15px !important\">\n<li>Lajes<\/li>\n<li>Telhados;<\/li>\n<li>Calhas de Alvenaria<\/li>\n<\/ul>\n<ul style=\"margin-top: 5px;font-family: 'Open Sans', Helvetica, sans-serif;font-size: 16px;padding-left: 15px !important\"><\/ul>","protected":false},"excerpt":{"rendered":"<p><span style=\"font-family: 'Proxima Nova', -apple-system, Roboto, Arial, sans-serif;font-size: 20px\">Vitmanta Alum\u00ednio 3mm \u00e9 um produto vers\u00e1til e resistente, perfeito para impermeabilizar e proteger superf\u00edcies. Com sua espessura de 3mm, oferece alta durabilidade e resist\u00eancia \u00e0 \u00e1gua, raios solares e intemp\u00e9ries.\u00a0<\/span><\/p>","protected":false},"featured_media":6765,"comment_status":"open","ping_status":"closed","template":"","meta":{"_acf_changed":false},"product_brand":[],"product_cat":[31,193],"product_tag":[],"class_list":{"0":"post-6768","1":"product","2":"type-product","3":"status-publish","4":"has-post-thumbnail","6":"product_cat-em-promocao","7":"product_cat-manta-asfaltica","9":"first","10":"instock","11":"sale","12":"featured","13":"shipping-taxable","14":"purchasable","15":"product-type-simple"},"acf":[],"_links":{"self":[{"href":"https:\/\/armazemon.com.br\/en\/wp-json\/wp\/v2\/product\/6768","targetHints":{"allow":["GET"]}}],"collection":[{"href":"https:\/\/armazemon.com.br\/en\/wp-json\/wp\/v2\/product"}],"about":[{"href":"https:\/\/armazemon.com.br\/en\/wp-json\/wp\/v2\/types\/product"}],"replies":[{"embeddable":true,"href":"https:\/\/armazemon.com.br\/en\/wp-json\/wp\/v2\/comments?post=6768"}],"wp:featuredmedia":[{"embeddable":true,"href":"https:\/\/armazemon.com.br\/en\/wp-json\/wp\/v2\/media\/6765"}],"wp:attachment":[{"href":"https:\/\/armazemon.com.br\/en\/wp-json\/wp\/v2\/media?parent=6768"}],"wp:term":[{"taxonomy":"product_brand","embeddable":true,"href":"https:\/\/armazemon.com.br\/en\/wp-json\/wp\/v2\/product_brand?post=6768"},{"taxonomy":"product_cat","embeddable":true,"href":"https:\/\/armazemon.com.br\/en\/wp-json\/wp\/v2\/product_cat?post=6768"},{"taxonomy":"product_tag","embeddable":true,"href":"https:\/\/armazemon.com.br\/en\/wp-json\/wp\/v2\/product_tag?post=6768"}],"curies":[{"name":"wp","href":"https:\/\/api.w.org\/{rel}","templated":true}]}}