{"id":6780,"date":"2025-12-02T17:55:33","date_gmt":"2025-12-02T17:55:33","guid":{"rendered":"https:\/\/armazemon.com.br\/produto\/manta-asfaltica-viapol-torodin-poliester-4mm-rolo-de-10m2\/"},"modified":"2026-05-07T21:20:19","modified_gmt":"2026-05-07T21:20:19","slug":"manta-asfaltica-viapol-torodin-poliester-4mm-rolo-de-10m2","status":"publish","type":"product","link":"https:\/\/armazemon.com.br\/en\/product\/manta-asfaltica-viapol-torodin-poliester-4mm-rolo-de-10m2\/","title":{"rendered":"Manta Asf\u00e1ltica Viapol Torodin Poli\u00e9ster 4mm Rolo de 10m2"},"content":{"rendered":"<h1 style=\"text-transform: uppercase; float: left; width: 750.188px; font-family: 'Open Sans', Helvetica, sans-serif; font-weight: 400 !important; margin: 0px 0px 5px !important; font-size: 18px !important; color: #0128b3 !important; padding-left: 0px !important;\" role=\"presentation\" aria-hidden=\"true\" data-uw-rm-heading=\"hide\"><strong>Caracter\u00edsticas T\u00e9cnicas do Produto<\/strong><span class=\"data-uw-rm-autofix-hide\" style=\"color: #ffffff !important; background: #000000 !important; height: 1px !important; width: 1px !important; margin: -1px !important; overflow: hidden !important; padding: 0px !important; position: absolute !important;\" data-uw-reader-element=\"\" data-uw-rm-ignore=\"\">Empty heading<\/span><\/h1>\n<p class=\"MsoNormal\" style=\"margin-left: 36.0pt;\"><span style=\"font-size: 12.0pt; line-height: 107%; font-family: 'Times New Roman',serif;\">NBR 9952 \u2013 Mantas Asf\u00e1lticas para impermeabiliza\u00e7\u00e3o (Atende ao Tipo III \u2013 Classe A);<\/span><\/p>\n<p class=\"MsoNormal\" style=\"margin-left: 36.0pt;\"><span style=\"font-size: 12.0pt; line-height: 107%; font-family: 'Times New Roman',serif;\">NBR 9575:2010 \u2013 Impermeabiliza\u00e7\u00e3o \u2013 Sistemas e projetos;<\/span><\/p>\n<p class=\"MsoNormal\" style=\"margin-left: 36.0pt;\"><span style=\"font-size: 12.0pt; line-height: 107%; font-family: 'Times New Roman',serif;\">NBR 9574:2008 \u2013 Execu\u00e7\u00e3o da impermeabiliza\u00e7\u00e3o.<\/span><\/p>\n<p class=\"MsoNormal\"><strong><span style=\"font-size: 12.0pt; line-height: 107%; font-family: 'Times New Roman',serif;\">\u00a0\u00a0\u00a0\u00a0\u00a0\u00a0\u00a0\u00a0\u00a0\u00a0\u00a0<\/span><\/strong><span style=\"font-family: 'Open Sans', Helvetica, sans-serif; font-size: 16px;\">.<\/span><\/p>\n<h1 style=\"text-transform: uppercase; float: left; width: 750.188px; font-family: 'Open Sans', Helvetica, sans-serif; font-weight: 400 !important; margin: 0px 0px 5px !important; font-size: 18px !important; color: #0128b3 !important; padding-left: 0px !important;\" role=\"presentation\" aria-hidden=\"true\" data-uw-rm-heading=\"hide\"><strong>Vantagens<\/strong><span class=\"data-uw-rm-autofix-hide\" style=\"color: #ffffff !important; background: #000000 !important; height: 1px !important; width: 1px !important; margin: -1px !important; overflow: hidden !important; padding: 0px !important; position: absolute !important;\" data-uw-reader-element=\"\" data-uw-rm-ignore=\"\">Empty heading<\/span><\/h1>\n<ul style=\"margin-top: 5px; font-family: 'Open Sans', Helvetica, sans-serif; font-size: 16px; padding-left: 15px !important;\">\n<li><\/li>\n<li><\/li>\n<li><\/li>\n<li><\/li>\n<li>\n<p class=\"MsoNormal\" style=\"margin-left: 36pt; font-family: Verdana, Arial, Helvetica, sans-serif; font-size: 14px;\"><span style=\"font-size: 12pt; line-height: 17.12px; font-family: 'Times New Roman', serif;\">Maior resist\u00eancia e flexibilidade;<\/span><\/p>\n<p class=\"MsoNormal\" style=\"margin-left: 36pt; font-family: Verdana, Arial, Helvetica, sans-serif; font-size: 14px;\"><span style=\"font-size: 12pt; line-height: 17.12px; font-family: 'Times New Roman', serif;\">Excelente ader\u00eancia;<\/span><\/p>\n<p class=\"MsoNormal\" style=\"margin-left: 36pt; font-family: Verdana, Arial, Helvetica, sans-serif; font-size: 14px;\"><span style=\"font-size: 12pt; line-height: 17.12px; font-family: 'Times New Roman', serif;\">Espessura uniforme;<\/span><\/p>\n<p class=\"MsoNormal\" style=\"margin-left: 36pt; font-family: Verdana, Arial, Helvetica, sans-serif; font-size: 14px;\"><span style=\"font-size: 12pt; line-height: 17.12px; font-family: 'Times New Roman', serif;\">Produto pr\u00e9-fabricado;<\/span><\/p>\n<p class=\"MsoNormal\" style=\"margin-left: 36pt; font-family: Verdana, Arial, Helvetica, sans-serif; font-size: 14px;\"><span style=\"font-size: 12pt; line-height: 17.12px; font-family: 'Times New Roman', serif;\">Maior rapidez e execu\u00e7\u00e3o.<\/span><\/p>\n<\/li>\n<\/ul>\n<h1 style=\"text-transform: uppercase; float: left; width: 750.188px; font-family: 'Open Sans', Helvetica, sans-serif; font-weight: 400 !important; margin: 0px 0px 5px !important; font-size: 18px !important; color: #0128b3 !important; padding-left: 0px !important;\" role=\"presentation\" aria-hidden=\"true\" data-uw-rm-heading=\"hide\"><strong>Utiliza\u00e7\u00e3o<\/strong><span class=\"data-uw-rm-autofix-hide\" style=\"color: #ffffff !important; background: #000000 !important; height: 1px !important; width: 1px !important; margin: -1px !important; overflow: hidden !important; padding: 0px !important; position: absolute !important;\" data-uw-reader-element=\"\" data-uw-rm-ignore=\"\">Empty heading<\/span><\/h1>\n<ul style=\"margin-top: 5px; font-family: 'Open Sans', Helvetica, sans-serif; font-size: 16px; padding-left: 15px !important;\">\n<li><strong>Torodin<\/strong>\u00a0<strong>4 mm<\/strong>: lajes t\u00e9rreas, lajes de cobertura, playground, laje de estacionamentos, vigas calhas, reservat\u00f3rios elevados de concreto, piscinas elevadas, espelhos d&#8217;\u00e1gua elevados, rampas, cortinas em contato com o solo (face externa).<\/li>\n<\/ul>","protected":false},"excerpt":{"rendered":"<p><span style=\"font-family: 'Open Sans', Helvetica, sans-serif; font-size: 16px;\">Manta asf\u00e1ltica produzida a partir da modifica\u00e7\u00e3o f\u00edsica do asfalto com uma mescla de pol\u00edmeros especiais, que proporcionam \u00e0 manta, excelente ader\u00eancia, durabilidade e resist\u00eancia. Estruturada com um n\u00e3o-tecido de filamentos cont\u00ednuos de poli\u00e9ster, resinado e termofixado, garante perfeita impermeabiliza\u00e7\u00e3o da \u00e1rea a ser utilizada.<\/span><\/p>","protected":false},"featured_media":6776,"comment_status":"open","ping_status":"closed","template":"","meta":{"_acf_changed":false},"product_brand":[184],"product_cat":[31,193,190],"product_tag":[],"class_list":{"0":"post-6780","1":"product","2":"type-product","3":"status-publish","4":"has-post-thumbnail","6":"product_brand-viapol","7":"product_cat-em-promocao","8":"product_cat-manta-asfaltica","9":"product_cat-viapol","11":"first","12":"instock","13":"sale","14":"featured","15":"shipping-taxable","16":"purchasable","17":"product-type-simple"},"acf":[],"_links":{"self":[{"href":"https:\/\/armazemon.com.br\/en\/wp-json\/wp\/v2\/product\/6780","targetHints":{"allow":["GET"]}}],"collection":[{"href":"https:\/\/armazemon.com.br\/en\/wp-json\/wp\/v2\/product"}],"about":[{"href":"https:\/\/armazemon.com.br\/en\/wp-json\/wp\/v2\/types\/product"}],"replies":[{"embeddable":true,"href":"https:\/\/armazemon.com.br\/en\/wp-json\/wp\/v2\/comments?post=6780"}],"wp:featuredmedia":[{"embeddable":true,"href":"https:\/\/armazemon.com.br\/en\/wp-json\/wp\/v2\/media\/6776"}],"wp:attachment":[{"href":"https:\/\/armazemon.com.br\/en\/wp-json\/wp\/v2\/media?parent=6780"}],"wp:term":[{"taxonomy":"product_brand","embeddable":true,"href":"https:\/\/armazemon.com.br\/en\/wp-json\/wp\/v2\/product_brand?post=6780"},{"taxonomy":"product_cat","embeddable":true,"href":"https:\/\/armazemon.com.br\/en\/wp-json\/wp\/v2\/product_cat?post=6780"},{"taxonomy":"product_tag","embeddable":true,"href":"https:\/\/armazemon.com.br\/en\/wp-json\/wp\/v2\/product_tag?post=6780"}],"curies":[{"name":"wp","href":"https:\/\/api.w.org\/{rel}","templated":true}]}}