{"id":6787,"date":"2025-12-02T19:16:07","date_gmt":"2025-12-02T19:16:07","guid":{"rendered":"https:\/\/armazemon.com.br\/produto\/cimento-asfaltico-tipo-ii-25-kg-viapol\/"},"modified":"2026-05-07T18:54:21","modified_gmt":"2026-05-07T18:54:21","slug":"cimento-asfaltico-tipo-ii-25-kg-viapol","status":"publish","type":"product","link":"https:\/\/armazemon.com.br\/en\/product\/cimento-asfaltico-tipo-ii-25-kg-viapol\/","title":{"rendered":"Cimento Asfaltico Tipo II (25 Kg) &#8211; Viapol"},"content":{"rendered":"<p style=\"line-height: 1.5; margin-top: 5px; margin-bottom: 10px; font-family: 'Open Sans', Helvetica, sans-serif; font-size: 16px;\"><strong>Normas<\/strong><\/p>\n<ul style=\"margin-top: 5px; font-family: 'Open Sans', Helvetica, sans-serif; font-size: 16px; padding-left: 15px !important;\">\n<li>NBR 9910:2017 \u2013 Asfaltos modificados para impermeabiliza\u00e7\u00e3o sem adi\u00e7\u00e3o de pol\u00edmeros<\/li>\n<li>NBR 9575:2010 \u2013 Impermeabiliza\u00e7\u00e3o \u2013 Sistemas e projetos;<\/li>\n<li>NBR 9574:2008 \u2013 Execu\u00e7\u00e3o da impermeabiliza\u00e7\u00e3o.<\/li>\n<\/ul>\n<h1 style=\"text-transform: uppercase; float: left; width: 750.219px; font-family: 'Open Sans', Helvetica, sans-serif; font-weight: 400 !important; margin: 0px 0px 5px !important; font-size: 18px !important; color: #0128b3 !important; padding-left: 0px !important;\" role=\"presentation\" aria-hidden=\"true\" data-uw-rm-heading=\"hide\"><strong><strong>Vantagens<\/strong><\/strong><\/h1>\n<h1 style=\"text-transform: uppercase; float: left; width: 750.219px; font-family: 'Open Sans', Helvetica, sans-serif; font-weight: 400 !important; margin: 0px 0px 5px !important; font-size: 18px !important; color: #0128b3 !important; padding-left: 0px !important;\" role=\"presentation\" aria-hidden=\"true\" data-uw-rm-heading=\"hide\"><span class=\"data-uw-rm-autofix-hide\" style=\"color: #ffffff !important; background: #000000 !important; height: 1px !important; width: 1px !important; margin: -1px !important; overflow: hidden !important; padding: 0px !important; position: absolute !important;\" data-uw-reader-element=\"\" data-uw-rm-ignore=\"\">Empty heading<\/span><\/h1>\n<ul style=\"margin-top: 5px; font-family: 'Open Sans', Helvetica, sans-serif; font-size: 16px; padding-left: 15px !important;\">\n<li><\/li>\n<li><\/li>\n<li>Maior resist\u00eancia e flexibilidade;<\/li>\n<li>Excelente ader\u00eancia;<\/li>\n<li>Excelente resist\u00eancia a fadiga.<\/li>\n<\/ul>\n<h1 style=\"text-transform: uppercase; float: left; width: 750.219px; font-family: 'Open Sans', Helvetica, sans-serif; font-weight: 400 !important; margin: 0px 0px 5px !important; font-size: 18px !important; color: #0128b3 !important; padding-left: 0px !important;\" role=\"presentation\" aria-hidden=\"true\" data-uw-rm-heading=\"hide\"><strong>Utiliza\u00e7\u00e3o<\/strong><span class=\"data-uw-rm-autofix-hide\" style=\"color: #ffffff !important; background: #000000 !important; height: 1px !important; width: 1px !important; margin: -1px !important; overflow: hidden !important; padding: 0px !important; position: absolute !important;\" data-uw-reader-element=\"\" data-uw-rm-ignore=\"\">Empty heading<\/span><strong>NBR II<\/strong>\u00a0\u00e9 indicado para:<\/h1>\n<ul style=\"margin-top: 5px; font-family: 'Open Sans', Helvetica, sans-serif; font-size: 16px; padding-left: 15px !important;\">\n<li><\/li>\n<li>Para colagem de mantas asf\u00e1lticas;<\/li>\n<li>Utilizado como sistema de impermeabiliza\u00e7\u00e3o moldado in loco;<\/li>\n<li>Mat\u00e9ria prima para a ind\u00fastria adesiva especial;<\/li>\n<li>Massas antirru\u00eddo;<\/li>\n<li>Para calafeta\u00e7\u00e3o, al\u00e9m de adesivo para revestimento t\u00e9rmico;<\/li>\n<li>Rejuntamento de pavimentos de placas de concreto.<\/li>\n<\/ul>","protected":false},"excerpt":{"rendered":"<p style=\"line-height: 1.5; margin-top: 5px; margin-bottom: 10px; font-family: 'Open Sans', Helvetica, sans-serif; font-size: 16px;\"><strong>Asfalto modificado<\/strong>\u00a0\u00e9 um cimento asf\u00e1ltico, que no processo de industrializa\u00e7\u00e3o, adquire propriedades espec\u00edficas para as exig\u00eancias de desempenho solicitadas na impermeabiliza\u00e7\u00e3o, tais como: propriedades aglutinantes, flexibilidade e durabilidade.<\/p>\n<p><span style=\"font-family: 'Open Sans', Helvetica, sans-serif; font-size: 16px;\">Em temperatura ambiente, possui caracter\u00edstica s\u00f3lida, mas por ser um material termopl\u00e1stico, sua consist\u00eancia varia em fun\u00e7\u00e3o da temperatura de aquecimento, podendo ser mais ou menos flu\u00eddo.<\/span><span style=\"font-family: 'Open Sans', Helvetica, sans-serif; font-size: 16px;\">da.<\/span><\/p>","protected":false},"featured_media":6786,"comment_status":"open","ping_status":"closed","template":"","meta":{"_acf_changed":false},"product_brand":[184],"product_cat":[31,193,195,190],"product_tag":[],"class_list":{"0":"post-6787","1":"product","2":"type-product","3":"status-publish","4":"has-post-thumbnail","6":"product_brand-viapol","7":"product_cat-em-promocao","8":"product_cat-manta-asfaltica","9":"product_cat-pintura-impermeavel","10":"product_cat-viapol","12":"first","13":"instock","14":"sale","15":"featured","16":"shipping-taxable","17":"purchasable","18":"product-type-simple"},"acf":[],"_links":{"self":[{"href":"https:\/\/armazemon.com.br\/en\/wp-json\/wp\/v2\/product\/6787","targetHints":{"allow":["GET"]}}],"collection":[{"href":"https:\/\/armazemon.com.br\/en\/wp-json\/wp\/v2\/product"}],"about":[{"href":"https:\/\/armazemon.com.br\/en\/wp-json\/wp\/v2\/types\/product"}],"replies":[{"embeddable":true,"href":"https:\/\/armazemon.com.br\/en\/wp-json\/wp\/v2\/comments?post=6787"}],"wp:featuredmedia":[{"embeddable":true,"href":"https:\/\/armazemon.com.br\/en\/wp-json\/wp\/v2\/media\/6786"}],"wp:attachment":[{"href":"https:\/\/armazemon.com.br\/en\/wp-json\/wp\/v2\/media?parent=6787"}],"wp:term":[{"taxonomy":"product_brand","embeddable":true,"href":"https:\/\/armazemon.com.br\/en\/wp-json\/wp\/v2\/product_brand?post=6787"},{"taxonomy":"product_cat","embeddable":true,"href":"https:\/\/armazemon.com.br\/en\/wp-json\/wp\/v2\/product_cat?post=6787"},{"taxonomy":"product_tag","embeddable":true,"href":"https:\/\/armazemon.com.br\/en\/wp-json\/wp\/v2\/product_tag?post=6787"}],"curies":[{"name":"wp","href":"https:\/\/api.w.org\/{rel}","templated":true}]}}