{"id":6962,"date":"2025-12-06T00:08:06","date_gmt":"2025-12-06T00:08:06","guid":{"rendered":"https:\/\/armazemon.com.br\/produto\/jogo-de-facas-3-pecas-tramontina-plenus-preto\/"},"modified":"2025-12-11T17:52:59","modified_gmt":"2025-12-11T17:52:59","slug":"jogo-de-facas-3-pecas-tramontina-plenus-preto","status":"publish","type":"product","link":"https:\/\/armazemon.com.br\/en\/product\/jogo-de-facas-3-pecas-tramontina-plenus-preto\/","title":{"rendered":"Jogo De Facas 3 Pe\u00e7as Tramontina Plenus Preto"},"content":{"rendered":"<p><strong><span style=\"color: #333333; font-family: 'Amazon Ember', Arial, sans-serif; font-size: small;\">Jogo de Faca 3 Pe\u00e7as<\/span><\/strong><\/p>\n<p><span style=\"color: #333333; font-family: 'Amazon Ember', Arial, sans-serif; font-size: small;\">CONTE\u00daDO<\/span><\/p>\n<p><span style=\"color: #333333; font-family: 'Amazon Ember', Arial, sans-serif; font-size: small;\">1 &#8211; Faca para Tornear 3&#8243;<\/span><\/p>\n<p><span style=\"color: #333333; font-family: 'Amazon Ember', Arial, sans-serif; font-size: small;\">1 &#8211; Faca para Legumes e Frutas 3&#8243;<\/span><\/p>\n<p><span style=\"color: #333333; font-family: 'Amazon Ember', Arial, sans-serif; font-size: small;\">1 &#8211; Faca para Tomate 5&#8243;<\/span><\/p>\n<p><span style=\"color: #333333; font-family: Amazon Ember, Arial, sans-serif; font-size: small;\">L\u00e2minas de a\u00e7o inox. <\/span><\/p>\n<p><span style=\"color: #333333; font-family: Amazon Ember, Arial, sans-serif; font-size: small;\">Cabos de polipropileno.\u00a0<\/span><\/p>\n<p><span style=\"color: #333333; font-family: Amazon Ember, Arial, sans-serif; font-size: small;\">Resistentes a lava-lou\u00e7as.<\/span><\/p>\n<p><span style=\"color: #333333; font-family: Amazon Ember, Arial, sans-serif; font-size: small;\">Fabricado no Brasil.<\/span><\/p>\n<p><strong><span style=\"color: #333333; font-family: Amazon Ember, Arial, sans-serif; font-size: small;\">Uso seguro e adequado:<\/span><\/strong><\/p>\n<p><span style=\"color: #333333; font-family: Amazon Ember, Arial, sans-serif; font-size: small;\">\u2022Antes da primeira utiliza\u00e7\u00e3o, lave bem as pe\u00e7as e seque-as.<\/span><\/p>\n<p><span style=\"color: #333333; font-family: Amazon Ember, Arial, sans-serif; font-size: small;\">\u2022Produtos cortantes e perfurantes: tenha cuidado ao manusear e mantenha fora do alcance das crian\u00e7as.<\/span><\/p>\n<p><span style=\"color: #333333; font-family: Amazon Ember, Arial, sans-serif; font-size: small;\">\u2022Para maior durabilidade dos produtos recomenda-se secar bem antes de guardar, mesmo ap\u00f3s lavagem em lava-lou\u00e7as.<\/span><\/p>\n<p><span style=\"color: #333333; font-family: Amazon Ember, Arial, sans-serif; font-size: small;\">\u2022Para descarte dos produtos e embalagem siga as orienta\u00e7\u00f5es de reciclagem vigentes.<\/span><\/p>","protected":false},"excerpt":{"rendered":"<p><span style=\"color: #333333; font-family: 'Amazon Ember', Arial, sans-serif; font-size: small;\">Qualidade e mais charme para a sua cozinha com a Linha Plenus. Vers\u00e1teis e modernos, os talheres podem compor um visual cl\u00e1ssico, quando a op\u00e7\u00e3o for pelas cores s\u00f3brias, ou alegre, se a prefer\u00eancia for por cores quentes e variadas. Completa, a linha atende os diferentes usos: do preparo dos alimentos ao servi\u00e7o de mesa. A Linha Plenus vai do caf\u00e9 da manh\u00e3 ao jantar, do churrasco \u00e0 mesa de queijos. As lminas de a\u00e7o inox e cabos de polipropileno s\u00e3o resistentes e confort\u00e1veis durante o manuseio. Podem ir \u00e0 m\u00e1quina de lavar lou\u00e7as.<\/span><\/p>","protected":false},"featured_media":6959,"comment_status":"open","ping_status":"closed","template":"","meta":{"_acf_changed":false},"product_brand":[188],"product_cat":[57,41],"product_tag":[],"class_list":{"0":"post-6962","1":"product","2":"type-product","3":"status-publish","4":"has-post-thumbnail","6":"product_brand-tramontina","7":"product_cat-casa-e-decoracao","8":"product_cat-utensilios-de-cozinha","10":"first","11":"outofstock","12":"shipping-taxable","13":"purchasable","14":"product-type-simple"},"acf":[],"_links":{"self":[{"href":"https:\/\/armazemon.com.br\/en\/wp-json\/wp\/v2\/product\/6962","targetHints":{"allow":["GET"]}}],"collection":[{"href":"https:\/\/armazemon.com.br\/en\/wp-json\/wp\/v2\/product"}],"about":[{"href":"https:\/\/armazemon.com.br\/en\/wp-json\/wp\/v2\/types\/product"}],"replies":[{"embeddable":true,"href":"https:\/\/armazemon.com.br\/en\/wp-json\/wp\/v2\/comments?post=6962"}],"wp:featuredmedia":[{"embeddable":true,"href":"https:\/\/armazemon.com.br\/en\/wp-json\/wp\/v2\/media\/6959"}],"wp:attachment":[{"href":"https:\/\/armazemon.com.br\/en\/wp-json\/wp\/v2\/media?parent=6962"}],"wp:term":[{"taxonomy":"product_brand","embeddable":true,"href":"https:\/\/armazemon.com.br\/en\/wp-json\/wp\/v2\/product_brand?post=6962"},{"taxonomy":"product_cat","embeddable":true,"href":"https:\/\/armazemon.com.br\/en\/wp-json\/wp\/v2\/product_cat?post=6962"},{"taxonomy":"product_tag","embeddable":true,"href":"https:\/\/armazemon.com.br\/en\/wp-json\/wp\/v2\/product_tag?post=6962"}],"curies":[{"name":"wp","href":"https:\/\/api.w.org\/{rel}","templated":true}]}}