{"id":6968,"date":"2025-12-06T00:08:12","date_gmt":"2025-12-06T00:08:12","guid":{"rendered":"https:\/\/armazemon.com.br\/produto\/jogo-trinchante-tramontina-aco-inox-e-cabos-pretos-2-pecas\/"},"modified":"2026-01-01T23:24:59","modified_gmt":"2026-01-01T23:24:59","slug":"jogo-trinchante-tramontina-aco-inox-e-cabos-pretos-2-pecas","status":"publish","type":"product","link":"https:\/\/armazemon.com.br\/en\/product\/jogo-trinchante-tramontina-aco-inox-e-cabos-pretos-2-pecas\/","title":{"rendered":"Jogo Trinchante Tramontina A\u00e7o Inox e Cabos Pretos 2 Pe\u00e7as"},"content":{"rendered":"<h2 class=\"ui-pdp-description__title\" style=\"font-family: 'Proxima Nova', -apple-system, Roboto, Arial, sans-serif; font-weight: 400; line-height: 1.25; margin: 0px 0px 24px; font-size: 24px;\" data-testid=\"title\">Descri\u00e7\u00e3o<\/h2>\n<p class=\"ui-pdp-description__content\" style=\"font-family: 'Proxima Nova', -apple-system, Roboto, Arial, sans-serif; font-size: 20px; line-height: 27px;\" data-testid=\"content\">Jogo Trinchante Inox 2 Pe\u00e7as Plenus Tramontina<br \/>\nCont\u00e9m:<br \/>\nFaca Chef 7\u00b4<br \/>\n1 Garfo Trinchante<\/p>\n<p>Com o Jogo Trinchante Tramontina Plenus com L\u00e2minas em A\u00e7o Inox e Cabos de Polipropileno Marrom 2 Pe\u00e7as, voc\u00ea ter\u00e1 mais praticidade e facilidade para servir aquela deliciosa carne. As pe\u00e7as combinam com qualquer ambiente e ainda d\u00e3o um toque especial, pois possuem cabos de polipropileno na cor marrom. As pe\u00e7as s\u00e3o leves e de f\u00e1cil manuseio, t\u00eam l\u00e2minas produzidas em a\u00e7o inox que oferecem maior durabilidade e resist\u00eancia. F\u00e1ceis de limpar, podem ir \u00e0 m\u00e1quina de lavar lou\u00e7as.<\/p>\n<p>Informa\u00e7\u00f5es Gerais:<br \/>\nL\u00e2minas de a\u00e7o inox.<br \/>\nA l\u00e2mina da faca tem maior durabilidade do fio devido ao tratamento t\u00e9rmico.<br \/>\nA l\u00e2mina do garfo conta com maior espessura e uma estampagem do a\u00e7o que garante maior resist\u00eancia, evitando deforma\u00e7\u00f5es.<br \/>\nOs cabos de polipropileno possuem maior resist\u00eancia e durabilidade.<br \/>\nPodem ir \u00e0 m\u00e1quina de lavar lou\u00e7as.<\/p>\n<p>Recomenda\u00e7\u00f5es de Uso<br \/>\nAntes da primeira utiliza\u00e7\u00e3o, lave bem a pe\u00e7a e seque-a.<br \/>\nProduto cortante e perfurante: tenha cuidado ao manusear e mantenha fora do alcance das crian\u00e7as.<br \/>\nPara maior durabilidade do produto recomenda-se secar bem antes de guardar, mesmo ap\u00f3s lavagem em m\u00e1quina.<\/p>\n<p>Peso 0,12Kg<\/p>","protected":false},"excerpt":{"rendered":"<p><span style=\"font-family: 'Proxima Nova', -apple-system, Roboto, Arial, sans-serif; font-size: 20px;\">Com o Jogo Trinchante Tramontina Plenus com L\u00e2minas em A\u00e7o Inox e Cabos de Polipropileno Marrom 2 Pe\u00e7as, voc\u00ea ter\u00e1 mais praticidade e facilidade para servir aquela deliciosa carne.\u00a0<\/span><\/p>","protected":false},"featured_media":6964,"comment_status":"open","ping_status":"closed","template":"","meta":{"_acf_changed":false},"product_brand":[188],"product_cat":[57,31,41],"product_tag":[],"class_list":{"0":"post-6968","1":"product","2":"type-product","3":"status-publish","4":"has-post-thumbnail","6":"product_brand-tramontina","7":"product_cat-casa-e-decoracao","8":"product_cat-em-promocao","9":"product_cat-utensilios-de-cozinha","11":"first","12":"outofstock","13":"shipping-taxable","14":"purchasable","15":"product-type-simple"},"acf":[],"_links":{"self":[{"href":"https:\/\/armazemon.com.br\/en\/wp-json\/wp\/v2\/product\/6968","targetHints":{"allow":["GET"]}}],"collection":[{"href":"https:\/\/armazemon.com.br\/en\/wp-json\/wp\/v2\/product"}],"about":[{"href":"https:\/\/armazemon.com.br\/en\/wp-json\/wp\/v2\/types\/product"}],"replies":[{"embeddable":true,"href":"https:\/\/armazemon.com.br\/en\/wp-json\/wp\/v2\/comments?post=6968"}],"wp:featuredmedia":[{"embeddable":true,"href":"https:\/\/armazemon.com.br\/en\/wp-json\/wp\/v2\/media\/6964"}],"wp:attachment":[{"href":"https:\/\/armazemon.com.br\/en\/wp-json\/wp\/v2\/media?parent=6968"}],"wp:term":[{"taxonomy":"product_brand","embeddable":true,"href":"https:\/\/armazemon.com.br\/en\/wp-json\/wp\/v2\/product_brand?post=6968"},{"taxonomy":"product_cat","embeddable":true,"href":"https:\/\/armazemon.com.br\/en\/wp-json\/wp\/v2\/product_cat?post=6968"},{"taxonomy":"product_tag","embeddable":true,"href":"https:\/\/armazemon.com.br\/en\/wp-json\/wp\/v2\/product_tag?post=6968"}],"curies":[{"name":"wp","href":"https:\/\/api.w.org\/{rel}","templated":true}]}}