{"id":7148,"date":"2025-12-20T09:54:34","date_gmt":"2025-12-20T09:54:34","guid":{"rendered":"https:\/\/armazemon.com.br\/produto\/tinta-impermeabilizante-fuseprotec-parede-18l-viapol-205m%c2%b2\/"},"modified":"2026-04-10T16:01:32","modified_gmt":"2026-04-10T16:01:32","slug":"tinta-impermeabilizante-fuseprotec-parede-18l-viapol-205m%c2%b2","status":"publish","type":"product","link":"https:\/\/armazemon.com.br\/en\/product\/tinta-impermeabilizante-fuseprotec-parede-18l-viapol-205m%c2%b2\/","title":{"rendered":"Tinta Impermeabilizante Fuseprotec Parede 18l Viapol &#8211; 205m\u00b2"},"content":{"rendered":"<h3 data-start=\"941\" data-end=\"970\"><strong data-start=\"945\" data-end=\"970\">Principais Benef\u00edcios<\/strong><\/h3>\n<ul data-start=\"2409\" data-end=\"2562\">\n<li data-start=\"971\" data-end=\"1062\">\n<p data-start=\"973\" data-end=\"1062\"><strong data-start=\"973\" data-end=\"984\">4 em 1:<\/strong>\u00a0selador, impermeabilizante, nivelador de superf\u00edcies e acabamento decorativo.<\/p>\n<\/li>\n<li data-start=\"1063\" data-end=\"1128\">\n<p data-start=\"1065\" data-end=\"1128\"><strong data-start=\"1065\" data-end=\"1103\">Alta resist\u00eancia \u00e0 umidade e chuva<\/strong>, ideal para uso externo.<\/p>\n<\/li>\n<li data-start=\"1129\" data-end=\"1198\">\n<p data-start=\"1131\" data-end=\"1198\"><strong data-start=\"1131\" data-end=\"1153\">Alta flexibilidade<\/strong>, ajudando a tratar e prevenir microfissuras.<\/p>\n<\/li>\n<li data-start=\"1199\" data-end=\"1260\">\n<p data-start=\"1201\" data-end=\"1260\"><strong data-start=\"1201\" data-end=\"1223\">Prote\u00e7\u00e3o duradoura<\/strong>\u00a0contra fungos, mofo e descascamento.<\/p>\n<\/li>\n<li data-start=\"1261\" data-end=\"1356\">\n<p data-start=\"1263\" data-end=\"1356\"><strong data-start=\"1263\" data-end=\"1298\">Excelente cobertura e ader\u00eancia<\/strong>\u00a0em paredes de alvenaria, reboco, concreto e fibrocimento.<\/p>\n<\/li>\n<li data-start=\"1357\" data-end=\"1440\">\n<p data-start=\"1359\" data-end=\"1440\"><strong data-start=\"1359\" data-end=\"1377\">Secagem r\u00e1pida<\/strong>, permitindo agilidade no processo de pintura ou revitaliza\u00e7\u00e3o.<\/p>\n<\/li>\n<li data-start=\"1441\" data-end=\"1512\">\n<p data-start=\"1443\" data-end=\"1512\"><strong data-start=\"1443\" data-end=\"1470\">Acabamento branco fosco<\/strong>, proporcionando aspecto limpo e uniforme.<\/p>\n<\/li>\n<li data-start=\"1538\" data-end=\"1623\">\n<p data-start=\"1540\" data-end=\"1623\"><strong data-start=\"1540\" data-end=\"1568\">At\u00e9 205 m\u00b2 por embalagem<\/strong>, dependendo da porosidade e condi\u00e7\u00f5es da superf\u00edcico<\/p>\n<\/li>\n<\/ul>","protected":false},"excerpt":{"rendered":"<p>O\u00a0<strong data-start=\"249\" data-end=\"284\">Viapol Fuseprotec Parede 4 em 1<\/strong>\u00a0\u00e9 um revestimento acr\u00edlico premium desenvolvido para prote\u00e7\u00e3o, renova\u00e7\u00e3o e acabamento de superf\u00edcies internas e externas. Sua f\u00f3rmula avan\u00e7ada combina quatro fun\u00e7\u00f5es em um \u00fanico produto \u2013\u00a0<strong data-start=\"473\" data-end=\"555\">selar, impermeabilizar, corrigir microfissuras e proporcionar acabamento final<\/strong>\u00a0\u2013 oferecendo praticidade, economia de tempo e alta performance.<\/p>","protected":false},"featured_media":7145,"comment_status":"open","ping_status":"closed","template":"","meta":{"_acf_changed":false},"product_brand":[184],"product_cat":[31,195,244],"product_tag":[],"class_list":{"0":"post-7148","1":"product","2":"type-product","3":"status-publish","4":"has-post-thumbnail","6":"product_brand-viapol","7":"product_cat-em-promocao","8":"product_cat-pintura-impermeavel","9":"product_cat-tintas-imobiliarias","11":"first","12":"instock","13":"sale","14":"featured","15":"shipping-taxable","16":"purchasable","17":"product-type-simple"},"acf":[],"_links":{"self":[{"href":"https:\/\/armazemon.com.br\/en\/wp-json\/wp\/v2\/product\/7148","targetHints":{"allow":["GET"]}}],"collection":[{"href":"https:\/\/armazemon.com.br\/en\/wp-json\/wp\/v2\/product"}],"about":[{"href":"https:\/\/armazemon.com.br\/en\/wp-json\/wp\/v2\/types\/product"}],"replies":[{"embeddable":true,"href":"https:\/\/armazemon.com.br\/en\/wp-json\/wp\/v2\/comments?post=7148"}],"wp:featuredmedia":[{"embeddable":true,"href":"https:\/\/armazemon.com.br\/en\/wp-json\/wp\/v2\/media\/7145"}],"wp:attachment":[{"href":"https:\/\/armazemon.com.br\/en\/wp-json\/wp\/v2\/media?parent=7148"}],"wp:term":[{"taxonomy":"product_brand","embeddable":true,"href":"https:\/\/armazemon.com.br\/en\/wp-json\/wp\/v2\/product_brand?post=7148"},{"taxonomy":"product_cat","embeddable":true,"href":"https:\/\/armazemon.com.br\/en\/wp-json\/wp\/v2\/product_cat?post=7148"},{"taxonomy":"product_tag","embeddable":true,"href":"https:\/\/armazemon.com.br\/en\/wp-json\/wp\/v2\/product_tag?post=7148"}],"curies":[{"name":"wp","href":"https:\/\/api.w.org\/{rel}","templated":true}]}}