{"id":7318,"date":"2025-12-31T16:39:28","date_gmt":"2025-12-31T16:39:28","guid":{"rendered":"https:\/\/armazemon.com.br\/produto\/trena-profissional-fibra-aberta-guepar-50-mt\/"},"modified":"2025-12-31T18:19:30","modified_gmt":"2025-12-31T18:19:30","slug":"trena-profissional-fibra-aberta-guepar-50-mt","status":"publish","type":"product","link":"https:\/\/armazemon.com.br\/en\/product\/trena-profissional-fibra-aberta-guepar-50-mt\/","title":{"rendered":"TRENA PROFISSIONAL FIBRA ABERTA GUEPAR 50 MT"},"content":{"rendered":"<p style=\"padding: 0px;font-family: Barlow, sans-serif;font-size: 16px\"><span style=\"margin: 0px;padding: 0px\">As trenas de fibra de vidro Guepar, s\u00e3o indicadas para grandes medi\u00e7\u00f5es. Sua fita m\u00e9trica produzida em fibra de vidro garante alta durabilidade, ela possui o corpo aberto, produzido em pl\u00e1stico de alta resist\u00eancia, possui tamb\u00e9m um gancho em sua ponta para fixa\u00e7\u00e3o de fita, e uma manivela para recolhimento ap\u00f3s o uso.<\/span><\/p>\n<p style=\"padding: 0px;font-family: Barlow, sans-serif;font-size: 16px\"><span style=\"margin: 0px;padding: 0px\">\u00a0<\/span><\/p>\n<p style=\"padding: 0px;font-family: Barlow, sans-serif;font-size: 16px\"><span style=\"margin: 0px;padding: 0px\">Caracter\u00edsticas:<\/span><\/p>\n<p style=\"padding: 0px;font-family: Barlow, sans-serif;font-size: 16px\"><span style=\"margin: 0px;padding: 0px\">Profissional<\/span><\/p>\n<p style=\"padding: 0px;font-family: Barlow, sans-serif;font-size: 16px\"><span style=\"margin: 0px;padding: 0px\">Fibra de Vidro<\/span><\/p>\n<div class=\"custom-message body-4\" style=\"margin: 0px;padding: 0px;font-family: Barlow, sans-serif;font-size: medium\"><\/div>","protected":false},"excerpt":{"rendered":"<p style=\"padding: 0px;font-family: Barlow, sans-serif;font-size: 16px\"><span style=\"margin: 0px;padding: 0px\">As trenas de fibra de vidro Guepar, s\u00e3o indicadas para grandes medi\u00e7\u00f5es. Sua fita m\u00e9trica produzida em fibra de vidro garante alta durabilidade, ela possui o corpo aberto, produzido em pl\u00e1stico de alta resist\u00eancia, possui tamb\u00e9m um gancho em sua ponta para fixa\u00e7\u00e3o de fita, e uma manivela para recolhimento ap\u00f3s o uso.<\/span><\/p>\n<p style=\"padding: 0px;font-family: Barlow, sans-serif;font-size: 16px\"><span style=\"margin: 0px;padding: 0px\">\u00a0<\/span><\/p>\n<p style=\"padding: 0px;font-family: Barlow, sans-serif;font-size: 16px\"><span style=\"margin: 0px;padding: 0px\">Caracter\u00edsticas:<\/span><\/p>\n<p style=\"padding: 0px;font-family: Barlow, sans-serif;font-size: 16px\"><span style=\"margin: 0px;padding: 0px\">Profissional<\/span><\/p>\n<p style=\"padding: 0px;font-family: Barlow, sans-serif;font-size: 16px\"><span style=\"margin: 0px;padding: 0px\">Fibra de Vidro<\/span><\/p>\n<div style=\"padding: 0px\"><\/div>","protected":false},"featured_media":7316,"comment_status":"open","ping_status":"closed","template":"","meta":{"_acf_changed":false},"product_brand":[236],"product_cat":[203],"product_tag":[],"class_list":{"0":"post-7318","1":"product","2":"type-product","3":"status-publish","4":"has-post-thumbnail","6":"product_brand-guepar","7":"product_cat-ferramenta-para-construcao-civil","9":"first","10":"instock","11":"shipping-taxable","12":"purchasable","13":"product-type-simple"},"acf":[],"_links":{"self":[{"href":"https:\/\/armazemon.com.br\/en\/wp-json\/wp\/v2\/product\/7318","targetHints":{"allow":["GET"]}}],"collection":[{"href":"https:\/\/armazemon.com.br\/en\/wp-json\/wp\/v2\/product"}],"about":[{"href":"https:\/\/armazemon.com.br\/en\/wp-json\/wp\/v2\/types\/product"}],"replies":[{"embeddable":true,"href":"https:\/\/armazemon.com.br\/en\/wp-json\/wp\/v2\/comments?post=7318"}],"wp:featuredmedia":[{"embeddable":true,"href":"https:\/\/armazemon.com.br\/en\/wp-json\/wp\/v2\/media\/7316"}],"wp:attachment":[{"href":"https:\/\/armazemon.com.br\/en\/wp-json\/wp\/v2\/media?parent=7318"}],"wp:term":[{"taxonomy":"product_brand","embeddable":true,"href":"https:\/\/armazemon.com.br\/en\/wp-json\/wp\/v2\/product_brand?post=7318"},{"taxonomy":"product_cat","embeddable":true,"href":"https:\/\/armazemon.com.br\/en\/wp-json\/wp\/v2\/product_cat?post=7318"},{"taxonomy":"product_tag","embeddable":true,"href":"https:\/\/armazemon.com.br\/en\/wp-json\/wp\/v2\/product_tag?post=7318"}],"curies":[{"name":"wp","href":"https:\/\/api.w.org\/{rel}","templated":true}]}}