{"id":7328,"date":"2025-12-31T16:39:38","date_gmt":"2025-12-31T16:39:38","guid":{"rendered":"https:\/\/armazemon.com.br\/produto\/picadeira-p-solda-com-mola-guepar\/"},"modified":"2026-01-07T21:03:57","modified_gmt":"2026-01-07T21:03:57","slug":"picadeira-p-solda-com-mola-guepar","status":"publish","type":"product","link":"https:\/\/armazemon.com.br\/en\/product\/picadeira-p-solda-com-mola-guepar\/","title":{"rendered":"Picadeira p\/solda com mola &#8211; Guepar"},"content":{"rendered":"<p style=\"padding: 0px;font-family: Barlow, sans-serif;font-size: 16px\"><span style=\"margin: 0px;padding: 0px\">Indicada para remo\u00e7\u00e3o de esc\u00f3rias e impurezas provenientes dos processos de soldagem.<\/span><\/p>\n<p style=\"padding: 0px;font-family: Barlow, sans-serif;font-size: 16px\"><span style=\"margin: 0px;padding: 0px\">\u00a0<\/span><\/p>\n<p style=\"padding: 0px;font-family: Barlow, sans-serif;font-size: 16px\"><span style=\"margin: 0px;padding: 0px\">Caracter\u00edsticas:<\/span><\/p>\n<p style=\"padding: 0px;font-family: Barlow, sans-serif;font-size: 16px\"><span style=\"margin: 0px;padding: 0px\">Cabo com mola que minimiza o esfor\u00e7o f\u00edsico e proporciona maior impacto.<\/span><\/p>\n<p style=\"padding: 0px;font-family: Barlow, sans-serif;font-size: 16px\"><span style=\"margin: 0px;padding: 0px\">\u00a0<\/span><\/p>","protected":false},"excerpt":{"rendered":"<p style=\"padding: 0px;font-family: Barlow, sans-serif;font-size: 16px\"><span style=\"margin: 0px;padding: 0px\">Indicada para remo\u00e7\u00e3o de esc\u00f3rias e impurezas provenientes dos processos de soldagem.<\/span><\/p>\n<p style=\"padding: 0px;font-family: Barlow, sans-serif;font-size: 16px\"><span style=\"margin: 0px;padding: 0px\">\u00a0<\/span><\/p>\n<p style=\"padding: 0px;font-family: Barlow, sans-serif;font-size: 16px\"><span style=\"margin: 0px;padding: 0px\">Caracter\u00edsticas:<\/span><\/p>\n<p style=\"padding: 0px;font-family: Barlow, sans-serif;font-size: 16px\"><span style=\"margin: 0px;padding: 0px\">Cabo com mola que minimiza o esfor\u00e7o f\u00edsico e proporciona maior impacto.<\/span><\/p>\n<p style=\"padding: 0px;font-family: Barlow, sans-serif;font-size: 16px\"><span style=\"margin: 0px;padding: 0px\">\u00a0<\/span><\/p>","protected":false},"featured_media":7322,"comment_status":"open","ping_status":"closed","template":"","meta":{"_acf_changed":false},"product_brand":[236],"product_cat":[203],"product_tag":[],"class_list":{"0":"post-7328","1":"product","2":"type-product","3":"status-publish","4":"has-post-thumbnail","6":"product_brand-guepar","7":"product_cat-ferramenta-para-construcao-civil","9":"first","10":"instock","11":"shipping-taxable","12":"purchasable","13":"product-type-simple"},"acf":[],"_links":{"self":[{"href":"https:\/\/armazemon.com.br\/en\/wp-json\/wp\/v2\/product\/7328","targetHints":{"allow":["GET"]}}],"collection":[{"href":"https:\/\/armazemon.com.br\/en\/wp-json\/wp\/v2\/product"}],"about":[{"href":"https:\/\/armazemon.com.br\/en\/wp-json\/wp\/v2\/types\/product"}],"replies":[{"embeddable":true,"href":"https:\/\/armazemon.com.br\/en\/wp-json\/wp\/v2\/comments?post=7328"}],"wp:featuredmedia":[{"embeddable":true,"href":"https:\/\/armazemon.com.br\/en\/wp-json\/wp\/v2\/media\/7322"}],"wp:attachment":[{"href":"https:\/\/armazemon.com.br\/en\/wp-json\/wp\/v2\/media?parent=7328"}],"wp:term":[{"taxonomy":"product_brand","embeddable":true,"href":"https:\/\/armazemon.com.br\/en\/wp-json\/wp\/v2\/product_brand?post=7328"},{"taxonomy":"product_cat","embeddable":true,"href":"https:\/\/armazemon.com.br\/en\/wp-json\/wp\/v2\/product_cat?post=7328"},{"taxonomy":"product_tag","embeddable":true,"href":"https:\/\/armazemon.com.br\/en\/wp-json\/wp\/v2\/product_tag?post=7328"}],"curies":[{"name":"wp","href":"https:\/\/api.w.org\/{rel}","templated":true}]}}