{"id":7331,"date":"2025-12-31T16:39:42","date_gmt":"2025-12-31T16:39:42","guid":{"rendered":"https:\/\/armazemon.com.br\/produto\/pe-de-cabra-liso-guepar-75cm\/"},"modified":"2026-01-28T17:56:56","modified_gmt":"2026-01-28T17:56:56","slug":"pe-de-cabra-liso-guepar-75cm","status":"publish","type":"product","link":"https:\/\/armazemon.com.br\/en\/product\/pe-de-cabra-liso-guepar-75cm\/","title":{"rendered":"P\u00e9 de cabra liso Guepar 75cm"},"content":{"rendered":"<p style=\"padding: 0px;font-family: Barlow, sans-serif;font-size: 16px\"><span style=\"margin: 0px;padding: 0px\">Projetado para arrancar pregos e abrir estruturas de madeira, \u00e9 um item altamente resistente e seguro. \u00c9 o ajudante perfeito para voc\u00ea que trabalha na constru\u00e7\u00e3o civil ou com pequenos reparos.<\/span><\/p>\n<p style=\"padding: 0px;font-family: Barlow, sans-serif;font-size: 16px\"><span style=\"margin: 0px;padding: 0px\">\u00a0<\/span><\/p>\n<p style=\"padding: 0px;font-family: Barlow, sans-serif;font-size: 16px\"><span style=\"margin: 0px;padding: 0px\">Caracter\u00edsticas:<\/span><\/p>\n<p style=\"padding: 0px;font-family: Barlow, sans-serif;font-size: 16px\"><span style=\"margin: 0px;padding: 0px\">Liso<\/span><\/p>\n<p style=\"padding: 0px;font-family: Barlow, sans-serif;font-size: 16px\"><span style=\"margin: 0px;padding: 0px\">Forjado pintado<\/span><\/p>","protected":false},"excerpt":{"rendered":"<p style=\"padding: 0px;font-family: Barlow, sans-serif;font-size: 16px\"><span style=\"margin: 0px;padding: 0px\">Projetado para arrancar pregos e abrir estruturas de madeira, \u00e9 um item altamente resistente e seguro. \u00c9 o ajudante perfeito para voc\u00ea que trabalha na constru\u00e7\u00e3o civil ou com pequenos reparos.<\/span><\/p>\n<p style=\"padding: 0px;font-family: Barlow, sans-serif;font-size: 16px\"><span style=\"margin: 0px;padding: 0px\">\u00a0<\/span><\/p>\n<p style=\"padding: 0px;font-family: Barlow, sans-serif;font-size: 16px\">\u00a0<\/p>","protected":false},"featured_media":7329,"comment_status":"open","ping_status":"closed","template":"","meta":{"_acf_changed":false},"product_brand":[236],"product_cat":[203],"product_tag":[],"class_list":{"0":"post-7331","1":"product","2":"type-product","3":"status-publish","4":"has-post-thumbnail","6":"product_brand-guepar","7":"product_cat-ferramenta-para-construcao-civil","9":"first","10":"outofstock","11":"shipping-taxable","12":"purchasable","13":"product-type-simple"},"acf":[],"_links":{"self":[{"href":"https:\/\/armazemon.com.br\/en\/wp-json\/wp\/v2\/product\/7331","targetHints":{"allow":["GET"]}}],"collection":[{"href":"https:\/\/armazemon.com.br\/en\/wp-json\/wp\/v2\/product"}],"about":[{"href":"https:\/\/armazemon.com.br\/en\/wp-json\/wp\/v2\/types\/product"}],"replies":[{"embeddable":true,"href":"https:\/\/armazemon.com.br\/en\/wp-json\/wp\/v2\/comments?post=7331"}],"wp:featuredmedia":[{"embeddable":true,"href":"https:\/\/armazemon.com.br\/en\/wp-json\/wp\/v2\/media\/7329"}],"wp:attachment":[{"href":"https:\/\/armazemon.com.br\/en\/wp-json\/wp\/v2\/media?parent=7331"}],"wp:term":[{"taxonomy":"product_brand","embeddable":true,"href":"https:\/\/armazemon.com.br\/en\/wp-json\/wp\/v2\/product_brand?post=7331"},{"taxonomy":"product_cat","embeddable":true,"href":"https:\/\/armazemon.com.br\/en\/wp-json\/wp\/v2\/product_cat?post=7331"},{"taxonomy":"product_tag","embeddable":true,"href":"https:\/\/armazemon.com.br\/en\/wp-json\/wp\/v2\/product_tag?post=7331"}],"curies":[{"name":"wp","href":"https:\/\/api.w.org\/{rel}","templated":true}]}}